{"id":26168,"date":"2021-04-15T13:30:18","date_gmt":"2021-04-15T10:30:18","guid":{"rendered":"https:\/\/ddt.lv\/lv\/product\/savienojuma-vads-audio-3-5mm-spraudnis-3-5mm-ligzda-5m-emos\/"},"modified":"2026-04-17T12:05:18","modified_gmt":"2026-04-17T09:05:18","slug":"savienojuma-vads-audio-3-5mm-spraudnis-3-5mm-ligzda-5m-emos","status":"publish","type":"product","link":"https:\/\/ddt.lv\/lv\/product\/savienojuma-vads-audio-3-5mm-spraudnis-3-5mm-ligzda-5m-emos\/","title":{"rendered":"Savienojuma vads audio 3.5mm spraudnis &#8211; 3.5mm ligzda 5m EMOS"},"content":{"rendered":"<p>Stereo kabelis ar spraud\u0146iem 3,5 mm . Kabelis ir 5 m gar\u0161 un melns. Apzelt\u012bti savienot\u0101ji kvalitat\u012bvai sign\u0101la p\u0101rraidei.<\/p>","protected":false},"excerpt":{"rendered":"<p>Stereo kabelis ar spraud\u0146iem 3,5 mm . Kabelis ir 5 m gar\u0161 un melns. Apzelt\u012bti savienot\u0101ji kvalitat\u012bvai sign\u0101la p\u0101rraidei.<\/p>\n","protected":false},"featured_media":26185,"comment_status":"closed","ping_status":"closed","template":"","meta":{"inline_featured_image":false},"product_cat":[742],"product_tag":[],"yst_prominent_words":[],"class_list":{"0":"post-26168","1":"product","2":"type-product","3":"status-publish","4":"has-post-thumbnail","6":"product_cat-savienojuma-vadi","8":"first","9":"outofstock","10":"taxable","11":"shipping-taxable","12":"purchasable","13":"product-type-simple"},"jetpack_sharing_enabled":true,"_links":{"self":[{"href":"https:\/\/ddt.lv\/lv\/wp-json\/wp\/v2\/product\/26168"}],"collection":[{"href":"https:\/\/ddt.lv\/lv\/wp-json\/wp\/v2\/product"}],"about":[{"href":"https:\/\/ddt.lv\/lv\/wp-json\/wp\/v2\/types\/product"}],"replies":[{"embeddable":true,"href":"https:\/\/ddt.lv\/lv\/wp-json\/wp\/v2\/comments?post=26168"}],"wp:featuredmedia":[{"embeddable":true,"href":"https:\/\/ddt.lv\/lv\/wp-json\/wp\/v2\/media\/26185"}],"wp:attachment":[{"href":"https:\/\/ddt.lv\/lv\/wp-json\/wp\/v2\/media?parent=26168"}],"wp:term":[{"taxonomy":"product_cat","embeddable":true,"href":"https:\/\/ddt.lv\/lv\/wp-json\/wp\/v2\/product_cat?post=26168"},{"taxonomy":"product_tag","embeddable":true,"href":"https:\/\/ddt.lv\/lv\/wp-json\/wp\/v2\/product_tag?post=26168"},{"taxonomy":"yst_prominent_words","embeddable":true,"href":"https:\/\/ddt.lv\/lv\/wp-json\/wp\/v2\/yst_prominent_words?post=26168"}],"curies":[{"name":"wp","href":"https:\/\/api.w.org\/{rel}","templated":true}]}}