{"id":26165,"date":"2021-04-15T13:30:17","date_gmt":"2021-04-15T10:30:17","guid":{"rendered":"https:\/\/ddt.lv\/lv\/product\/savienojuma-vads-audiojack-3-5mm-spraudnis-3-5mm-spraudnis-3m-emos\/"},"modified":"2026-04-13T10:00:26","modified_gmt":"2026-04-13T07:00:26","slug":"savienojuma-vads-audiojack-3-5mm-spraudnis-3-5mm-spraudnis-3m-emos","status":"publish","type":"product","link":"https:\/\/ddt.lv\/lv\/product\/savienojuma-vads-audiojack-3-5mm-spraudnis-3-5mm-spraudnis-3m-emos\/","title":{"rendered":"Savienojuma vads audiojack 3.5mm spraudnis &#8211; 3.5mm spraudnis 3m EMOS"},"content":{"rendered":"<p>Stereo kabelis ar 3,5mm spraud\u0146iem . Kabelis ir 3 m gar\u0161 un melns. Kabelis ir piem\u0113rots datoriem, MP3, Ska\u013cru\u0146iem.u.c. Apzelt\u012bti savienot\u0101ji kvalitat\u012bvai sign\u0101la p\u0101rraidei. Lai samazin\u0101tu elektromagn\u0113tiskos trauc\u0113jumus, kabelis ir piln\u012bb\u0101 ekraniz\u0113ts.<\/p>","protected":false},"excerpt":{"rendered":"<p>Stereo kabelis ar 3,5mm spraud\u0146iem . Kabelis ir 3 m gar\u0161 un melns. Kabelis ir piem\u0113rots datoriem, MP3, Ska\u013cru\u0146iem.u.c. Apzelt\u012bti savienot\u0101ji kvalitat\u012bvai sign\u0101la p\u0101rraidei. Lai samazin\u0101tu elektromagn\u0113tiskos trauc\u0113jumus, kabelis ir piln\u012bb\u0101 ekraniz\u0113ts.<\/p>\n","protected":false},"featured_media":26182,"comment_status":"closed","ping_status":"closed","template":"","meta":{"inline_featured_image":false},"product_cat":[742],"product_tag":[],"yst_prominent_words":[],"class_list":{"0":"post-26165","1":"product","2":"type-product","3":"status-publish","4":"has-post-thumbnail","6":"product_cat-savienojuma-vadi","8":"first","9":"instock","10":"taxable","11":"shipping-taxable","12":"purchasable","13":"product-type-simple"},"jetpack_sharing_enabled":true,"_links":{"self":[{"href":"https:\/\/ddt.lv\/lv\/wp-json\/wp\/v2\/product\/26165"}],"collection":[{"href":"https:\/\/ddt.lv\/lv\/wp-json\/wp\/v2\/product"}],"about":[{"href":"https:\/\/ddt.lv\/lv\/wp-json\/wp\/v2\/types\/product"}],"replies":[{"embeddable":true,"href":"https:\/\/ddt.lv\/lv\/wp-json\/wp\/v2\/comments?post=26165"}],"wp:featuredmedia":[{"embeddable":true,"href":"https:\/\/ddt.lv\/lv\/wp-json\/wp\/v2\/media\/26182"}],"wp:attachment":[{"href":"https:\/\/ddt.lv\/lv\/wp-json\/wp\/v2\/media?parent=26165"}],"wp:term":[{"taxonomy":"product_cat","embeddable":true,"href":"https:\/\/ddt.lv\/lv\/wp-json\/wp\/v2\/product_cat?post=26165"},{"taxonomy":"product_tag","embeddable":true,"href":"https:\/\/ddt.lv\/lv\/wp-json\/wp\/v2\/product_tag?post=26165"},{"taxonomy":"yst_prominent_words","embeddable":true,"href":"https:\/\/ddt.lv\/lv\/wp-json\/wp\/v2\/yst_prominent_words?post=26165"}],"curies":[{"name":"wp","href":"https:\/\/api.w.org\/{rel}","templated":true}]}}