{"id":26162,"date":"2021-04-15T13:20:09","date_gmt":"2021-04-15T10:20:09","guid":{"rendered":"https:\/\/ddt.lv\/lv\/product\/2way-splitter-tv-kabela-sadalitajs-5-2400-mhz-em-2342-emos\/"},"modified":"2026-04-13T09:57:57","modified_gmt":"2026-04-13T06:57:57","slug":"2way-splitter-tv-kabela-sadalitajs-5-2400-mhz-em-2342-emos","status":"publish","type":"product","link":"https:\/\/ddt.lv\/lv\/product\/2way-splitter-tv-kabela-sadalitajs-5-2400-mhz-em-2342-emos\/","title":{"rendered":"2WAY SPLITTER TV kabe\u013ca sadal\u012bt\u0101js 5-2400 MHz EM-2342 EMOS"},"content":{"rendered":"<p>Vissvar\u012bg\u0101kie parametri;ieeju skaits 1;savienot\u0101ja tips F;izeju skaits 2;p\u0101rejas v\u0101jin\u0101jums 3,7 dB;frekven\u010du diapazons 5\u20132 400 MHz<\/p>","protected":false},"excerpt":{"rendered":"<p>Vissvar\u012bg\u0101kie parametri;ieeju skaits 1;savienot\u0101ja tips F;izeju skaits 2;p\u0101rejas v\u0101jin\u0101jums 3,7 dB;frekven\u010du diapazons 5\u20132 400 MHz<\/p>\n","protected":false},"featured_media":26169,"comment_status":"closed","ping_status":"closed","template":"","meta":{"inline_featured_image":false},"product_cat":[1442],"product_tag":[],"yst_prominent_words":[],"class_list":{"0":"post-26162","1":"product","2":"type-product","3":"status-publish","4":"has-post-thumbnail","6":"product_cat-tv-spliteri-sadalitaji","8":"first","9":"instock","10":"taxable","11":"shipping-taxable","12":"purchasable","13":"product-type-simple"},"jetpack_sharing_enabled":true,"_links":{"self":[{"href":"https:\/\/ddt.lv\/lv\/wp-json\/wp\/v2\/product\/26162"}],"collection":[{"href":"https:\/\/ddt.lv\/lv\/wp-json\/wp\/v2\/product"}],"about":[{"href":"https:\/\/ddt.lv\/lv\/wp-json\/wp\/v2\/types\/product"}],"replies":[{"embeddable":true,"href":"https:\/\/ddt.lv\/lv\/wp-json\/wp\/v2\/comments?post=26162"}],"wp:featuredmedia":[{"embeddable":true,"href":"https:\/\/ddt.lv\/lv\/wp-json\/wp\/v2\/media\/26169"}],"wp:attachment":[{"href":"https:\/\/ddt.lv\/lv\/wp-json\/wp\/v2\/media?parent=26162"}],"wp:term":[{"taxonomy":"product_cat","embeddable":true,"href":"https:\/\/ddt.lv\/lv\/wp-json\/wp\/v2\/product_cat?post=26162"},{"taxonomy":"product_tag","embeddable":true,"href":"https:\/\/ddt.lv\/lv\/wp-json\/wp\/v2\/product_tag?post=26162"},{"taxonomy":"yst_prominent_words","embeddable":true,"href":"https:\/\/ddt.lv\/lv\/wp-json\/wp\/v2\/yst_prominent_words?post=26162"}],"curies":[{"name":"wp","href":"https:\/\/api.w.org\/{rel}","templated":true}]}}