{"id":26132,"date":"2021-04-14T13:30:11","date_gmt":"2021-04-14T10:30:11","guid":{"rendered":"https:\/\/ddt.lv\/lv\/product\/led-solar-prozektors-melns-apals-15w-4k-600lm-ip65-ar-sens-entac\/"},"modified":"2026-04-08T14:36:05","modified_gmt":"2026-04-08T11:36:05","slug":"led-solar-prozektors-melns-apals-15w-4k-600lm-ip65-ar-sens-entac","status":"publish","type":"product","link":"https:\/\/ddt.lv\/lv\/product\/led-solar-prozektors-melns-apals-15w-4k-600lm-ip65-ar-sens-entac\/","title":{"rendered":"LED Solar pro\u017eektors melns apa\u013c\u0161 15W 4K 600lm IP65 ar sens.ENTAC"},"content":{"rendered":"<p>Materi\u0101ls: ASB plastmasa.Gaismas pl\u016bsma: 600 Lm.Jauda: 15W.Ar akumulatoru darbin\u0101ms: 18650, 2400mAh (ieb\u016bv\u0113ts). Uzl\u0101de no saules ener\u0123ijas. Pirms pirm\u0101s lieto\u0161anas turiet saul\u0113 12 stundas. l\u012bdz piln\u012bb\u0101 uzl\u0101d\u0113ts. Darb\u012bbas laiks l\u012bdz 6 stund\u0101m. Autom\u0101tiska iesl\u0113g\u0161ana \/ izsl\u0113g\u0161ana.PIR sensors: 3-5 m. 2 re\u017e\u012bmi 100 un 50 procenti. IP65.<\/p>","protected":false},"excerpt":{"rendered":"<p>Materi\u0101ls: ASB plastmasa.Gaismas pl\u016bsma: 600 Lm.Jauda: 15W.Ar akumulatoru darbin\u0101ms: 18650, 2400mAh (ieb\u016bv\u0113ts). Uzl\u0101de no saules ener\u0123ijas. Pirms pirm\u0101s lieto\u0161anas turiet saul\u0113 12 stundas. l\u012bdz piln\u012bb\u0101 uzl\u0101d\u0113ts. Darb\u012bbas laiks l\u012bdz 6 stund\u0101m. Autom\u0101tiska iesl\u0113g\u0161ana \/ izsl\u0113g\u0161ana.PIR sensors: 3-5 m. 2 re\u017e\u012bmi 100 un 50 procenti. IP65.<\/p>\n","protected":false},"featured_media":26154,"comment_status":"closed","ping_status":"closed","template":"","meta":{"inline_featured_image":false},"product_cat":[1587,772,908],"product_tag":[],"yst_prominent_words":[],"class_list":{"0":"post-26132","1":"product","2":"type-product","3":"status-publish","4":"has-post-thumbnail","6":"product_cat-apgaismojums-virtenes","7":"product_cat-atlaides","8":"product_cat-led-prozektori","10":"first","11":"instock","12":"sale","13":"taxable","14":"shipping-taxable","15":"purchasable","16":"product-type-simple"},"jetpack_sharing_enabled":true,"_links":{"self":[{"href":"https:\/\/ddt.lv\/lv\/wp-json\/wp\/v2\/product\/26132"}],"collection":[{"href":"https:\/\/ddt.lv\/lv\/wp-json\/wp\/v2\/product"}],"about":[{"href":"https:\/\/ddt.lv\/lv\/wp-json\/wp\/v2\/types\/product"}],"replies":[{"embeddable":true,"href":"https:\/\/ddt.lv\/lv\/wp-json\/wp\/v2\/comments?post=26132"}],"wp:featuredmedia":[{"embeddable":true,"href":"https:\/\/ddt.lv\/lv\/wp-json\/wp\/v2\/media\/26154"}],"wp:attachment":[{"href":"https:\/\/ddt.lv\/lv\/wp-json\/wp\/v2\/media?parent=26132"}],"wp:term":[{"taxonomy":"product_cat","embeddable":true,"href":"https:\/\/ddt.lv\/lv\/wp-json\/wp\/v2\/product_cat?post=26132"},{"taxonomy":"product_tag","embeddable":true,"href":"https:\/\/ddt.lv\/lv\/wp-json\/wp\/v2\/product_tag?post=26132"},{"taxonomy":"yst_prominent_words","embeddable":true,"href":"https:\/\/ddt.lv\/lv\/wp-json\/wp\/v2\/yst_prominent_words?post=26132"}],"curies":[{"name":"wp","href":"https:\/\/api.w.org\/{rel}","templated":true}]}}