{"id":26130,"date":"2021-04-14T13:30:10","date_gmt":"2021-04-14T10:30:10","guid":{"rendered":"https:\/\/ddt.lv\/lv\/product\/led-prozektors-parnesajams-accu-cob-6w-ip65-240lm-180-6500k-entac\/"},"modified":"2026-04-06T10:52:55","modified_gmt":"2026-04-06T07:52:55","slug":"led-prozektors-parnesajams-accu-cob-6w-ip65-240lm-180-6500k-entac","status":"publish","type":"product","link":"https:\/\/ddt.lv\/lv\/product\/led-prozektors-parnesajams-accu-cob-6w-ip65-240lm-180-6500k-entac\/","title":{"rendered":"LED pro\u017eektors p\u0101rn\u0113s\u0101jams ACCU COB 6W IP65 240lm 180&#8242; 6500K ENTAC"},"content":{"rendered":"<p>Entac Dual Battery uzl\u0101d\u0113jamie darba lukturi ir ide\u0101la izv\u0113le \u0113rtiem remontdarbiem. IP65 aizsardz\u012bbas d\u0113\u013c divu akumulatoru uzl\u0101d\u0113jams lukturis ir patiesi iztur\u012bgs, un to var izmantot ar\u012b mitros apst\u0101k\u013cos. Produktam ir 1 COB gaismas avots ar 6W jaudu un 240 l\u016bmenu spilgtumu, un s\u0101nos ir balts 1W LED, kas nodro\u0161ina daudzfunkcion\u0101las apgaismojuma iesp\u0113jas. Divu 18650 akumulatoru uzl\u0101des laiks: 5 stundas, darb\u012bbas laiks l\u012bdz 10 stund\u0101m. Ja nepiecie\u0161ams, izstr\u0101d\u0101jums darbojas ar\u012b ar 3 AA baterij\u0101m. Izmantojot Power Bank funkciju, ar\u012b citas j\u016bsu elektrisk\u0101s ier\u012bces var piek\u013c\u016bt str\u0101vai.<\/p>","protected":false},"excerpt":{"rendered":"<p>Entac Dual Battery uzl\u0101d\u0113jamie darba lukturi ir ide\u0101la izv\u0113le \u0113rtiem remontdarbiem. IP65 aizsardz\u012bbas d\u0113\u013c divu akumulatoru uzl\u0101d\u0113jams lukturis ir patiesi iztur\u012bgs, un to var izmantot ar\u012b mitros apst\u0101k\u013cos. Produktam ir 1 COB gaismas avots ar 6W jaudu un 240 l\u016bmenu spilgtumu, un s\u0101nos ir balts 1W LED, kas nodro\u0161ina daudzfunkcion\u0101las apgaismojuma iesp\u0113jas. Divu 18650 akumulatoru [&hellip;]<\/p>\n","protected":false},"featured_media":26151,"comment_status":"closed","ping_status":"closed","template":"","meta":{"inline_featured_image":false},"product_cat":[728],"product_tag":[],"yst_prominent_words":[],"class_list":{"0":"post-26130","1":"product","2":"type-product","3":"status-publish","4":"has-post-thumbnail","6":"product_cat-ar-magnetu","8":"first","9":"instock","10":"taxable","11":"shipping-taxable","12":"purchasable","13":"product-type-simple"},"jetpack_sharing_enabled":true,"_links":{"self":[{"href":"https:\/\/ddt.lv\/lv\/wp-json\/wp\/v2\/product\/26130"}],"collection":[{"href":"https:\/\/ddt.lv\/lv\/wp-json\/wp\/v2\/product"}],"about":[{"href":"https:\/\/ddt.lv\/lv\/wp-json\/wp\/v2\/types\/product"}],"replies":[{"embeddable":true,"href":"https:\/\/ddt.lv\/lv\/wp-json\/wp\/v2\/comments?post=26130"}],"wp:featuredmedia":[{"embeddable":true,"href":"https:\/\/ddt.lv\/lv\/wp-json\/wp\/v2\/media\/26151"}],"wp:attachment":[{"href":"https:\/\/ddt.lv\/lv\/wp-json\/wp\/v2\/media?parent=26130"}],"wp:term":[{"taxonomy":"product_cat","embeddable":true,"href":"https:\/\/ddt.lv\/lv\/wp-json\/wp\/v2\/product_cat?post=26130"},{"taxonomy":"product_tag","embeddable":true,"href":"https:\/\/ddt.lv\/lv\/wp-json\/wp\/v2\/product_tag?post=26130"},{"taxonomy":"yst_prominent_words","embeddable":true,"href":"https:\/\/ddt.lv\/lv\/wp-json\/wp\/v2\/yst_prominent_words?post=26130"}],"curies":[{"name":"wp","href":"https:\/\/api.w.org\/{rel}","templated":true}]}}