{"id":26129,"date":"2021-04-14T13:30:09","date_gmt":"2021-04-14T10:30:09","guid":{"rendered":"https:\/\/ddt.lv\/lv\/product\/lukturis-uzladejams-kempinga-5w-400lm-ip44-entac\/"},"modified":"2026-04-13T09:52:26","modified_gmt":"2026-04-13T06:52:26","slug":"lukturis-uzladejams-kempinga-5w-400lm-ip44-entac","status":"publish","type":"product","link":"https:\/\/ddt.lv\/lv\/product\/lukturis-uzladejams-kempinga-5w-400lm-ip44-entac\/","title":{"rendered":"Lukturis uzl\u0101d\u0113jams kempinga 5W 400lm IP44 ENTAC"},"content":{"rendered":"<p>400Lm ;5W LED;ASB plastmasa;Var darboties k\u0101 t\u016brisma lampa.<br \/>\n  Mikro USB kabelis.Darbojas ar akumulatoru 18650, 2000mAh (ieb\u016bv\u0113ts).<br \/>\n    IP44.<br \/>\n    Darbojas l\u012bdz 10 st.<br \/>\n    Luktura svars: 300g<\/p>","protected":false},"excerpt":{"rendered":"<p>400Lm ;5W LED;ASB plastmasa;Var darboties k\u0101 t\u016brisma lampa. Mikro USB kabelis.Darbojas ar akumulatoru 18650, 2000mAh (ieb\u016bv\u0113ts). IP44. Darbojas l\u012bdz 10 st. Luktura svars: 300g<\/p>\n","protected":false},"featured_media":26143,"comment_status":"closed","ping_status":"closed","template":"","meta":{"inline_featured_image":false},"product_cat":[726],"product_tag":[],"yst_prominent_words":[],"class_list":{"0":"post-26129","1":"product","2":"type-product","3":"status-publish","4":"has-post-thumbnail","6":"product_cat-kabatas","8":"first","9":"outofstock","10":"taxable","11":"shipping-taxable","12":"purchasable","13":"product-type-simple"},"jetpack_sharing_enabled":true,"_links":{"self":[{"href":"https:\/\/ddt.lv\/lv\/wp-json\/wp\/v2\/product\/26129"}],"collection":[{"href":"https:\/\/ddt.lv\/lv\/wp-json\/wp\/v2\/product"}],"about":[{"href":"https:\/\/ddt.lv\/lv\/wp-json\/wp\/v2\/types\/product"}],"replies":[{"embeddable":true,"href":"https:\/\/ddt.lv\/lv\/wp-json\/wp\/v2\/comments?post=26129"}],"wp:featuredmedia":[{"embeddable":true,"href":"https:\/\/ddt.lv\/lv\/wp-json\/wp\/v2\/media\/26143"}],"wp:attachment":[{"href":"https:\/\/ddt.lv\/lv\/wp-json\/wp\/v2\/media?parent=26129"}],"wp:term":[{"taxonomy":"product_cat","embeddable":true,"href":"https:\/\/ddt.lv\/lv\/wp-json\/wp\/v2\/product_cat?post=26129"},{"taxonomy":"product_tag","embeddable":true,"href":"https:\/\/ddt.lv\/lv\/wp-json\/wp\/v2\/product_tag?post=26129"},{"taxonomy":"yst_prominent_words","embeddable":true,"href":"https:\/\/ddt.lv\/lv\/wp-json\/wp\/v2\/yst_prominent_words?post=26129"}],"curies":[{"name":"wp","href":"https:\/\/api.w.org\/{rel}","templated":true}]}}