{"id":26128,"date":"2021-04-14T13:30:08","date_gmt":"2021-04-14T10:30:08","guid":{"rendered":"https:\/\/ddt.lv\/lv\/product\/lukturis-5w-led-500lm-ip44-aluminija-melns-nolokams3xaaa-entac\/"},"modified":"2026-04-09T16:16:08","modified_gmt":"2026-04-09T13:16:08","slug":"lukturis-5w-led-500lm-ip44-aluminija-melns-nolokams3xaaa-entac","status":"publish","type":"product","link":"https:\/\/ddt.lv\/lv\/product\/lukturis-5w-led-500lm-ip44-aluminija-melns-nolokams3xaaa-entac\/","title":{"rendered":"Lukturis 5W LED 500lm IP44 alum\u012bnija melns nolok\u0101ms(3xAAA) ENTAC"},"content":{"rendered":"<p>500Lm,<br \/>\n    5W LED<br \/>\n    Pagrie\u017eama galva 90 \u00b0<br \/>\n    Materi\u0101ls: alum\u012bnijs<br \/>\n    Darbojas no 3 x AAA<br \/>\n    Bez baterij\u0101m<br \/>\n    IP44<br \/>\n    Gaisma l\u012bdz 150m<br \/>\n    40x40x140mm<br \/>\n    Iepakojums: 108mm x 30mm x 184mm<br \/>\n    Svars: 210g<\/p>","protected":false},"excerpt":{"rendered":"<p>500Lm, 5W LED Pagrie\u017eama galva 90 \u00b0 Materi\u0101ls: alum\u012bnijs Darbojas no 3 x AAA Bez baterij\u0101m IP44 Gaisma l\u012bdz 150m 40x40x140mm Iepakojums: 108mm x 30mm x 184mm Svars: 210g<\/p>\n","protected":false},"featured_media":26137,"comment_status":"closed","ping_status":"closed","template":"","meta":{"inline_featured_image":false},"product_cat":[727,726],"product_tag":[],"yst_prominent_words":[],"class_list":{"0":"post-26128","1":"product","2":"type-product","3":"status-publish","4":"has-post-thumbnail","6":"product_cat-galvas","7":"product_cat-kabatas","9":"first","10":"outofstock","11":"taxable","12":"shipping-taxable","13":"purchasable","14":"product-type-simple"},"jetpack_sharing_enabled":true,"_links":{"self":[{"href":"https:\/\/ddt.lv\/lv\/wp-json\/wp\/v2\/product\/26128"}],"collection":[{"href":"https:\/\/ddt.lv\/lv\/wp-json\/wp\/v2\/product"}],"about":[{"href":"https:\/\/ddt.lv\/lv\/wp-json\/wp\/v2\/types\/product"}],"replies":[{"embeddable":true,"href":"https:\/\/ddt.lv\/lv\/wp-json\/wp\/v2\/comments?post=26128"}],"wp:featuredmedia":[{"embeddable":true,"href":"https:\/\/ddt.lv\/lv\/wp-json\/wp\/v2\/media\/26137"}],"wp:attachment":[{"href":"https:\/\/ddt.lv\/lv\/wp-json\/wp\/v2\/media?parent=26128"}],"wp:term":[{"taxonomy":"product_cat","embeddable":true,"href":"https:\/\/ddt.lv\/lv\/wp-json\/wp\/v2\/product_cat?post=26128"},{"taxonomy":"product_tag","embeddable":true,"href":"https:\/\/ddt.lv\/lv\/wp-json\/wp\/v2\/product_tag?post=26128"},{"taxonomy":"yst_prominent_words","embeddable":true,"href":"https:\/\/ddt.lv\/lv\/wp-json\/wp\/v2\/yst_prominent_words?post=26128"}],"curies":[{"name":"wp","href":"https:\/\/api.w.org\/{rel}","templated":true}]}}