{"id":26127,"date":"2021-04-14T13:30:08","date_gmt":"2021-04-14T10:30:08","guid":{"rendered":"https:\/\/ddt.lv\/lv\/product\/lukturis-led-xm-l-t6-5w-400lm-2x18650-ip65-ar-rokturi-entac\/"},"modified":"2026-04-08T14:27:46","modified_gmt":"2026-04-08T11:27:46","slug":"lukturis-led-xm-l-t6-5w-400lm-2x18650-ip65-ar-rokturi-entac","status":"publish","type":"product","link":"https:\/\/ddt.lv\/lv\/product\/lukturis-led-xm-l-t6-5w-400lm-2x18650-ip65-ar-rokturi-entac\/","title":{"rendered":"Lukturis LED XM-L T6 5W 400lm 2&#215;18650 IP65 ar rokturi ENTAC"},"content":{"rendered":"<p>Entac 5W T6 alum\u012bnija luktur\u012b\u0161i nodro\u0161in\u0101s nepiecie\u0161amo gaismu jebkur\u0101 situ\u0101cij\u0101. Lai tas b\u016btu str\u0101vas padeves p\u0101rtraukums, ekskursija, tum\u0161s ziemas r\u012bts vai k\u0101da cita situ\u0101cija, m\u016bsu luktur\u012b\u0161i noder\u0113s. M\u016bsu 5W T6 alum\u012bnija luktur\u012bti ar IP65 aizsardz\u012bbu var izmantot ar\u012b mitros apst\u0101k\u013cos, savuk\u0101rt alum\u012bnija korpuss nodro\u0161ina t\u0101 iztur\u012bbu. Tas ir mazs un praktisks produkts, kuram pievienota unik\u0101la plastmasas glab\u0101\u0161anas kaste. Lampai ir 5 W jauda un 400 l\u016bmenu spilgtums, kas nodro\u0161ina redzes diapazonu l\u012bdz 150 metriem. Tas darbojas ar div\u0101m 18650 baterij\u0101m, kas pievienotas produktam, k\u0101 ar\u012b ar sienas l\u0101d\u0113t\u0101ja kabe\u013ca piederumu. T\u0101 darb\u012bbas laiks ir maksimums 6 stundas.<\/p>","protected":false},"excerpt":{"rendered":"<p>Entac 5W T6 alum\u012bnija luktur\u012b\u0161i nodro\u0161in\u0101s nepiecie\u0161amo gaismu jebkur\u0101 situ\u0101cij\u0101. Lai tas b\u016btu str\u0101vas padeves p\u0101rtraukums, ekskursija, tum\u0161s ziemas r\u012bts vai k\u0101da cita situ\u0101cija, m\u016bsu luktur\u012b\u0161i noder\u0113s. M\u016bsu 5W T6 alum\u012bnija luktur\u012bti ar IP65 aizsardz\u012bbu var izmantot ar\u012b mitros apst\u0101k\u013cos, savuk\u0101rt alum\u012bnija korpuss nodro\u0161ina t\u0101 iztur\u012bbu. Tas ir mazs un praktisks produkts, kuram pievienota unik\u0101la [&hellip;]<\/p>\n","protected":false},"featured_media":26140,"comment_status":"closed","ping_status":"closed","template":"","meta":{"inline_featured_image":false},"product_cat":[726],"product_tag":[],"yst_prominent_words":[],"class_list":{"0":"post-26127","1":"product","2":"type-product","3":"status-publish","4":"has-post-thumbnail","6":"product_cat-kabatas","8":"first","9":"instock","10":"taxable","11":"shipping-taxable","12":"purchasable","13":"product-type-simple"},"jetpack_sharing_enabled":true,"_links":{"self":[{"href":"https:\/\/ddt.lv\/lv\/wp-json\/wp\/v2\/product\/26127"}],"collection":[{"href":"https:\/\/ddt.lv\/lv\/wp-json\/wp\/v2\/product"}],"about":[{"href":"https:\/\/ddt.lv\/lv\/wp-json\/wp\/v2\/types\/product"}],"replies":[{"embeddable":true,"href":"https:\/\/ddt.lv\/lv\/wp-json\/wp\/v2\/comments?post=26127"}],"wp:featuredmedia":[{"embeddable":true,"href":"https:\/\/ddt.lv\/lv\/wp-json\/wp\/v2\/media\/26140"}],"wp:attachment":[{"href":"https:\/\/ddt.lv\/lv\/wp-json\/wp\/v2\/media?parent=26127"}],"wp:term":[{"taxonomy":"product_cat","embeddable":true,"href":"https:\/\/ddt.lv\/lv\/wp-json\/wp\/v2\/product_cat?post=26127"},{"taxonomy":"product_tag","embeddable":true,"href":"https:\/\/ddt.lv\/lv\/wp-json\/wp\/v2\/product_tag?post=26127"},{"taxonomy":"yst_prominent_words","embeddable":true,"href":"https:\/\/ddt.lv\/lv\/wp-json\/wp\/v2\/yst_prominent_words?post=26127"}],"curies":[{"name":"wp","href":"https:\/\/api.w.org\/{rel}","templated":true}]}}