{"id":26116,"date":"2021-04-13T14:00:08","date_gmt":"2021-04-13T11:00:08","guid":{"rendered":"https:\/\/ddt.lv\/lv\/product\/16701-indestructible-led-key-chain-14903-bl1-lukturis-varta\/"},"modified":"2026-05-02T11:57:37","modified_gmt":"2026-05-02T08:57:37","slug":"16701-indestructible-led-key-chain-14903-bl1-lukturis-varta","status":"publish","type":"product","link":"https:\/\/ddt.lv\/lv\/product\/16701-indestructible-led-key-chain-14903-bl1-lukturis-varta\/","title":{"rendered":"16701 INDESTRUCTIBLE LED KEY CHAIN 1*4903 BL1 lukturis VARTA"},"content":{"rendered":"<p>Balts 5mm LED nodro\u0161ina uzlabotu gaismas staru.<br \/>\n    \u013boti iztur\u012bgs (9 m kritiena tests) un \u016bdens iztur\u012bgs (IPX4).<br \/>\n    Gumijas galva un uzgalis maksim\u0101lai iztur\u012bbai.<\/p>\n<p>    Ietverts atsl\u0113gu gredzens.<\/p>\n<p><\/p>","protected":false},"excerpt":{"rendered":"<p>Balts 5mm LED nodro\u0161ina uzlabotu gaismas staru. \u013boti iztur\u012bgs (9 m kritiena tests) un \u016bdens iztur\u012bgs (IPX4). Gumijas galva un uzgalis maksim\u0101lai iztur\u012bbai. Ietverts atsl\u0113gu gredzens.<\/p>\n","protected":false},"featured_media":26119,"comment_status":"closed","ping_status":"closed","template":"","meta":{"inline_featured_image":false},"product_cat":[772,726],"product_tag":[],"yst_prominent_words":[],"class_list":{"0":"post-26116","1":"product","2":"type-product","3":"status-publish","4":"has-post-thumbnail","6":"product_cat-atlaides","7":"product_cat-kabatas","9":"first","10":"instock","11":"sale","12":"taxable","13":"shipping-taxable","14":"purchasable","15":"product-type-simple"},"jetpack_sharing_enabled":true,"_links":{"self":[{"href":"https:\/\/ddt.lv\/lv\/wp-json\/wp\/v2\/product\/26116"}],"collection":[{"href":"https:\/\/ddt.lv\/lv\/wp-json\/wp\/v2\/product"}],"about":[{"href":"https:\/\/ddt.lv\/lv\/wp-json\/wp\/v2\/types\/product"}],"replies":[{"embeddable":true,"href":"https:\/\/ddt.lv\/lv\/wp-json\/wp\/v2\/comments?post=26116"}],"wp:featuredmedia":[{"embeddable":true,"href":"https:\/\/ddt.lv\/lv\/wp-json\/wp\/v2\/media\/26119"}],"wp:attachment":[{"href":"https:\/\/ddt.lv\/lv\/wp-json\/wp\/v2\/media?parent=26116"}],"wp:term":[{"taxonomy":"product_cat","embeddable":true,"href":"https:\/\/ddt.lv\/lv\/wp-json\/wp\/v2\/product_cat?post=26116"},{"taxonomy":"product_tag","embeddable":true,"href":"https:\/\/ddt.lv\/lv\/wp-json\/wp\/v2\/product_tag?post=26116"},{"taxonomy":"yst_prominent_words","embeddable":true,"href":"https:\/\/ddt.lv\/lv\/wp-json\/wp\/v2\/yst_prominent_words?post=26116"}],"curies":[{"name":"wp","href":"https:\/\/api.w.org\/{rel}","templated":true}]}}