{"id":26060,"date":"2021-04-08T12:20:18","date_gmt":"2021-04-08T09:20:18","guid":{"rendered":"https:\/\/ddt.lv\/lv\/product\/5w-led-lukturis-uzladejams-work-flex-bl30r-light-varta\/"},"modified":"2026-04-13T10:02:34","modified_gmt":"2026-04-13T07:02:34","slug":"5w-led-lukturis-uzladejams-work-flex-bl30r-light-varta","status":"publish","type":"product","link":"https:\/\/ddt.lv\/lv\/product\/18647-work-flex-stadium-1450lm-ladejams-lukturis-varta-bl1\/","title":{"rendered":"18647 WORK FLEX STADIUM 1450lm ladejams Lukturis VARTA"},"content":{"rendered":"<p>Li-Ion uzl\u0101d\u0113jams akumulators<br \/>\n    L\u012bdz 1450 lm (3 gaismas re\u017e\u012bmi).<br \/>\n    COB LED tehnolo\u0123ija.<br \/>\n    2 m kritiena tests;<br \/>\n    IP54 iztur\u012bgs pret \u016bdeni un putek\u013ciem.<br \/>\n    L\u012bdz 15 h darb\u012bbas laiks.<br \/>\n    Ieskaitot 1 m l\u0101d\u0113\u0161anas kabeli.<br \/>\n    Zema akumulatora indikatora indikators (sarkans un zils).<br \/>\n    Regul\u0113jams stat\u012bvs (7 poz\u012bcijas)<br \/>\n    pak\u0101r\u0161anai vai st\u0101v\u0113\u0161anai.<br \/>\n    Integr\u0113ts \u0101\u0137is roktur\u012b.<\/p>","protected":false},"excerpt":{"rendered":"<p>L\u0101d\u0113jams Lukturis VARTA<\/p>\n","protected":false},"featured_media":26091,"comment_status":"closed","ping_status":"closed","template":"","meta":{"inline_featured_image":false},"product_cat":[772,726],"product_tag":[],"yst_prominent_words":[],"class_list":{"0":"post-26060","1":"product","2":"type-product","3":"status-publish","4":"has-post-thumbnail","6":"product_cat-atlaides","7":"product_cat-kabatas","9":"first","10":"instock","11":"sale","12":"taxable","13":"shipping-taxable","14":"purchasable","15":"product-type-simple"},"jetpack_sharing_enabled":true,"_links":{"self":[{"href":"https:\/\/ddt.lv\/lv\/wp-json\/wp\/v2\/product\/26060"}],"collection":[{"href":"https:\/\/ddt.lv\/lv\/wp-json\/wp\/v2\/product"}],"about":[{"href":"https:\/\/ddt.lv\/lv\/wp-json\/wp\/v2\/types\/product"}],"replies":[{"embeddable":true,"href":"https:\/\/ddt.lv\/lv\/wp-json\/wp\/v2\/comments?post=26060"}],"wp:featuredmedia":[{"embeddable":true,"href":"https:\/\/ddt.lv\/lv\/wp-json\/wp\/v2\/media\/26091"}],"wp:attachment":[{"href":"https:\/\/ddt.lv\/lv\/wp-json\/wp\/v2\/media?parent=26060"}],"wp:term":[{"taxonomy":"product_cat","embeddable":true,"href":"https:\/\/ddt.lv\/lv\/wp-json\/wp\/v2\/product_cat?post=26060"},{"taxonomy":"product_tag","embeddable":true,"href":"https:\/\/ddt.lv\/lv\/wp-json\/wp\/v2\/product_tag?post=26060"},{"taxonomy":"yst_prominent_words","embeddable":true,"href":"https:\/\/ddt.lv\/lv\/wp-json\/wp\/v2\/yst_prominent_words?post=26060"}],"curies":[{"name":"wp","href":"https:\/\/api.w.org\/{rel}","templated":true}]}}