{"id":25955,"date":"2021-03-31T20:50:21","date_gmt":"2021-03-31T17:50:21","guid":{"rendered":"https:\/\/ddt.lv\/lv\/product\/valena-kontaktligzda-akustiskas-sistemas-pieslegsanai-balts-legrand\/"},"modified":"2026-04-13T09:51:44","modified_gmt":"2026-04-13T06:51:44","slug":"valena-kontaktligzda-akustiskas-sistemas-pieslegsanai-balts-legrand","status":"publish","type":"product","link":"https:\/\/ddt.lv\/lv\/product\/valena-kontaktligzda-akustiskas-sistemas-pieslegsanai-balts-legrand\/","title":{"rendered":"VALENA Kontaktligzda akustisk\u0101s sist\u0113mas piesl\u0113g\u0161anai balts Legrand"},"content":{"rendered":"","protected":false},"excerpt":{"rendered":"","protected":false},"featured_media":26004,"comment_status":"closed","ping_status":"closed","template":"","meta":{"inline_featured_image":false},"product_cat":[1301,772],"product_tag":[],"yst_prominent_words":[],"class_list":{"0":"post-25955","1":"product","2":"type-product","3":"status-publish","4":"has-post-thumbnail","6":"product_cat-rozetes","7":"product_cat-atlaides","9":"first","10":"instock","11":"sale","12":"taxable","13":"shipping-taxable","14":"purchasable","15":"product-type-simple"},"jetpack_sharing_enabled":true,"_links":{"self":[{"href":"https:\/\/ddt.lv\/lv\/wp-json\/wp\/v2\/product\/25955"}],"collection":[{"href":"https:\/\/ddt.lv\/lv\/wp-json\/wp\/v2\/product"}],"about":[{"href":"https:\/\/ddt.lv\/lv\/wp-json\/wp\/v2\/types\/product"}],"replies":[{"embeddable":true,"href":"https:\/\/ddt.lv\/lv\/wp-json\/wp\/v2\/comments?post=25955"}],"wp:featuredmedia":[{"embeddable":true,"href":"https:\/\/ddt.lv\/lv\/wp-json\/wp\/v2\/media\/26004"}],"wp:attachment":[{"href":"https:\/\/ddt.lv\/lv\/wp-json\/wp\/v2\/media?parent=25955"}],"wp:term":[{"taxonomy":"product_cat","embeddable":true,"href":"https:\/\/ddt.lv\/lv\/wp-json\/wp\/v2\/product_cat?post=25955"},{"taxonomy":"product_tag","embeddable":true,"href":"https:\/\/ddt.lv\/lv\/wp-json\/wp\/v2\/product_tag?post=25955"},{"taxonomy":"yst_prominent_words","embeddable":true,"href":"https:\/\/ddt.lv\/lv\/wp-json\/wp\/v2\/yst_prominent_words?post=25955"}],"curies":[{"name":"wp","href":"https:\/\/api.w.org\/{rel}","templated":true}]}}