{"id":25953,"date":"2021-03-31T20:50:20","date_gmt":"2021-03-31T17:50:20","guid":{"rendered":"https:\/\/ddt.lv\/lv\/product\/valena-kontaktligzda-akustiskas-sistemas-pieslegsanai-krems-legrand\/"},"modified":"2026-04-08T14:28:11","modified_gmt":"2026-04-08T11:28:11","slug":"valena-kontaktligzda-akustiskas-sistemas-pieslegsanai-krems-legrand","status":"publish","type":"product","link":"https:\/\/ddt.lv\/lv\/product\/valena-kontaktligzda-akustiskas-sistemas-pieslegsanai-krems-legrand\/","title":{"rendered":"VALENA Kontaktligzda akustisk\u0101s sist\u0113mas piesl\u0113g\u0161anai kr\u0113ms Legrand"},"content":{"rendered":"","protected":false},"excerpt":{"rendered":"","protected":false},"featured_media":26006,"comment_status":"closed","ping_status":"closed","template":"","meta":{"inline_featured_image":false},"product_cat":[1301,772],"product_tag":[],"yst_prominent_words":[],"class_list":{"0":"post-25953","1":"product","2":"type-product","3":"status-publish","4":"has-post-thumbnail","6":"product_cat-rozetes","7":"product_cat-atlaides","9":"first","10":"instock","11":"sale","12":"taxable","13":"shipping-taxable","14":"purchasable","15":"product-type-simple"},"jetpack_sharing_enabled":true,"_links":{"self":[{"href":"https:\/\/ddt.lv\/lv\/wp-json\/wp\/v2\/product\/25953"}],"collection":[{"href":"https:\/\/ddt.lv\/lv\/wp-json\/wp\/v2\/product"}],"about":[{"href":"https:\/\/ddt.lv\/lv\/wp-json\/wp\/v2\/types\/product"}],"replies":[{"embeddable":true,"href":"https:\/\/ddt.lv\/lv\/wp-json\/wp\/v2\/comments?post=25953"}],"wp:featuredmedia":[{"embeddable":true,"href":"https:\/\/ddt.lv\/lv\/wp-json\/wp\/v2\/media\/26006"}],"wp:attachment":[{"href":"https:\/\/ddt.lv\/lv\/wp-json\/wp\/v2\/media?parent=25953"}],"wp:term":[{"taxonomy":"product_cat","embeddable":true,"href":"https:\/\/ddt.lv\/lv\/wp-json\/wp\/v2\/product_cat?post=25953"},{"taxonomy":"product_tag","embeddable":true,"href":"https:\/\/ddt.lv\/lv\/wp-json\/wp\/v2\/product_tag?post=25953"},{"taxonomy":"yst_prominent_words","embeddable":true,"href":"https:\/\/ddt.lv\/lv\/wp-json\/wp\/v2\/yst_prominent_words?post=25953"}],"curies":[{"name":"wp","href":"https:\/\/api.w.org\/{rel}","templated":true}]}}