{"id":25756,"date":"2021-03-23T14:40:25","date_gmt":"2021-03-23T12:40:25","guid":{"rendered":"https:\/\/ddt.lv\/lv\/product\/legrand-tv-caurejosa-sleguma-k-ligzda-cariva-krems\/"},"modified":"2026-04-13T09:57:39","modified_gmt":"2026-04-13T06:57:39","slug":"legrand-tv-caurejosa-sleguma-k-ligzda-cariva-krems","status":"publish","type":"product","link":"https:\/\/ddt.lv\/lv\/product\/legrand-tv-caurejosa-sleguma-k-ligzda-cariva-krems\/","title":{"rendered":"Legrand TV caurejo\u0161a sl\u0113guma k-ligzda CARIVA kr\u0113ms"},"content":{"rendered":"","protected":false},"excerpt":{"rendered":"","protected":false},"featured_media":25770,"comment_status":"closed","ping_status":"closed","template":"","meta":{"inline_featured_image":false},"product_cat":[1305,772],"product_tag":[],"yst_prominent_words":[],"class_list":{"0":"post-25756","1":"product","2":"type-product","3":"status-publish","4":"has-post-thumbnail","6":"product_cat-tv-ligzdas","7":"product_cat-atlaides","9":"first","10":"instock","11":"sale","12":"taxable","13":"shipping-taxable","14":"purchasable","15":"product-type-simple"},"jetpack_sharing_enabled":true,"_links":{"self":[{"href":"https:\/\/ddt.lv\/lv\/wp-json\/wp\/v2\/product\/25756"}],"collection":[{"href":"https:\/\/ddt.lv\/lv\/wp-json\/wp\/v2\/product"}],"about":[{"href":"https:\/\/ddt.lv\/lv\/wp-json\/wp\/v2\/types\/product"}],"replies":[{"embeddable":true,"href":"https:\/\/ddt.lv\/lv\/wp-json\/wp\/v2\/comments?post=25756"}],"wp:featuredmedia":[{"embeddable":true,"href":"https:\/\/ddt.lv\/lv\/wp-json\/wp\/v2\/media\/25770"}],"wp:attachment":[{"href":"https:\/\/ddt.lv\/lv\/wp-json\/wp\/v2\/media?parent=25756"}],"wp:term":[{"taxonomy":"product_cat","embeddable":true,"href":"https:\/\/ddt.lv\/lv\/wp-json\/wp\/v2\/product_cat?post=25756"},{"taxonomy":"product_tag","embeddable":true,"href":"https:\/\/ddt.lv\/lv\/wp-json\/wp\/v2\/product_tag?post=25756"},{"taxonomy":"yst_prominent_words","embeddable":true,"href":"https:\/\/ddt.lv\/lv\/wp-json\/wp\/v2\/yst_prominent_words?post=25756"}],"curies":[{"name":"wp","href":"https:\/\/api.w.org\/{rel}","templated":true}]}}