{"id":25697,"date":"2021-03-22T20:00:23","date_gmt":"2021-03-22T18:00:23","guid":{"rendered":"https:\/\/ddt.lv\/lv\/product\/legrand-krustsledzis-1p-ar-taustinu-10a-cariva-krems\/"},"modified":"2026-04-08T14:27:13","modified_gmt":"2026-04-08T11:27:13","slug":"legrand-krustsledzis-1p-ar-taustinu-10a-cariva-krems","status":"publish","type":"product","link":"https:\/\/ddt.lv\/lv\/product\/legrand-krustsledzis-1p-ar-taustinu-10a-cariva-krems\/","title":{"rendered":"Legrand Krustsl\u0113dzis 1P ar tausti\u0146u 10A  CARIVA kr\u0113ms"},"content":{"rendered":"","protected":false},"excerpt":{"rendered":"","protected":false},"featured_media":25722,"comment_status":"closed","ping_status":"closed","template":"","meta":{"inline_featured_image":false},"product_cat":[1302,772],"product_tag":[],"yst_prominent_words":[],"class_list":{"0":"post-25697","1":"product","2":"type-product","3":"status-publish","4":"has-post-thumbnail","6":"product_cat-sledzi","7":"product_cat-atlaides","9":"first","10":"instock","11":"sale","12":"taxable","13":"shipping-taxable","14":"purchasable","15":"product-type-simple"},"jetpack_sharing_enabled":true,"_links":{"self":[{"href":"https:\/\/ddt.lv\/lv\/wp-json\/wp\/v2\/product\/25697"}],"collection":[{"href":"https:\/\/ddt.lv\/lv\/wp-json\/wp\/v2\/product"}],"about":[{"href":"https:\/\/ddt.lv\/lv\/wp-json\/wp\/v2\/types\/product"}],"replies":[{"embeddable":true,"href":"https:\/\/ddt.lv\/lv\/wp-json\/wp\/v2\/comments?post=25697"}],"wp:featuredmedia":[{"embeddable":true,"href":"https:\/\/ddt.lv\/lv\/wp-json\/wp\/v2\/media\/25722"}],"wp:attachment":[{"href":"https:\/\/ddt.lv\/lv\/wp-json\/wp\/v2\/media?parent=25697"}],"wp:term":[{"taxonomy":"product_cat","embeddable":true,"href":"https:\/\/ddt.lv\/lv\/wp-json\/wp\/v2\/product_cat?post=25697"},{"taxonomy":"product_tag","embeddable":true,"href":"https:\/\/ddt.lv\/lv\/wp-json\/wp\/v2\/product_tag?post=25697"},{"taxonomy":"yst_prominent_words","embeddable":true,"href":"https:\/\/ddt.lv\/lv\/wp-json\/wp\/v2\/yst_prominent_words?post=25697"}],"curies":[{"name":"wp","href":"https:\/\/api.w.org\/{rel}","templated":true}]}}