{"id":25679,"date":"2021-03-22T00:10:20","date_gmt":"2021-03-21T22:10:20","guid":{"rendered":"https:\/\/ddt.lv\/lv\/product\/led-spuldze-sylvania-bumbina-frosted-e27-5w-240v-470lm-2700k\/"},"modified":"2026-04-06T10:48:04","modified_gmt":"2026-04-06T07:48:04","slug":"led-spuldze-sylvania-bumbina-frosted-e27-5w-240v-470lm-2700k","status":"publish","type":"product","link":"https:\/\/ddt.lv\/lv\/product\/led-spuldze-sylvania-bumbina-frosted-e27-5w-240v-470lm-2700k\/","title":{"rendered":"LED spuldze Sylvania bumbi\u0146a Frosted E27 5W 240V 470lm 2700K"},"content":{"rendered":"<p>\u2022 Kompakts un elegants dizains\u2022 Piem\u0113rots halog\u0113nu, kv\u0113lspuld\u017eu un kompaktu dienasgaismas lod\u012b\u0161u lampu aizst\u0101j\u0113js\u2022 T\u016bl\u012bt\u0113ja gaisma, nospie\u017eot sl\u0113dzi<br \/>\n\u2022 Vienveid\u012bgs gaismas sadal\u012bjums\u2022 Laba kr\u0101su atveido\u0161ana (CRI 80)\u2022 Lieliski piem\u0113rota viesn\u012bc\u0101m, restor\u0101niem, vestibiliem, gaite\u0146iem, k\u0101p\u0146u telp\u0101m, uz\u0146em\u0161anas zon\u0101m\u2022 A + ener\u0123ijas v\u0113rt\u0113jums<\/p>","protected":false},"excerpt":{"rendered":"<p>\u2022 Kompakts un elegants dizains\u2022 Piem\u0113rots halog\u0113nu, kv\u0113lspuld\u017eu un kompaktu dienasgaismas lod\u012b\u0161u lampu aizst\u0101j\u0113js\u2022 T\u016bl\u012bt\u0113ja gaisma, nospie\u017eot sl\u0113dzi \u2022 Vienveid\u012bgs gaismas sadal\u012bjums\u2022 Laba kr\u0101su atveido\u0161ana (CRI 80)\u2022 Lieliski piem\u0113rota viesn\u012bc\u0101m, restor\u0101niem, vestibiliem, gaite\u0146iem, k\u0101p\u0146u telp\u0101m, uz\u0146em\u0161anas zon\u0101m\u2022 A + ener\u0123ijas v\u0113rt\u0113jums<\/p>\n","protected":false},"featured_media":26157,"comment_status":"closed","ping_status":"closed","template":"","meta":{"inline_featured_image":false},"product_cat":[850],"product_tag":[],"yst_prominent_words":[],"class_list":{"0":"post-25679","1":"product","2":"type-product","3":"status-publish","4":"has-post-thumbnail","6":"product_cat-e27-spuldzes","8":"first","9":"instock","10":"taxable","11":"shipping-taxable","12":"purchasable","13":"product-type-simple"},"jetpack_sharing_enabled":true,"_links":{"self":[{"href":"https:\/\/ddt.lv\/lv\/wp-json\/wp\/v2\/product\/25679"}],"collection":[{"href":"https:\/\/ddt.lv\/lv\/wp-json\/wp\/v2\/product"}],"about":[{"href":"https:\/\/ddt.lv\/lv\/wp-json\/wp\/v2\/types\/product"}],"replies":[{"embeddable":true,"href":"https:\/\/ddt.lv\/lv\/wp-json\/wp\/v2\/comments?post=25679"}],"wp:featuredmedia":[{"embeddable":true,"href":"https:\/\/ddt.lv\/lv\/wp-json\/wp\/v2\/media\/26157"}],"wp:attachment":[{"href":"https:\/\/ddt.lv\/lv\/wp-json\/wp\/v2\/media?parent=25679"}],"wp:term":[{"taxonomy":"product_cat","embeddable":true,"href":"https:\/\/ddt.lv\/lv\/wp-json\/wp\/v2\/product_cat?post=25679"},{"taxonomy":"product_tag","embeddable":true,"href":"https:\/\/ddt.lv\/lv\/wp-json\/wp\/v2\/product_tag?post=25679"},{"taxonomy":"yst_prominent_words","embeddable":true,"href":"https:\/\/ddt.lv\/lv\/wp-json\/wp\/v2\/yst_prominent_words?post=25679"}],"curies":[{"name":"wp","href":"https:\/\/api.w.org\/{rel}","templated":true}]}}