{"id":25656,"date":"2021-03-16T10:20:12","date_gmt":"2021-03-16T08:20:12","guid":{"rendered":"https:\/\/ddt.lv\/lv\/product\/led-rgb-w-spuldze-avide-bumbina-e14-5-5w-470lm-ar-talvadibas-pulti\/"},"modified":"2026-04-01T00:15:43","modified_gmt":"2026-03-31T21:15:43","slug":"led-rgb-w-spuldze-avide-bumbina-e14-5-5w-470lm-ar-talvadibas-pulti","status":"publish","type":"product","link":"https:\/\/ddt.lv\/lv\/product\/led-rgb-w-spuldze-avide-bumbina-e14-5-5w-470lm-ar-talvadibas-pulti\/","title":{"rendered":"LED RGB+W spuldze Avide bumbi\u0146a E14 5.5W 470lm, ar t\u0101lvad\u012bbas pulti"},"content":{"rendered":"","protected":false},"excerpt":{"rendered":"","protected":false},"featured_media":25660,"comment_status":"closed","ping_status":"closed","template":"","meta":{"inline_featured_image":false},"product_cat":[1299],"product_tag":[],"yst_prominent_words":[],"class_list":{"0":"post-25656","1":"product","2":"type-product","3":"status-publish","4":"has-post-thumbnail","6":"product_cat-viedas-spuldzes","8":"first","9":"instock","10":"taxable","11":"shipping-taxable","12":"purchasable","13":"product-type-simple"},"jetpack_sharing_enabled":true,"_links":{"self":[{"href":"https:\/\/ddt.lv\/lv\/wp-json\/wp\/v2\/product\/25656"}],"collection":[{"href":"https:\/\/ddt.lv\/lv\/wp-json\/wp\/v2\/product"}],"about":[{"href":"https:\/\/ddt.lv\/lv\/wp-json\/wp\/v2\/types\/product"}],"replies":[{"embeddable":true,"href":"https:\/\/ddt.lv\/lv\/wp-json\/wp\/v2\/comments?post=25656"}],"wp:featuredmedia":[{"embeddable":true,"href":"https:\/\/ddt.lv\/lv\/wp-json\/wp\/v2\/media\/25660"}],"wp:attachment":[{"href":"https:\/\/ddt.lv\/lv\/wp-json\/wp\/v2\/media?parent=25656"}],"wp:term":[{"taxonomy":"product_cat","embeddable":true,"href":"https:\/\/ddt.lv\/lv\/wp-json\/wp\/v2\/product_cat?post=25656"},{"taxonomy":"product_tag","embeddable":true,"href":"https:\/\/ddt.lv\/lv\/wp-json\/wp\/v2\/product_tag?post=25656"},{"taxonomy":"yst_prominent_words","embeddable":true,"href":"https:\/\/ddt.lv\/lv\/wp-json\/wp\/v2\/yst_prominent_words?post=25656"}],"curies":[{"name":"wp","href":"https:\/\/api.w.org\/{rel}","templated":true}]}}