{"id":25651,"date":"2021-03-15T23:30:23","date_gmt":"2021-03-15T21:30:23","guid":{"rendered":"https:\/\/ddt.lv\/lv\/product\/toledo-whitetone-starta-komplekts-0028902-pults-sylvania\/"},"modified":"2026-04-01T00:26:09","modified_gmt":"2026-03-31T21:26:09","slug":"toledo-whitetone-starta-komplekts-0028902-pults-sylvania","status":"publish","type":"product","link":"https:\/\/ddt.lv\/lv\/product\/toledo-whitetone-starta-komplekts-0028902-pults-sylvania\/","title":{"rendered":"ToLEDo WhiteTone Starta komplekts Bluetooth SylRemote (0028902 + pults) Sylvania"},"content":{"rendered":"<p>Viegli uzst\u0101d\u0101ma un vienk\u0101r\u0161i lietojama LED spuldze ar viedo funkcionalit\u0101ti. P\u0101rv\u0113rtiet jebkuru standarta lampas kontaktligzdu par viedu un regul\u0113jamu instal\u0101ciju. Izmantojiet Bluetooth SylRemote (iek\u013cauta komplekt\u0101), lai p\u0101rvald\u012btu kr\u0101su temperat\u016bras mai\u0146u, palielin\u0101tu vai samazin\u0101tu spilgtumu, sasl\u0113gtu vai atsl\u0113gtu vair\u0101kas spuldzes grup\u0101. Ja veidosies vair\u0101ku spuld\u017eu grupu, tad augst\u0101 gaismas kr\u0101sas precizit\u0101te nodro\u0161in\u0101s, ka neredz\u0113siet gaismas to\u0146a at\u0161\u0137ir\u012bbas starp spuldz\u0113m. Iesp\u0113jamas 5-as kr\u0101su temperat\u016bras (2700K, 3000K, 4000K, 5000K, 6500K) S\u0101kotn\u0113j\u0101 noklus\u0113juma kr\u0101su temperat\u016bra 2700K &#8211; silti balta. Ir nodro\u0161in\u0101ta iesp\u0113ja vienm\u0113r\u012bgi noregul\u0113t (dimm\u0113t) apgaismojuma l\u012bmeni no 100% l\u012bdz 10%. Spuld\u017eu darb\u012bbai nav nepiecie\u0161ams izmantot lietotni vai Wi-Fi savienojumu. Savienojamas l\u012bdz 15 da\u017e\u0101d\u0101m Sylvania viedaj\u0101m spuldz\u0113m. T\u0101s var vad\u012bt ar vienu SylRemote pulti. Ilgs kalpo\u0161anas laiks &#8211; 25 000 stundas. Piem\u0113rots dz\u012bvojam\u0101m telp\u0101m, taj\u0101 skait\u0101 virtuv\u0113m, viesistab\u0101m un gu\u013camistab\u0101m, k\u0101 ar\u012b komerci\u0101l\u0101m vajadz\u012bb\u0101m, piem\u0113ram, svin\u012bbu telp\u0101m, kafejn\u012bc\u0101m, restor\u0101niem un b\u0101riem.<\/p>\n<p>Gan pults, gan papildus spuldzes (0028901 RGBW, 0028902) ir ieg\u0101d\u0101jamas atsevi\u0161\u0137i.<\/p>","protected":false},"excerpt":{"rendered":"<p>Viegli uzst\u0101d\u0101ma un vienk\u0101r\u0161i lietojama LED spuldze ar viedo funkcionalit\u0101ti. P\u0101rv\u0113rtiet jebkuru standarta lampas kontaktligzdu par viedu un regul\u0113jamu instal\u0101ciju. Izmantojiet Bluetooth SylRemote (iek\u013cauta komplekt\u0101), lai p\u0101rvald\u012btu kr\u0101su temperat\u016bras mai\u0146u, palielin\u0101tu vai samazin\u0101tu spilgtumu, sasl\u0113gtu vai atsl\u0113gtu vair\u0101kas spuldzes grup\u0101. Ja veidosies vair\u0101ku spuld\u017eu grupu, tad augst\u0101 gaismas kr\u0101sas precizit\u0101te nodro\u0161in\u0101s, ka neredz\u0113siet gaismas to\u0146a [&hellip;]<\/p>\n","protected":false},"featured_media":25652,"comment_status":"closed","ping_status":"closed","template":"","meta":{"inline_featured_image":false},"product_cat":[1299],"product_tag":[],"yst_prominent_words":[],"class_list":{"0":"post-25651","1":"product","2":"type-product","3":"status-publish","4":"has-post-thumbnail","6":"product_cat-viedas-spuldzes","8":"first","9":"instock","10":"taxable","11":"shipping-taxable","12":"purchasable","13":"product-type-simple"},"jetpack_sharing_enabled":true,"_links":{"self":[{"href":"https:\/\/ddt.lv\/lv\/wp-json\/wp\/v2\/product\/25651"}],"collection":[{"href":"https:\/\/ddt.lv\/lv\/wp-json\/wp\/v2\/product"}],"about":[{"href":"https:\/\/ddt.lv\/lv\/wp-json\/wp\/v2\/types\/product"}],"replies":[{"embeddable":true,"href":"https:\/\/ddt.lv\/lv\/wp-json\/wp\/v2\/comments?post=25651"}],"wp:featuredmedia":[{"embeddable":true,"href":"https:\/\/ddt.lv\/lv\/wp-json\/wp\/v2\/media\/25652"}],"wp:attachment":[{"href":"https:\/\/ddt.lv\/lv\/wp-json\/wp\/v2\/media?parent=25651"}],"wp:term":[{"taxonomy":"product_cat","embeddable":true,"href":"https:\/\/ddt.lv\/lv\/wp-json\/wp\/v2\/product_cat?post=25651"},{"taxonomy":"product_tag","embeddable":true,"href":"https:\/\/ddt.lv\/lv\/wp-json\/wp\/v2\/product_tag?post=25651"},{"taxonomy":"yst_prominent_words","embeddable":true,"href":"https:\/\/ddt.lv\/lv\/wp-json\/wp\/v2\/yst_prominent_words?post=25651"}],"curies":[{"name":"wp","href":"https:\/\/api.w.org\/{rel}","templated":true}]}}