{"id":25491,"date":"2021-03-10T14:10:12","date_gmt":"2021-03-10T12:10:12","guid":{"rendered":"https:\/\/ddt.lv\/lv\/product\/6106-4-aa-baterijas-litija-varta-professional-lithium-4gb\/"},"modified":"2026-04-13T09:46:46","modified_gmt":"2026-04-13T06:46:46","slug":"6106-4-aa-baterijas-litija-varta-professional-lithium-4gb","status":"publish","type":"product","link":"https:\/\/ddt.lv\/lv\/product\/6106-4-aa-baterijas-litija-varta-professional-lithium-4gb\/","title":{"rendered":"6106\/4 AA baterijas litija VARTA Professional Lithium 4gb."},"content":{"rendered":"<p>Professional Lithium &#8211; Apjom\u012bga ener\u0123ijas deva ilgsto\u0161as,past\u0101v\u012bgas jaudas izsalku\u0161\u0101m ier\u012bc\u0113m, piem\u0113ram, bezvadu datorpel\u0113m, rota\u013cliet\u0101m, kabatas lukturiem. \u0112rts iepakojums, no kura baterijas iesp\u0113jams iz\u0146emt pa vienai, t\u0101d\u0113j\u0101di nodro\u0161inot \u0113rtu bateriju uzglab\u0101\u0161anu l\u012bdz pat 10 gadiem.<\/p>","protected":false},"excerpt":{"rendered":"<p>Professional Lithium &#8211; Apjom\u012bga ener\u0123ijas deva ilgsto\u0161as,past\u0101v\u012bgas jaudas izsalku\u0161\u0101m ier\u012bc\u0113m, piem\u0113ram, bezvadu datorpel\u0113m, rota\u013cliet\u0101m, kabatas lukturiem. \u0112rts iepakojums, no kura baterijas iesp\u0113jams iz\u0146emt pa vienai, t\u0101d\u0113j\u0101di nodro\u0161inot \u0113rtu bateriju uzglab\u0101\u0161anu l\u012bdz pat 10 gadiem.<\/p>\n","protected":false},"featured_media":33106,"comment_status":"closed","ping_status":"closed","template":"","meta":{"inline_featured_image":false},"product_cat":[441],"product_tag":[],"yst_prominent_words":[],"class_list":{"0":"post-25491","1":"product","2":"type-product","3":"status-publish","4":"has-post-thumbnail","6":"product_cat-aa","8":"first","9":"outofstock","10":"taxable","11":"shipping-taxable","12":"purchasable","13":"product-type-simple"},"jetpack_sharing_enabled":true,"_links":{"self":[{"href":"https:\/\/ddt.lv\/lv\/wp-json\/wp\/v2\/product\/25491"}],"collection":[{"href":"https:\/\/ddt.lv\/lv\/wp-json\/wp\/v2\/product"}],"about":[{"href":"https:\/\/ddt.lv\/lv\/wp-json\/wp\/v2\/types\/product"}],"replies":[{"embeddable":true,"href":"https:\/\/ddt.lv\/lv\/wp-json\/wp\/v2\/comments?post=25491"}],"wp:featuredmedia":[{"embeddable":true,"href":"https:\/\/ddt.lv\/lv\/wp-json\/wp\/v2\/media\/33106"}],"wp:attachment":[{"href":"https:\/\/ddt.lv\/lv\/wp-json\/wp\/v2\/media?parent=25491"}],"wp:term":[{"taxonomy":"product_cat","embeddable":true,"href":"https:\/\/ddt.lv\/lv\/wp-json\/wp\/v2\/product_cat?post=25491"},{"taxonomy":"product_tag","embeddable":true,"href":"https:\/\/ddt.lv\/lv\/wp-json\/wp\/v2\/product_tag?post=25491"},{"taxonomy":"yst_prominent_words","embeddable":true,"href":"https:\/\/ddt.lv\/lv\/wp-json\/wp\/v2\/yst_prominent_words?post=25491"}],"curies":[{"name":"wp","href":"https:\/\/api.w.org\/{rel}","templated":true}]}}