{"id":25399,"date":"2021-03-03T13:30:13","date_gmt":"2021-03-03T11:30:13","guid":{"rendered":"https:\/\/ddt.lv\/lv\/product\/cepsanas-forma-uno-gefu\/"},"modified":"2026-04-06T10:51:33","modified_gmt":"2026-04-06T07:51:33","slug":"cepsanas-forma-uno-gefu","status":"publish","type":"product","link":"https:\/\/ddt.lv\/lv\/product\/cepsanas-forma-uno-gefu\/","title":{"rendered":"Cep\u0161anas forma Uno GEFU"},"content":{"rendered":"<p>\u012apa\u0161i piem\u0113rota k\u016bk\u0101m un pic\u0101m ar bag\u0101t\u012bg\u0101m piedev\u0101m! R\u0101mja augstums 8,5 cm. Piel\u0101gojams izm\u0113rs no 20 x 24 cm l\u012bdz 38 x 46 cm. Vienk\u0101r\u0161i lieciet uz cepe\u0161pannas!<\/p>","protected":false},"excerpt":{"rendered":"<p>\u012apa\u0161i piem\u0113rota k\u016bk\u0101m un pic\u0101m ar bag\u0101t\u012bg\u0101m piedev\u0101m! R\u0101mja augstums 8,5 cm. Piel\u0101gojams izm\u0113rs no 20 x 24 cm l\u012bdz 38 x 46 cm. Vienk\u0101r\u0161i lieciet uz cepe\u0161pannas!<\/p>\n","protected":false},"featured_media":25404,"comment_status":"closed","ping_status":"closed","template":"","meta":{"inline_featured_image":false},"product_cat":[1683,772,534],"product_tag":[1688],"yst_prominent_words":[],"class_list":{"0":"post-25399","1":"product","2":"type-product","3":"status-publish","4":"has-post-thumbnail","6":"product_cat-cepsanai","7":"product_cat-atlaides","8":"product_cat-dazadi","9":"product_tag-gefu","11":"first","12":"instock","13":"sale","14":"taxable","15":"shipping-taxable","16":"purchasable","17":"product-type-simple"},"jetpack_sharing_enabled":true,"_links":{"self":[{"href":"https:\/\/ddt.lv\/lv\/wp-json\/wp\/v2\/product\/25399"}],"collection":[{"href":"https:\/\/ddt.lv\/lv\/wp-json\/wp\/v2\/product"}],"about":[{"href":"https:\/\/ddt.lv\/lv\/wp-json\/wp\/v2\/types\/product"}],"replies":[{"embeddable":true,"href":"https:\/\/ddt.lv\/lv\/wp-json\/wp\/v2\/comments?post=25399"}],"wp:featuredmedia":[{"embeddable":true,"href":"https:\/\/ddt.lv\/lv\/wp-json\/wp\/v2\/media\/25404"}],"wp:attachment":[{"href":"https:\/\/ddt.lv\/lv\/wp-json\/wp\/v2\/media?parent=25399"}],"wp:term":[{"taxonomy":"product_cat","embeddable":true,"href":"https:\/\/ddt.lv\/lv\/wp-json\/wp\/v2\/product_cat?post=25399"},{"taxonomy":"product_tag","embeddable":true,"href":"https:\/\/ddt.lv\/lv\/wp-json\/wp\/v2\/product_tag?post=25399"},{"taxonomy":"yst_prominent_words","embeddable":true,"href":"https:\/\/ddt.lv\/lv\/wp-json\/wp\/v2\/yst_prominent_words?post=25399"}],"curies":[{"name":"wp","href":"https:\/\/api.w.org\/{rel}","templated":true}]}}