{"id":25398,"date":"2021-03-03T13:30:12","date_gmt":"2021-03-03T11:30:12","guid":{"rendered":"https:\/\/ddt.lv\/lv\/product\/spiralgriezejs-spiralfix-gefu\/"},"modified":"2026-04-13T09:51:10","modified_gmt":"2026-04-13T06:51:10","slug":"spiralgriezejs-spiralfix-gefu","status":"publish","type":"product","link":"https:\/\/ddt.lv\/lv\/product\/spiralgriezejs-spiralfix-gefu\/","title":{"rendered":"Spir\u0101lgriez\u0113js GEFU SPIRALFIX"},"content":{"rendered":"<p>Ar SPIRALFIX\u00ae spir\u0101lgriez\u0113ju sal\u0101tiem un zup\u0101m \u012bs\u0101 laik\u0101 izveidojiet uz m\u0113les k\u016bsto\u0161as spir\u0101les.<\/p>","protected":false},"excerpt":{"rendered":"<p>Ar SPIRALFIX\u00ae spir\u0101lgriez\u0113ju sal\u0101tiem un zup\u0101m \u012bs\u0101 laik\u0101 izveidojiet uz m\u0113les k\u016bsto\u0161as spir\u0101les.<\/p>\n","protected":false},"featured_media":25414,"comment_status":"closed","ping_status":"closed","template":"","meta":{"inline_featured_image":false},"product_cat":[1680,772],"product_tag":[1688],"yst_prominent_words":[],"class_list":{"0":"post-25398","1":"product","2":"type-product","3":"status-publish","4":"has-post-thumbnail","6":"product_cat-griezeji-un-rives","7":"product_cat-atlaides","8":"product_tag-gefu","10":"first","11":"instock","12":"sale","13":"taxable","14":"shipping-taxable","15":"purchasable","16":"product-type-simple"},"jetpack_sharing_enabled":true,"_links":{"self":[{"href":"https:\/\/ddt.lv\/lv\/wp-json\/wp\/v2\/product\/25398"}],"collection":[{"href":"https:\/\/ddt.lv\/lv\/wp-json\/wp\/v2\/product"}],"about":[{"href":"https:\/\/ddt.lv\/lv\/wp-json\/wp\/v2\/types\/product"}],"replies":[{"embeddable":true,"href":"https:\/\/ddt.lv\/lv\/wp-json\/wp\/v2\/comments?post=25398"}],"wp:featuredmedia":[{"embeddable":true,"href":"https:\/\/ddt.lv\/lv\/wp-json\/wp\/v2\/media\/25414"}],"wp:attachment":[{"href":"https:\/\/ddt.lv\/lv\/wp-json\/wp\/v2\/media?parent=25398"}],"wp:term":[{"taxonomy":"product_cat","embeddable":true,"href":"https:\/\/ddt.lv\/lv\/wp-json\/wp\/v2\/product_cat?post=25398"},{"taxonomy":"product_tag","embeddable":true,"href":"https:\/\/ddt.lv\/lv\/wp-json\/wp\/v2\/product_tag?post=25398"},{"taxonomy":"yst_prominent_words","embeddable":true,"href":"https:\/\/ddt.lv\/lv\/wp-json\/wp\/v2\/yst_prominent_words?post=25398"}],"curies":[{"name":"wp","href":"https:\/\/api.w.org\/{rel}","templated":true}]}}