{"id":25397,"date":"2021-03-03T13:30:12","date_gmt":"2021-03-03T11:30:12","guid":{"rendered":"https:\/\/ddt.lv\/lv\/product\/darzenu-spiralgriezejs-rosli-gefu\/"},"modified":"2026-04-13T09:51:09","modified_gmt":"2026-04-13T06:51:09","slug":"darzenu-spiralgriezejs-rosli-gefu","status":"publish","type":"product","link":"https:\/\/ddt.lv\/lv\/product\/darzenu-spiralgriezejs-rosli-gefu\/","title":{"rendered":"D\u0101rze\u0146u spir\u0101lgriez\u0113js Rosli GEFU"},"content":{"rendered":"<p>GEFU spir\u0101lveida griez\u0113js iedvesmo kulin\u0101rijas m\u0101ksliniekus rad\u012bt arvien jaunus gardus rot\u0101jumus. Ar \u0161\u012b virtuves r\u012bka pal\u012bdz\u012bbu var sagriezt da\u017e\u0101dus cietus d\u0101rze\u0146us virpu\u013cos vai maz\u0101s dekorat\u012bv\u0101s roz\u012bt\u0113s. T\u0101d\u0101 veid\u0101 burk\u0101ni, red\u012bsi vai citi d\u0101rze\u0146i k\u013c\u016bst par izcilu dekoru katr\u0101 sal\u0101tu vai neapstr\u0101d\u0101tu d\u0101rze\u0146u \u0113dien\u0101. Tikpat viegli lietojams k\u0101 z\u012bmu\u013cu asin\u0101t\u0101js.<\/p>","protected":false},"excerpt":{"rendered":"<p>GEFU spir\u0101lveida griez\u0113js iedvesmo kulin\u0101rijas m\u0101ksliniekus rad\u012bt arvien jaunus gardus rot\u0101jumus. Ar \u0161\u012b virtuves r\u012bka pal\u012bdz\u012bbu var sagriezt da\u017e\u0101dus cietus d\u0101rze\u0146us virpu\u013cos vai maz\u0101s dekorat\u012bv\u0101s roz\u012bt\u0113s. T\u0101d\u0101 veid\u0101 burk\u0101ni, red\u012bsi vai citi d\u0101rze\u0146i k\u013c\u016bst par izcilu dekoru katr\u0101 sal\u0101tu vai neapstr\u0101d\u0101tu d\u0101rze\u0146u \u0113dien\u0101. Tikpat viegli lietojams k\u0101 z\u012bmu\u013cu asin\u0101t\u0101js.<\/p>\n","protected":false},"featured_media":25410,"comment_status":"closed","ping_status":"closed","template":"","meta":{"inline_featured_image":false},"product_cat":[1680,772],"product_tag":[],"yst_prominent_words":[],"class_list":{"0":"post-25397","1":"product","2":"type-product","3":"status-publish","4":"has-post-thumbnail","6":"product_cat-griezeji-un-rives","7":"product_cat-atlaides","9":"first","10":"instock","11":"sale","12":"taxable","13":"shipping-taxable","14":"purchasable","15":"product-type-simple"},"jetpack_sharing_enabled":true,"_links":{"self":[{"href":"https:\/\/ddt.lv\/lv\/wp-json\/wp\/v2\/product\/25397"}],"collection":[{"href":"https:\/\/ddt.lv\/lv\/wp-json\/wp\/v2\/product"}],"about":[{"href":"https:\/\/ddt.lv\/lv\/wp-json\/wp\/v2\/types\/product"}],"replies":[{"embeddable":true,"href":"https:\/\/ddt.lv\/lv\/wp-json\/wp\/v2\/comments?post=25397"}],"wp:featuredmedia":[{"embeddable":true,"href":"https:\/\/ddt.lv\/lv\/wp-json\/wp\/v2\/media\/25410"}],"wp:attachment":[{"href":"https:\/\/ddt.lv\/lv\/wp-json\/wp\/v2\/media?parent=25397"}],"wp:term":[{"taxonomy":"product_cat","embeddable":true,"href":"https:\/\/ddt.lv\/lv\/wp-json\/wp\/v2\/product_cat?post=25397"},{"taxonomy":"product_tag","embeddable":true,"href":"https:\/\/ddt.lv\/lv\/wp-json\/wp\/v2\/product_tag?post=25397"},{"taxonomy":"yst_prominent_words","embeddable":true,"href":"https:\/\/ddt.lv\/lv\/wp-json\/wp\/v2\/yst_prominent_words?post=25397"}],"curies":[{"name":"wp","href":"https:\/\/api.w.org\/{rel}","templated":true}]}}