{"id":25395,"date":"2021-03-03T13:30:11","date_gmt":"2021-03-03T11:30:11","guid":{"rendered":"https:\/\/ddt.lv\/lv\/product\/virtuves-pincete-soco-gefu\/"},"modified":"2026-04-06T10:51:33","modified_gmt":"2026-04-06T07:51:33","slug":"virtuves-pincete-soco-gefu","status":"publish","type":"product","link":"https:\/\/ddt.lv\/lv\/product\/virtuves-pincete-soco-gefu\/","title":{"rendered":"Virtuves pincete Soco GEFU"},"content":{"rendered":"<p>Pincete ar vair\u0101kiem pielietojumiem \u2013 apgroz\u012b\u0161anai, no\u0146em\u0161anai vai pasnieg\u0161anai. Labi l\u012bdzsvarots spriegums optim\u0101lai sp\u0113ka p\u0101rvadei. Gofr\u0113tie gali garant\u0113 dro\u0161u cepta \u0113diena tur\u0113\u0161anu.<\/p>\n<ul>\n<li>gofr\u0113tie gali garant\u0113 dro\u0161u \u0113diena tur\u0113\u0161anu<\/li>\n<li>ar pakaramo<\/li>\n<\/ul>\n<p>Daudzfunkcion\u0101la pincete: piem\u0113rota \u0113diena apgrie\u0161anai katlos un pann\u0101s, iz\u0146em\u0161anai un pasnieg\u0161anai pie galda. Sabalans\u0113ta atspere optim\u0101lai sp\u0113ka p\u0101rvadei. Zobu apak\u0161da\u013ca prec\u012bzai satver\u0161anai.<\/p>\n<ul>\n<li>Materi\u0101li: augstas kvalit\u0101tes ner\u016bs\u0113jo\u0161ais t\u0113rauds<\/li>\n<li>Var mazg\u0101t trauku mazg\u0101jam\u0101 ma\u0161\u012bn\u0101<\/li>\n<li>Izm\u0113rs: garums 30,4 cm x platums 3,3 cm x augstums 1,1 cm<\/li>\n<li>Svars: 0,088 kg<\/li>\n<\/ul>\n<p><\/p>","protected":false},"excerpt":{"rendered":"<p>Pincete ar vair\u0101kiem pielietojumiem \u2013 apgroz\u012b\u0161anai, no\u0146em\u0161anai vai pasnieg\u0161anai. Labi l\u012bdzsvarots spriegums optim\u0101lai sp\u0113ka p\u0101rvadei. Gofr\u0113tie gali garant\u0113 dro\u0161u cepta \u0113diena tur\u0113\u0161anu. gofr\u0113tie gali garant\u0113 dro\u0161u \u0113diena tur\u0113\u0161anu ar pakaramo Daudzfunkcion\u0101la pincete: piem\u0113rota \u0113diena apgrie\u0161anai katlos un pann\u0101s, iz\u0146em\u0161anai un pasnieg\u0161anai pie galda. Sabalans\u0113ta atspere optim\u0101lai sp\u0113ka p\u0101rvadei. Zobu apak\u0161da\u013ca prec\u012bzai satver\u0161anai. Materi\u0101li: augstas kvalit\u0101tes [&hellip;]<\/p>\n","protected":false},"featured_media":25424,"comment_status":"closed","ping_status":"closed","template":"","meta":{"inline_featured_image":false},"product_cat":[1681,772,534],"product_tag":[1688],"yst_prominent_words":[],"class_list":{"0":"post-25395","1":"product","2":"type-product","3":"status-publish","4":"has-post-thumbnail","6":"product_cat-virtuves-paligi","7":"product_cat-atlaides","8":"product_cat-dazadi","9":"product_tag-gefu","11":"first","12":"instock","13":"sale","14":"taxable","15":"shipping-taxable","16":"purchasable","17":"product-type-simple"},"jetpack_sharing_enabled":true,"_links":{"self":[{"href":"https:\/\/ddt.lv\/lv\/wp-json\/wp\/v2\/product\/25395"}],"collection":[{"href":"https:\/\/ddt.lv\/lv\/wp-json\/wp\/v2\/product"}],"about":[{"href":"https:\/\/ddt.lv\/lv\/wp-json\/wp\/v2\/types\/product"}],"replies":[{"embeddable":true,"href":"https:\/\/ddt.lv\/lv\/wp-json\/wp\/v2\/comments?post=25395"}],"wp:featuredmedia":[{"embeddable":true,"href":"https:\/\/ddt.lv\/lv\/wp-json\/wp\/v2\/media\/25424"}],"wp:attachment":[{"href":"https:\/\/ddt.lv\/lv\/wp-json\/wp\/v2\/media?parent=25395"}],"wp:term":[{"taxonomy":"product_cat","embeddable":true,"href":"https:\/\/ddt.lv\/lv\/wp-json\/wp\/v2\/product_cat?post=25395"},{"taxonomy":"product_tag","embeddable":true,"href":"https:\/\/ddt.lv\/lv\/wp-json\/wp\/v2\/product_tag?post=25395"},{"taxonomy":"yst_prominent_words","embeddable":true,"href":"https:\/\/ddt.lv\/lv\/wp-json\/wp\/v2\/yst_prominent_words?post=25395"}],"curies":[{"name":"wp","href":"https:\/\/api.w.org\/{rel}","templated":true}]}}