{"id":25393,"date":"2021-03-03T13:30:10","date_gmt":"2021-03-03T11:30:10","guid":{"rendered":"https:\/\/ddt.lv\/lv\/product\/plumju-kaulinu-iznemejs-dropio-gefu\/"},"modified":"2026-04-13T09:51:12","modified_gmt":"2026-04-13T06:51:12","slug":"plumju-kaulinu-iznemejs-dropio-gefu","status":"publish","type":"product","link":"https:\/\/ddt.lv\/lv\/product\/plumju-kaulinu-iznemejs-dropio-gefu\/","title":{"rendered":"Pl\u016bmju kauli\u0146u iz\u0146\u0113m\u0113js Dropio GEFU"},"content":{"rendered":"<p>Padara pl\u016bmju kauli\u0146u iz\u0146em\u0161anu par vieglu darbu: izmantojot DROPIO, j\u016bs jebkur\u0101 laik\u0101 varat iz\u0146emt kauli\u0146us no pl\u016bm\u0113m, lai pagatavotu gardus p\u012br\u0101gus, kompotus vai citus saldus \u0113dienus. Vienk\u0101r\u0161i ielieciet pl\u016bmi tur\u0113t\u0101j\u0101 vertik\u0101li, nospiediet un dar\u012bts!<\/p>","protected":false},"excerpt":{"rendered":"<p>Padara pl\u016bmju kauli\u0146u iz\u0146em\u0161anu par vieglu darbu: izmantojot DROPIO, j\u016bs jebkur\u0101 laik\u0101 varat iz\u0146emt kauli\u0146us no pl\u016bm\u0113m, lai pagatavotu gardus p\u012br\u0101gus, kompotus vai citus saldus \u0113dienus. Vienk\u0101r\u0161i ielieciet pl\u016bmi tur\u0113t\u0101j\u0101 vertik\u0101li, nospiediet un dar\u012bts!<\/p>\n","protected":false},"featured_media":25427,"comment_status":"closed","ping_status":"closed","template":"","meta":{"inline_featured_image":false},"product_cat":[1680,772],"product_tag":[],"yst_prominent_words":[],"class_list":{"0":"post-25393","1":"product","2":"type-product","3":"status-publish","4":"has-post-thumbnail","6":"product_cat-griezeji-un-rives","7":"product_cat-atlaides","9":"first","10":"instock","11":"sale","12":"taxable","13":"shipping-taxable","14":"purchasable","15":"product-type-simple"},"jetpack_sharing_enabled":true,"_links":{"self":[{"href":"https:\/\/ddt.lv\/lv\/wp-json\/wp\/v2\/product\/25393"}],"collection":[{"href":"https:\/\/ddt.lv\/lv\/wp-json\/wp\/v2\/product"}],"about":[{"href":"https:\/\/ddt.lv\/lv\/wp-json\/wp\/v2\/types\/product"}],"replies":[{"embeddable":true,"href":"https:\/\/ddt.lv\/lv\/wp-json\/wp\/v2\/comments?post=25393"}],"wp:featuredmedia":[{"embeddable":true,"href":"https:\/\/ddt.lv\/lv\/wp-json\/wp\/v2\/media\/25427"}],"wp:attachment":[{"href":"https:\/\/ddt.lv\/lv\/wp-json\/wp\/v2\/media?parent=25393"}],"wp:term":[{"taxonomy":"product_cat","embeddable":true,"href":"https:\/\/ddt.lv\/lv\/wp-json\/wp\/v2\/product_cat?post=25393"},{"taxonomy":"product_tag","embeddable":true,"href":"https:\/\/ddt.lv\/lv\/wp-json\/wp\/v2\/product_tag?post=25393"},{"taxonomy":"yst_prominent_words","embeddable":true,"href":"https:\/\/ddt.lv\/lv\/wp-json\/wp\/v2\/yst_prominent_words?post=25393"}],"curies":[{"name":"wp","href":"https:\/\/api.w.org\/{rel}","templated":true}]}}