{"id":25344,"date":"2021-02-25T11:20:23","date_gmt":"2021-02-25T09:20:23","guid":{"rendered":"https:\/\/ddt.lv\/lv\/product\/celojumu-katlins-hot-pot-0-6l-450w-unold\/"},"modified":"2026-04-06T10:55:33","modified_gmt":"2026-04-06T07:55:33","slug":"celojumu-katlins-hot-pot-0-6l-450w-unold","status":"publish","type":"product","link":"https:\/\/ddt.lv\/lv\/product\/celojumu-katlins-hot-pot-0-6l-450w-unold\/","title":{"rendered":"Ce\u013cojumu katli\u0146\u0161 HOT POT 0.6L 450W UNOLD"},"content":{"rendered":"","protected":false},"excerpt":{"rendered":"","protected":false},"featured_media":25375,"comment_status":"closed","ping_status":"closed","template":"","meta":{"inline_featured_image":false},"product_cat":[534],"product_tag":[],"yst_prominent_words":[],"class_list":{"0":"post-25344","1":"product","2":"type-product","3":"status-publish","4":"has-post-thumbnail","6":"product_cat-dazadi","8":"first","9":"outofstock","10":"taxable","11":"shipping-taxable","12":"purchasable","13":"product-type-simple"},"jetpack_sharing_enabled":true,"_links":{"self":[{"href":"https:\/\/ddt.lv\/lv\/wp-json\/wp\/v2\/product\/25344"}],"collection":[{"href":"https:\/\/ddt.lv\/lv\/wp-json\/wp\/v2\/product"}],"about":[{"href":"https:\/\/ddt.lv\/lv\/wp-json\/wp\/v2\/types\/product"}],"replies":[{"embeddable":true,"href":"https:\/\/ddt.lv\/lv\/wp-json\/wp\/v2\/comments?post=25344"}],"wp:featuredmedia":[{"embeddable":true,"href":"https:\/\/ddt.lv\/lv\/wp-json\/wp\/v2\/media\/25375"}],"wp:attachment":[{"href":"https:\/\/ddt.lv\/lv\/wp-json\/wp\/v2\/media?parent=25344"}],"wp:term":[{"taxonomy":"product_cat","embeddable":true,"href":"https:\/\/ddt.lv\/lv\/wp-json\/wp\/v2\/product_cat?post=25344"},{"taxonomy":"product_tag","embeddable":true,"href":"https:\/\/ddt.lv\/lv\/wp-json\/wp\/v2\/product_tag?post=25344"},{"taxonomy":"yst_prominent_words","embeddable":true,"href":"https:\/\/ddt.lv\/lv\/wp-json\/wp\/v2\/yst_prominent_words?post=25344"}],"curies":[{"name":"wp","href":"https:\/\/api.w.org\/{rel}","templated":true}]}}