{"id":25340,"date":"2021-02-25T11:20:21","date_gmt":"2021-02-25T09:20:21","guid":{"rendered":"https:\/\/ddt.lv\/lv\/product\/parnesajama-gazes-plitina-rex\/"},"modified":"2026-04-01T00:17:46","modified_gmt":"2026-03-31T21:17:46","slug":"parnesajama-gazes-plitina-rex","status":"publish","type":"product","link":"https:\/\/ddt.lv\/lv\/product\/parnesajama-gazes-plitina-rex\/","title":{"rendered":"P\u0101rn\u0113s\u0101jam\u0101 g\u0101zes pl\u012bti\u0146a REX"},"content":{"rendered":"<p>\u0160\u012b ir p\u0101rn\u0113s\u0101jama un viegla but\u0101na pl\u012bts, ko var \u0146emt kemping\u0101, autofurgon\u0101, piknik\u0101 vai izmantot m\u0101j\u0101s. \u0160is produkts ir paredz\u0113ts izmanto\u0161anai \u0101rpus telp\u0101m, un tagad taj\u0101 ir 2 p\u0101rspiediena sensori, kas aptur\u0113s g\u0101zes pl\u016bsmu, ja sensori atkl\u0101s p\u0101rspiediena situ\u0101ciju.<\/p>\n<p>Sader\u012bgs g\u0101zes rezervu\u0101rs &#8211; kods: 558011<\/p>","protected":false},"excerpt":{"rendered":"<p>\u0160\u012b ir p\u0101rn\u0113s\u0101jama un viegla but\u0101na pl\u012bts, ko var \u0146emt kemping\u0101, autofurgon\u0101, piknik\u0101 vai izmantot m\u0101j\u0101s. \u0160is produkts ir paredz\u0113ts izmanto\u0161anai \u0101rpus telp\u0101m, un tagad taj\u0101 ir 2 p\u0101rspiediena sensori, kas aptur\u0113s g\u0101zes pl\u016bsmu, ja sensori atkl\u0101s p\u0101rspiediena situ\u0101ciju. Sader\u012bgs g\u0101zes rezervu\u0101rs &#8211; kods: 558011<\/p>\n","protected":false},"featured_media":27161,"comment_status":"closed","ping_status":"closed","template":"","meta":{"inline_featured_image":false},"product_cat":[1584,917],"product_tag":[],"yst_prominent_words":[],"class_list":{"0":"post-25340","1":"product","2":"type-product","3":"status-publish","4":"has-post-thumbnail","6":"product_cat-grilli-gazes-plitinas-degli","7":"product_cat-gazes-baloni-plitinas-degli","9":"first","10":"outofstock","11":"taxable","12":"shipping-taxable","13":"purchasable","14":"product-type-simple"},"jetpack_sharing_enabled":true,"_links":{"self":[{"href":"https:\/\/ddt.lv\/lv\/wp-json\/wp\/v2\/product\/25340"}],"collection":[{"href":"https:\/\/ddt.lv\/lv\/wp-json\/wp\/v2\/product"}],"about":[{"href":"https:\/\/ddt.lv\/lv\/wp-json\/wp\/v2\/types\/product"}],"replies":[{"embeddable":true,"href":"https:\/\/ddt.lv\/lv\/wp-json\/wp\/v2\/comments?post=25340"}],"wp:featuredmedia":[{"embeddable":true,"href":"https:\/\/ddt.lv\/lv\/wp-json\/wp\/v2\/media\/27161"}],"wp:attachment":[{"href":"https:\/\/ddt.lv\/lv\/wp-json\/wp\/v2\/media?parent=25340"}],"wp:term":[{"taxonomy":"product_cat","embeddable":true,"href":"https:\/\/ddt.lv\/lv\/wp-json\/wp\/v2\/product_cat?post=25340"},{"taxonomy":"product_tag","embeddable":true,"href":"https:\/\/ddt.lv\/lv\/wp-json\/wp\/v2\/product_tag?post=25340"},{"taxonomy":"yst_prominent_words","embeddable":true,"href":"https:\/\/ddt.lv\/lv\/wp-json\/wp\/v2\/yst_prominent_words?post=25340"}],"curies":[{"name":"wp","href":"https:\/\/api.w.org\/{rel}","templated":true}]}}