{"id":25317,"date":"2021-02-24T14:30:12","date_gmt":"2021-02-24T12:30:12","guid":{"rendered":"https:\/\/ddt.lv\/lv\/product\/bara-piederumu-komplekts-vacu-vin\/"},"modified":"2026-04-06T10:56:09","modified_gmt":"2026-04-06T07:56:09","slug":"bara-piederumu-komplekts-vacu-vin","status":"publish","type":"product","link":"https:\/\/ddt.lv\/lv\/product\/bara-piederumu-komplekts-vacu-vin\/","title":{"rendered":"B\u0101ra piederumu komplekts Vacu Vin"},"content":{"rendered":"<p><\/p>\n<ul>\n<li>Piesta, lai sasistu vai sam\u012bc\u012btu t\u0101das sast\u0101vda\u013cas k\u0101 piparm\u0113tra un laims.<\/li>\n<li>\u012apa\u0161as knaibles sast\u0101vda\u013cu sav\u0101k\u0161anai<\/li>\n<li>M\u0113rtrauks da\u017e\u0101du sast\u0101vda\u013cu pievieno\u0161anai<\/li>\n<li>Viss kop\u0101 vien\u0101 \u0113rt\u0101 iepakojum\u0101<\/li>\n<li>Var mazg\u0101t trauku mazg\u0101jam\u0101 ma\u0161\u012bn\u0101<\/li>\n<\/ul>\n<p><\/p>","protected":false},"excerpt":{"rendered":"<p>Piesta, lai sasistu vai sam\u012bc\u012btu t\u0101das sast\u0101vda\u013cas k\u0101 piparm\u0113tra un laims. \u012apa\u0161as knaibles sast\u0101vda\u013cu sav\u0101k\u0161anai M\u0113rtrauks da\u017e\u0101du sast\u0101vda\u013cu pievieno\u0161anai Viss kop\u0101 vien\u0101 \u0113rt\u0101 iepakojum\u0101 Var mazg\u0101t trauku mazg\u0101jam\u0101 ma\u0161\u012bn\u0101<\/p>\n","protected":false},"featured_media":25325,"comment_status":"closed","ping_status":"closed","template":"","meta":{"inline_featured_image":false},"product_cat":[772,534],"product_tag":[],"yst_prominent_words":[],"class_list":{"0":"post-25317","1":"product","2":"type-product","3":"status-publish","4":"has-post-thumbnail","6":"product_cat-atlaides","7":"product_cat-dazadi","9":"first","10":"instock","11":"sale","12":"taxable","13":"shipping-taxable","14":"purchasable","15":"product-type-simple"},"jetpack_sharing_enabled":true,"_links":{"self":[{"href":"https:\/\/ddt.lv\/lv\/wp-json\/wp\/v2\/product\/25317"}],"collection":[{"href":"https:\/\/ddt.lv\/lv\/wp-json\/wp\/v2\/product"}],"about":[{"href":"https:\/\/ddt.lv\/lv\/wp-json\/wp\/v2\/types\/product"}],"replies":[{"embeddable":true,"href":"https:\/\/ddt.lv\/lv\/wp-json\/wp\/v2\/comments?post=25317"}],"wp:featuredmedia":[{"embeddable":true,"href":"https:\/\/ddt.lv\/lv\/wp-json\/wp\/v2\/media\/25325"}],"wp:attachment":[{"href":"https:\/\/ddt.lv\/lv\/wp-json\/wp\/v2\/media?parent=25317"}],"wp:term":[{"taxonomy":"product_cat","embeddable":true,"href":"https:\/\/ddt.lv\/lv\/wp-json\/wp\/v2\/product_cat?post=25317"},{"taxonomy":"product_tag","embeddable":true,"href":"https:\/\/ddt.lv\/lv\/wp-json\/wp\/v2\/product_tag?post=25317"},{"taxonomy":"yst_prominent_words","embeddable":true,"href":"https:\/\/ddt.lv\/lv\/wp-json\/wp\/v2\/yst_prominent_words?post=25317"}],"curies":[{"name":"wp","href":"https:\/\/api.w.org\/{rel}","templated":true}]}}