{"id":25316,"date":"2021-02-24T14:30:11","date_gmt":"2021-02-24T12:30:11","guid":{"rendered":"https:\/\/ddt.lv\/lv\/product\/dzirkstosa-vina-un-pudelu-atverejs-vacu-vin\/"},"modified":"2026-04-06T10:56:09","modified_gmt":"2026-04-06T07:56:09","slug":"dzirkstosa-vina-un-pudelu-atverejs-vacu-vin","status":"publish","type":"product","link":"https:\/\/ddt.lv\/lv\/product\/dzirkstosa-vina-un-pudelu-atverejs-vacu-vin\/","title":{"rendered":"Dzirksto\u0161\u0101 v\u012bna un pude\u013cu atv\u0113r\u0113js Vacu Vin"},"content":{"rendered":"<p>\u0160is gudri izstr\u0101d\u0101tais pude\u013cu atv\u0113r\u0113js ir ide\u0101ls l\u012bdzeklis, lai viegli atv\u0113rtu skr\u016bv\u0113jamas pudeles, alus pudeles un dro\u0161i atv\u0113rtu \u0161ampanie\u0161a pudeles.<\/p>\n<ul>\n<li>Viegli atver skr\u016bv\u0113jamus v\u0101ci\u0146us, kor\u0137us un \u0161ampanie\u0161a pudeles<\/li>\n<li>\u0112rta tur\u0113\u0161ana<\/li>\n<li>Piem\u0113rots lieto\u0161anai gan ar kreiso, gan labo roku<\/li>\n<\/ul>\n<p><\/p>","protected":false},"excerpt":{"rendered":"<p>\u0160is gudri izstr\u0101d\u0101tais pude\u013cu atv\u0113r\u0113js ir ide\u0101ls l\u012bdzeklis, lai viegli atv\u0113rtu skr\u016bv\u0113jamas pudeles, alus pudeles un dro\u0161i atv\u0113rtu \u0161ampanie\u0161a pudeles. Viegli atver skr\u016bv\u0113jamus v\u0101ci\u0146us, kor\u0137us un \u0161ampanie\u0161a pudeles \u0112rta tur\u0113\u0161ana Piem\u0113rots lieto\u0161anai gan ar kreiso, gan labo roku<\/p>\n","protected":false},"featured_media":25331,"comment_status":"closed","ping_status":"closed","template":"","meta":{"inline_featured_image":false},"product_cat":[772,534],"product_tag":[],"yst_prominent_words":[],"class_list":{"0":"post-25316","1":"product","2":"type-product","3":"status-publish","4":"has-post-thumbnail","6":"product_cat-atlaides","7":"product_cat-dazadi","9":"first","10":"instock","11":"sale","12":"taxable","13":"shipping-taxable","14":"purchasable","15":"product-type-simple"},"jetpack_sharing_enabled":true,"_links":{"self":[{"href":"https:\/\/ddt.lv\/lv\/wp-json\/wp\/v2\/product\/25316"}],"collection":[{"href":"https:\/\/ddt.lv\/lv\/wp-json\/wp\/v2\/product"}],"about":[{"href":"https:\/\/ddt.lv\/lv\/wp-json\/wp\/v2\/types\/product"}],"replies":[{"embeddable":true,"href":"https:\/\/ddt.lv\/lv\/wp-json\/wp\/v2\/comments?post=25316"}],"wp:featuredmedia":[{"embeddable":true,"href":"https:\/\/ddt.lv\/lv\/wp-json\/wp\/v2\/media\/25331"}],"wp:attachment":[{"href":"https:\/\/ddt.lv\/lv\/wp-json\/wp\/v2\/media?parent=25316"}],"wp:term":[{"taxonomy":"product_cat","embeddable":true,"href":"https:\/\/ddt.lv\/lv\/wp-json\/wp\/v2\/product_cat?post=25316"},{"taxonomy":"product_tag","embeddable":true,"href":"https:\/\/ddt.lv\/lv\/wp-json\/wp\/v2\/product_tag?post=25316"},{"taxonomy":"yst_prominent_words","embeddable":true,"href":"https:\/\/ddt.lv\/lv\/wp-json\/wp\/v2\/yst_prominent_words?post=25316"}],"curies":[{"name":"wp","href":"https:\/\/api.w.org\/{rel}","templated":true}]}}