{"id":25315,"date":"2021-02-24T14:30:10","date_gmt":"2021-02-24T12:30:10","guid":{"rendered":"https:\/\/ddt.lv\/lv\/product\/soma-vina-pudelei-vacu-vin\/"},"modified":"2026-04-06T10:56:09","modified_gmt":"2026-04-06T07:56:09","slug":"soma-vina-pudelei-vacu-vin","status":"publish","type":"product","link":"https:\/\/ddt.lv\/lv\/product\/soma-vina-pudelei-vacu-vin\/","title":{"rendered":"Soma v\u012bna pudelei Vacu Vin"},"content":{"rendered":"<p>Pude\u013cu soma ir ide\u0101li piem\u0113rota v\u012bna l\u012bdz\u0146em\u0161anai uz pikniku vai vies\u012bb\u0101m. T\u0101s funkcion\u0101lais dizains padara to par br\u012bni\u0161\u0137\u012bgu iesai\u0146ojumu d\u0101vinot v\u012bna pudeli. Pa\u0146emiet v\u012bnu l\u012bdzi elegant\u0101 un \u0113rt\u0101 veid\u0101!<\/p>\n<ul>\n<li>P\u0101rv\u0113r\u0161 v\u012bna pudeli par d\u0101vanu<\/li>\n<li>Lieliski piem\u0113rota v\u012bna nog\u0101d\u0101\u0161anai piknik\u0101 vai vies\u012bb\u0101s<\/li>\n<\/ul>\n<p><\/p>","protected":false},"excerpt":{"rendered":"<p>Pude\u013cu soma ir ide\u0101li piem\u0113rota v\u012bna l\u012bdz\u0146em\u0161anai uz pikniku vai vies\u012bb\u0101m. T\u0101s funkcion\u0101lais dizains padara to par br\u012bni\u0161\u0137\u012bgu iesai\u0146ojumu d\u0101vinot v\u012bna pudeli. Pa\u0146emiet v\u012bnu l\u012bdzi elegant\u0101 un \u0113rt\u0101 veid\u0101! P\u0101rv\u0113r\u0161 v\u012bna pudeli par d\u0101vanu Lieliski piem\u0113rota v\u012bna nog\u0101d\u0101\u0161anai piknik\u0101 vai vies\u012bb\u0101s<\/p>\n","protected":false},"featured_media":25336,"comment_status":"closed","ping_status":"closed","template":"","meta":{"inline_featured_image":false},"product_cat":[1684,772,534],"product_tag":[],"yst_prominent_words":[],"class_list":{"0":"post-25315","1":"product","2":"type-product","3":"status-publish","4":"has-post-thumbnail","6":"product_cat-dzerieniem","7":"product_cat-atlaides","8":"product_cat-dazadi","10":"first","11":"instock","12":"sale","13":"taxable","14":"shipping-taxable","15":"purchasable","16":"product-type-simple"},"jetpack_sharing_enabled":true,"_links":{"self":[{"href":"https:\/\/ddt.lv\/lv\/wp-json\/wp\/v2\/product\/25315"}],"collection":[{"href":"https:\/\/ddt.lv\/lv\/wp-json\/wp\/v2\/product"}],"about":[{"href":"https:\/\/ddt.lv\/lv\/wp-json\/wp\/v2\/types\/product"}],"replies":[{"embeddable":true,"href":"https:\/\/ddt.lv\/lv\/wp-json\/wp\/v2\/comments?post=25315"}],"wp:featuredmedia":[{"embeddable":true,"href":"https:\/\/ddt.lv\/lv\/wp-json\/wp\/v2\/media\/25336"}],"wp:attachment":[{"href":"https:\/\/ddt.lv\/lv\/wp-json\/wp\/v2\/media?parent=25315"}],"wp:term":[{"taxonomy":"product_cat","embeddable":true,"href":"https:\/\/ddt.lv\/lv\/wp-json\/wp\/v2\/product_cat?post=25315"},{"taxonomy":"product_tag","embeddable":true,"href":"https:\/\/ddt.lv\/lv\/wp-json\/wp\/v2\/product_tag?post=25315"},{"taxonomy":"yst_prominent_words","embeddable":true,"href":"https:\/\/ddt.lv\/lv\/wp-json\/wp\/v2\/yst_prominent_words?post=25315"}],"curies":[{"name":"wp","href":"https:\/\/api.w.org\/{rel}","templated":true}]}}