{"id":25271,"date":"2021-02-23T11:50:18","date_gmt":"2021-02-23T09:50:18","guid":{"rendered":"https:\/\/ddt.lv\/lv\/product\/sarkanvina-aerators-vinturi-deluxe-tower\/"},"modified":"2026-04-13T09:56:08","modified_gmt":"2026-04-13T06:56:08","slug":"sarkanvina-aerators-vinturi-deluxe-tower","status":"publish","type":"product","link":"https:\/\/ddt.lv\/lv\/product\/sarkanvina-aerators-vinturi-deluxe-tower\/","title":{"rendered":"Sarkanv\u012bna aerators Vinturi Deluxe Tower"},"content":{"rendered":"<p>Pa\u0101triniet v\u012bna aer\u0101cijas procesu ar Vinturi Deluxe Tower sarkanv\u012bna aeratoru. Godalgotais Sarkanv\u012bna aerators no Vinturi atver un att\u012bsta sarkanv\u012bnus laik\u0101, kas vajadz\u012bgs gl\u0101zes ielie\u0161anai &#8211; vairs nav j\u0101gaida k\u0101 izmantojot tradicion\u0101s karafes.<\/p>\n<ul>\n<li>Visiem sarkanajiem v\u012bniem<\/li>\n<li>\u0100tri un \u0113rti v\u0113dina v\u012bnu no pudeles vai gl\u0101zes<\/li>\n<li>Lieto\u0161anas \u0113rt\u012bbai ir iek\u013cauts aeratora stat\u012bvs<\/li>\n<\/ul>\n<p>Sarkanv\u012bna aeratoram ir patent\u0113ta tehnolo\u0123ija un stil\u012bgs, tom\u0113r klasisks izskats. Aer\u0113jot v\u012bnu, ieklausieties ska\u0146\u0101 &#8211; \u0161\u012b ska\u0146a ir unik\u0101la visiem Vinturi aeratoriem un inform\u0113, ka jums ir autentisks Vinturi aerators, nevis k\u0101ds imit\u0101cijas produkts. Atverot augst\u0101k\u0101s kvalit\u0101tes pilnkr\u0101su kast\u012bti, Vinturi Deluxe Tower sarkanv\u012bna aerators sevi par\u0101da. <a href=\"https:\/\/vinturi.com\/\">Izgatavots<\/a> no m\u016bsu pa\u0161u speci\u0101li izstr\u0101d\u0101t\u0101 akrila ar viegli satveramu silikona korpusu, sarkanv\u012bna aerators ir apr\u012bkots ar elegantu, izliektu stat\u012bvu ar re\u017e\u0123i, kas pasarg\u0101 no \u0161\u013cakat\u0101m, k\u0101 ar\u012b tur aeratoru ide\u0101l\u0101 augstum\u0101, lai ielietu gl\u0101z\u0113. Sarkanv\u012bna aeratora un stat\u012bva izmanto\u0161ana rada dramatisku prezent\u0101ciju lie\u0161anas laik\u0101 un \u013cauj darboties ar vienu roku. Tr\u012bsda\u013c\u012bgais stat\u012bvs (svira, pamatne un re\u017e\u0123is) ir viegli izjaucams, ja to nelieto, un to var mazg\u0101t trauku mazg\u0101jamaj\u0101 ma\u0161\u012bn\u0101. Komplekt\u0101 ir ar\u012b pilienveida stat\u012bvs ier\u012bces pareizai par\u0101d\u012b\u0161anai un filtra ekr\u0101ns, kas aizsarg\u0101 v\u012bnu no kor\u0137a gabaliem un nogulsn\u0113m. Sarkanv\u012bna aerators Vinturi Deluxe Tower ir lieliski piem\u0113rots, lai \u0101tri aer\u0113tu visu v\u012bna pudeli vai vienu gl\u0101zi.<\/p>\n<p>&nbsp;<\/p>\n<p>K\u0101 tas darbojas: tas ir vienk\u0101r\u0161i. Novietojiet gl\u0101zi zem Vinturi Deluxe Tower aeratora komplekta un izlejiet v\u012bnu tam paredz\u0113taj\u0101 viet\u0101. Kad v\u012bns ieliets Vinturi, t\u0101 iek\u0161\u0113jais patent\u0113tais dizains palielina v\u012bna \u0101trumu, vienlaikus samazinot spiedienu.<\/p>\n<p>\u0160\u012b spiediena starp\u012bba piesaista pareizu gaisa daudzumu, kas sajaucas ar v\u012bnu pareizaj\u0101 laika period\u0101, un nodro\u0161ina lab\u0101ku bu\u0137eti, uzlabotas gar\u0161as un vienm\u0113r\u012bg\u0101ku apdari &#8211; absol\u016bti perfektu aer\u0101ciju. Tas ir tik <a href=\"https:\/\/ddt.lv\/lv\/product-category\/sadzives-tehnika\/virtuves-tehnika\/\">vienk\u0101r\u0161i<\/a>.<\/p>\n<p>V\u012bnam elpojot, tas atveras un atbr\u012bvo iecer\u0113tos arom\u0101tus un gar\u0161as. Jo vair\u0101k j\u016bs nov\u0113rt\u0113siet v\u012bnu, jo vair\u0101k j\u016bs nov\u0113rt\u0113siet at\u0161\u0137ir\u012bbu.<\/p>\n<p>&nbsp;<\/p>\n<p><\/p>","protected":false},"excerpt":{"rendered":"<p>Pa\u0101triniet v\u012bna aer\u0101cijas procesu ar Vinturi Deluxe Tower sarkanv\u012bna aeratoru. Godalgotais Sarkanv\u012bna aerators no Vinturi atver un att\u012bsta sarkanv\u012bnus laik\u0101, kas vajadz\u012bgs gl\u0101zes ielie\u0161anai &#8211; vairs nav j\u0101gaida k\u0101 izmantojot tradicion\u0101s karafes. Visiem sarkanajiem v\u012bniem \u0100tri un \u0113rti v\u0113dina v\u012bnu no pudeles vai gl\u0101zes Lieto\u0161anas \u0113rt\u012bbai ir iek\u013cauts aeratora stat\u012bvs Sarkanv\u012bna aeratoram ir patent\u0113ta tehnolo\u0123ija [&hellip;]<\/p>\n","protected":false},"featured_media":25272,"comment_status":"closed","ping_status":"closed","template":"","meta":{"inline_featured_image":false},"product_cat":[1684,772],"product_tag":[],"yst_prominent_words":[],"class_list":{"0":"post-25271","1":"product","2":"type-product","3":"status-publish","4":"has-post-thumbnail","6":"product_cat-dzerieniem","7":"product_cat-atlaides","9":"first","10":"instock","11":"sale","12":"taxable","13":"shipping-taxable","14":"purchasable","15":"product-type-simple"},"jetpack_sharing_enabled":true,"_links":{"self":[{"href":"https:\/\/ddt.lv\/lv\/wp-json\/wp\/v2\/product\/25271"}],"collection":[{"href":"https:\/\/ddt.lv\/lv\/wp-json\/wp\/v2\/product"}],"about":[{"href":"https:\/\/ddt.lv\/lv\/wp-json\/wp\/v2\/types\/product"}],"replies":[{"embeddable":true,"href":"https:\/\/ddt.lv\/lv\/wp-json\/wp\/v2\/comments?post=25271"}],"wp:featuredmedia":[{"embeddable":true,"href":"https:\/\/ddt.lv\/lv\/wp-json\/wp\/v2\/media\/25272"}],"wp:attachment":[{"href":"https:\/\/ddt.lv\/lv\/wp-json\/wp\/v2\/media?parent=25271"}],"wp:term":[{"taxonomy":"product_cat","embeddable":true,"href":"https:\/\/ddt.lv\/lv\/wp-json\/wp\/v2\/product_cat?post=25271"},{"taxonomy":"product_tag","embeddable":true,"href":"https:\/\/ddt.lv\/lv\/wp-json\/wp\/v2\/product_tag?post=25271"},{"taxonomy":"yst_prominent_words","embeddable":true,"href":"https:\/\/ddt.lv\/lv\/wp-json\/wp\/v2\/yst_prominent_words?post=25271"}],"curies":[{"name":"wp","href":"https:\/\/api.w.org\/{rel}","templated":true}]}}