{"id":25270,"date":"2021-02-23T11:50:17","date_gmt":"2021-02-23T09:50:17","guid":{"rendered":"https:\/\/ddt.lv\/lv\/product\/ananasu-griesanas-nazis-professional-plus-gefu\/"},"modified":"2026-04-06T10:51:15","modified_gmt":"2026-04-06T07:51:15","slug":"ananasu-griesanas-nazis-professional-plus-gefu","status":"publish","type":"product","link":"https:\/\/ddt.lv\/lv\/product\/ananasu-griesanas-nazis-professional-plus-gefu\/","title":{"rendered":"Ananasu grie\u0161anas nazis Professional Plus GEFU"},"content":{"rendered":"<p>L\u012bdzko esat nobaud\u012bjis svaigu anan\u0101su, j\u016bs vairs nevarat iztikt bez t\u0101: sul\u012bgs, salds un arom\u0101tisks. Izmantojot pareizo instrumentu, anan\u0101su sagrie\u0161ana k\u013c\u016bst par b\u0113rnu sp\u0113li. Anan\u0101su griez\u0113js PROFESSIONAL PLUS \u012bs\u0101 laik\u0101 sagatavos gar\u0161\u012bgus anan\u0101su gabali\u0146us, un iespiest\u0101 skala, kur\u0101 nor\u0101d\u012bts \u0161\u0137\u0113\u013cu skaits, garant\u0113s nevainojamas porcijas.<\/p>","protected":false},"excerpt":{"rendered":"<p>L\u012bdzko esat nobaud\u012bjis svaigu anan\u0101su, j\u016bs vairs nevarat iztikt bez t\u0101: sul\u012bgs, salds un arom\u0101tisks. Izmantojot pareizo instrumentu, anan\u0101su sagrie\u0161ana k\u013c\u016bst par b\u0113rnu sp\u0113li. Anan\u0101su griez\u0113js PROFESSIONAL PLUS \u012bs\u0101 laik\u0101 sagatavos gar\u0161\u012bgus anan\u0101su gabali\u0146us, un iespiest\u0101 skala, kur\u0101 nor\u0101d\u012bts \u0161\u0137\u0113\u013cu skaits, garant\u0113s nevainojamas porcijas.<\/p>\n","protected":false},"featured_media":25276,"comment_status":"closed","ping_status":"closed","template":"","meta":{"inline_featured_image":false},"product_cat":[1680,772,524],"product_tag":[1688],"yst_prominent_words":[],"class_list":{"0":"post-25270","1":"product","2":"type-product","3":"status-publish","4":"has-post-thumbnail","6":"product_cat-griezeji-un-rives","7":"product_cat-atlaides","8":"product_cat-virtuves-griezeji","9":"product_tag-gefu","11":"first","12":"instock","13":"sale","14":"taxable","15":"shipping-taxable","16":"purchasable","17":"product-type-simple"},"jetpack_sharing_enabled":true,"_links":{"self":[{"href":"https:\/\/ddt.lv\/lv\/wp-json\/wp\/v2\/product\/25270"}],"collection":[{"href":"https:\/\/ddt.lv\/lv\/wp-json\/wp\/v2\/product"}],"about":[{"href":"https:\/\/ddt.lv\/lv\/wp-json\/wp\/v2\/types\/product"}],"replies":[{"embeddable":true,"href":"https:\/\/ddt.lv\/lv\/wp-json\/wp\/v2\/comments?post=25270"}],"wp:featuredmedia":[{"embeddable":true,"href":"https:\/\/ddt.lv\/lv\/wp-json\/wp\/v2\/media\/25276"}],"wp:attachment":[{"href":"https:\/\/ddt.lv\/lv\/wp-json\/wp\/v2\/media?parent=25270"}],"wp:term":[{"taxonomy":"product_cat","embeddable":true,"href":"https:\/\/ddt.lv\/lv\/wp-json\/wp\/v2\/product_cat?post=25270"},{"taxonomy":"product_tag","embeddable":true,"href":"https:\/\/ddt.lv\/lv\/wp-json\/wp\/v2\/product_tag?post=25270"},{"taxonomy":"yst_prominent_words","embeddable":true,"href":"https:\/\/ddt.lv\/lv\/wp-json\/wp\/v2\/yst_prominent_words?post=25270"}],"curies":[{"name":"wp","href":"https:\/\/api.w.org\/{rel}","templated":true}]}}