{"id":25269,"date":"2021-02-23T11:40:13","date_gmt":"2021-02-23T09:40:13","guid":{"rendered":"https:\/\/ddt.lv\/lv\/product\/kiploku-spiede-garlico-gefu\/"},"modified":"2026-04-06T10:51:15","modified_gmt":"2026-04-06T07:51:15","slug":"kiploku-spiede-garlico-gefu","status":"publish","type":"product","link":"https:\/\/ddt.lv\/lv\/product\/kiploku-spiede-garlico-gefu\/","title":{"rendered":"\u0136iploku griez\u0113js GEFU Garlico"},"content":{"rendered":"<p>Ergonomiskais dizains atvieglo arom\u0101tisko \u0137iploka daivi\u0146u izspie\u0161anu, un ieb\u016bv\u0113tais skr\u0101pis nodro\u0161ina \u0137iploku gar\u0161vielu pastu bez atkritumiem! Ar\u012b t\u012br\u012b\u0161ana ir b\u0113rnu sp\u0113le, pateicoties autom\u0101tiskajam izvelkamajam sietam.<\/p>","protected":false},"excerpt":{"rendered":"<p>Ergonomiskais dizains atvieglo arom\u0101tisko \u0137iploka daivi\u0146u izspie\u0161anu, un ieb\u016bv\u0113tais skr\u0101pis nodro\u0161ina \u0137iploku gar\u0161vielu pastu bez atkritumiem! Ar\u012b t\u012br\u012b\u0161ana ir b\u0113rnu sp\u0113le, pateicoties autom\u0101tiskajam izvelkamajam sietam.<\/p>\n","protected":false},"featured_media":40964,"comment_status":"closed","ping_status":"closed","template":"","meta":{"inline_featured_image":false},"product_cat":[1680,772,524],"product_tag":[],"yst_prominent_words":[],"class_list":{"0":"post-25269","1":"product","2":"type-product","3":"status-publish","4":"has-post-thumbnail","6":"product_cat-griezeji-un-rives","7":"product_cat-atlaides","8":"product_cat-virtuves-griezeji","10":"first","11":"instock","12":"sale","13":"taxable","14":"shipping-taxable","15":"purchasable","16":"product-type-simple"},"jetpack_sharing_enabled":true,"_links":{"self":[{"href":"https:\/\/ddt.lv\/lv\/wp-json\/wp\/v2\/product\/25269"}],"collection":[{"href":"https:\/\/ddt.lv\/lv\/wp-json\/wp\/v2\/product"}],"about":[{"href":"https:\/\/ddt.lv\/lv\/wp-json\/wp\/v2\/types\/product"}],"replies":[{"embeddable":true,"href":"https:\/\/ddt.lv\/lv\/wp-json\/wp\/v2\/comments?post=25269"}],"wp:featuredmedia":[{"embeddable":true,"href":"https:\/\/ddt.lv\/lv\/wp-json\/wp\/v2\/media\/40964"}],"wp:attachment":[{"href":"https:\/\/ddt.lv\/lv\/wp-json\/wp\/v2\/media?parent=25269"}],"wp:term":[{"taxonomy":"product_cat","embeddable":true,"href":"https:\/\/ddt.lv\/lv\/wp-json\/wp\/v2\/product_cat?post=25269"},{"taxonomy":"product_tag","embeddable":true,"href":"https:\/\/ddt.lv\/lv\/wp-json\/wp\/v2\/product_tag?post=25269"},{"taxonomy":"yst_prominent_words","embeddable":true,"href":"https:\/\/ddt.lv\/lv\/wp-json\/wp\/v2\/yst_prominent_words?post=25269"}],"curies":[{"name":"wp","href":"https:\/\/api.w.org\/{rel}","templated":true}]}}