{"id":25267,"date":"2021-02-23T11:40:12","date_gmt":"2021-02-23T09:40:12","guid":{"rendered":"https:\/\/ddt.lv\/lv\/product\/mizosanas-nazis-cucina-gefu\/"},"modified":"2026-04-06T10:51:14","modified_gmt":"2026-04-06T07:51:14","slug":"mizosanas-nazis-cucina-gefu","status":"publish","type":"product","link":"https:\/\/ddt.lv\/lv\/product\/mizosanas-nazis-cucina-gefu\/","title":{"rendered":"Mizo\u0161anas nazis Cucina GEFU"},"content":{"rendered":"<p>\u0160is mizot\u0101js, kas paredz\u0113ts lieto\u0161anai gan ar labo, gan kreiso roku, ir ide\u0101li piem\u0113rots t\u0101du d\u0101rze\u0146u mizo\u0161anai k\u0101 burk\u0101ni, gur\u0137i un kartupe\u013ci. Jap\u0101\u0146u t\u0113rauda asmens, var mazg\u0101t trauku mazg\u0101jamaj\u0101 ma\u0161\u012bn\u0101.<\/p>","protected":false},"excerpt":{"rendered":"<p>\u0160is mizot\u0101js, kas paredz\u0113ts lieto\u0161anai gan ar labo, gan kreiso roku, ir ide\u0101li piem\u0113rots t\u0101du d\u0101rze\u0146u mizo\u0161anai k\u0101 burk\u0101ni, gur\u0137i un kartupe\u013ci. Jap\u0101\u0146u t\u0113rauda asmens, var mazg\u0101t trauku mazg\u0101jamaj\u0101 ma\u0161\u012bn\u0101.<\/p>\n","protected":false},"featured_media":25287,"comment_status":"closed","ping_status":"closed","template":"","meta":{"inline_featured_image":false},"product_cat":[524],"product_tag":[],"yst_prominent_words":[],"class_list":{"0":"post-25267","1":"product","2":"type-product","3":"status-publish","4":"has-post-thumbnail","6":"product_cat-virtuves-griezeji","8":"first","9":"instock","10":"taxable","11":"shipping-taxable","12":"purchasable","13":"product-type-simple"},"jetpack_sharing_enabled":true,"_links":{"self":[{"href":"https:\/\/ddt.lv\/lv\/wp-json\/wp\/v2\/product\/25267"}],"collection":[{"href":"https:\/\/ddt.lv\/lv\/wp-json\/wp\/v2\/product"}],"about":[{"href":"https:\/\/ddt.lv\/lv\/wp-json\/wp\/v2\/types\/product"}],"replies":[{"embeddable":true,"href":"https:\/\/ddt.lv\/lv\/wp-json\/wp\/v2\/comments?post=25267"}],"wp:featuredmedia":[{"embeddable":true,"href":"https:\/\/ddt.lv\/lv\/wp-json\/wp\/v2\/media\/25287"}],"wp:attachment":[{"href":"https:\/\/ddt.lv\/lv\/wp-json\/wp\/v2\/media?parent=25267"}],"wp:term":[{"taxonomy":"product_cat","embeddable":true,"href":"https:\/\/ddt.lv\/lv\/wp-json\/wp\/v2\/product_cat?post=25267"},{"taxonomy":"product_tag","embeddable":true,"href":"https:\/\/ddt.lv\/lv\/wp-json\/wp\/v2\/product_tag?post=25267"},{"taxonomy":"yst_prominent_words","embeddable":true,"href":"https:\/\/ddt.lv\/lv\/wp-json\/wp\/v2\/yst_prominent_words?post=25267"}],"curies":[{"name":"wp","href":"https:\/\/api.w.org\/{rel}","templated":true}]}}