{"id":25265,"date":"2021-02-23T11:40:11","date_gmt":"2021-02-23T09:40:11","guid":{"rendered":"https:\/\/ddt.lv\/lv\/product\/muskatriekstu-rive-mola-gefu\/"},"modified":"2026-04-13T09:48:11","modified_gmt":"2026-04-13T06:48:11","slug":"muskatriekstu-rive-mola-gefu","status":"publish","type":"product","link":"https:\/\/ddt.lv\/lv\/product\/muskatriekstu-rive-mola-gefu\/","title":{"rendered":"Muskatriekstu r\u012bve Mola GEFU"},"content":{"rendered":"<p>Muskatriekstu r\u012bve ar no\u0146emamu muskatrieksta uzglab\u0101\u0161anas nodal\u012bjumu. Izgatavota no kvalitat\u012bva ner\u016bs\u0113jo\u0161\u0101 t\u0113rauda ar plastmasas tur\u0113t\u0101ju.<\/p>","protected":false},"excerpt":{"rendered":"<p>Muskatriekstu r\u012bve ar no\u0146emamu muskatrieksta uzglab\u0101\u0161anas nodal\u012bjumu. Izgatavota no kvalitat\u012bva ner\u016bs\u0113jo\u0161\u0101 t\u0113rauda ar plastmasas tur\u0113t\u0101ju.<\/p>\n","protected":false},"featured_media":25296,"comment_status":"closed","ping_status":"closed","template":"","meta":{"inline_featured_image":false},"product_cat":[1680,772],"product_tag":[1688],"yst_prominent_words":[],"class_list":{"0":"post-25265","1":"product","2":"type-product","3":"status-publish","4":"has-post-thumbnail","6":"product_cat-griezeji-un-rives","7":"product_cat-atlaides","8":"product_tag-gefu","10":"first","11":"instock","12":"sale","13":"taxable","14":"shipping-taxable","15":"purchasable","16":"product-type-simple"},"jetpack_sharing_enabled":true,"_links":{"self":[{"href":"https:\/\/ddt.lv\/lv\/wp-json\/wp\/v2\/product\/25265"}],"collection":[{"href":"https:\/\/ddt.lv\/lv\/wp-json\/wp\/v2\/product"}],"about":[{"href":"https:\/\/ddt.lv\/lv\/wp-json\/wp\/v2\/types\/product"}],"replies":[{"embeddable":true,"href":"https:\/\/ddt.lv\/lv\/wp-json\/wp\/v2\/comments?post=25265"}],"wp:featuredmedia":[{"embeddable":true,"href":"https:\/\/ddt.lv\/lv\/wp-json\/wp\/v2\/media\/25296"}],"wp:attachment":[{"href":"https:\/\/ddt.lv\/lv\/wp-json\/wp\/v2\/media?parent=25265"}],"wp:term":[{"taxonomy":"product_cat","embeddable":true,"href":"https:\/\/ddt.lv\/lv\/wp-json\/wp\/v2\/product_cat?post=25265"},{"taxonomy":"product_tag","embeddable":true,"href":"https:\/\/ddt.lv\/lv\/wp-json\/wp\/v2\/product_tag?post=25265"},{"taxonomy":"yst_prominent_words","embeddable":true,"href":"https:\/\/ddt.lv\/lv\/wp-json\/wp\/v2\/yst_prominent_words?post=25265"}],"curies":[{"name":"wp","href":"https:\/\/api.w.org\/{rel}","templated":true}]}}