{"id":25263,"date":"2021-02-23T11:40:10","date_gmt":"2021-02-23T09:40:10","guid":{"rendered":"https:\/\/ddt.lv\/lv\/product\/kafijas-dzirnavinas-lorenzo-gefu\/"},"modified":"2026-04-06T10:51:16","modified_gmt":"2026-04-06T07:51:16","slug":"kafijas-dzirnavinas-lorenzo-gefu","status":"publish","type":"product","link":"https:\/\/ddt.lv\/lv\/product\/kafijas-dzirnavinas-lorenzo-gefu\/","title":{"rendered":"Kafijas dzirnavi\u0146as Lorenzo GEFU"},"content":{"rendered":"<p>Kafijas dzirnavi\u0146as LORENZO garant\u0113 svaigi maltu kafiju ar vienu rokas kust\u012bbu. To skala nodro\u0161ina 11 l\u012bme\u0146u smalcin\u0101\u0161anu, \u013caujot jums sasmalcin\u0101t kafiju, lai t\u0101 piln\u012bb\u0101 atbilstu j\u016bsu gaumei: pulverveida espresso, da\u013c\u0113ji pulverveida filtr\u0113tajai kafijai vai rupja fran\u010du presei. Mal\u0161anas meh\u0101nismu ir nepiecie\u0161ams griezt iev\u0113rojami maz\u0101k nek\u0101 cit\u0101m dzirnavi\u0146\u0101m. Rokturi var vertik\u0101li piestiprin\u0101t pie tur\u0113t\u0101ja kafijas trauka s\u0101nos. T\u0101d\u0101 veid\u0101 kafijas dzirnavi\u0146as aiz\u0146ems maz\u0101k vietas.<\/p>","protected":false},"excerpt":{"rendered":"<p>Kafijas dzirnavi\u0146as LORENZO garant\u0113 svaigi maltu kafiju ar vienu rokas kust\u012bbu. To skala nodro\u0161ina 11 l\u012bme\u0146u smalcin\u0101\u0161anu, \u013caujot jums sasmalcin\u0101t kafiju, lai t\u0101 piln\u012bb\u0101 atbilstu j\u016bsu gaumei: pulverveida espresso, da\u013c\u0113ji pulverveida filtr\u0113tajai kafijai vai rupja fran\u010du presei. Mal\u0161anas meh\u0101nismu ir nepiecie\u0161ams griezt iev\u0113rojami maz\u0101k nek\u0101 cit\u0101m dzirnavi\u0146\u0101m. Rokturi var vertik\u0101li piestiprin\u0101t pie tur\u0113t\u0101ja kafijas trauka [&hellip;]<\/p>\n","protected":false},"featured_media":25308,"comment_status":"closed","ping_status":"closed","template":"","meta":{"inline_featured_image":false},"product_cat":[938],"product_tag":[],"yst_prominent_words":[],"class_list":{"0":"post-25263","1":"product","2":"type-product","3":"status-publish","4":"has-post-thumbnail","6":"product_cat-kafijas-automati-un-piederumi","8":"first","9":"instock","10":"taxable","11":"shipping-taxable","12":"purchasable","13":"product-type-simple"},"jetpack_sharing_enabled":true,"_links":{"self":[{"href":"https:\/\/ddt.lv\/lv\/wp-json\/wp\/v2\/product\/25263"}],"collection":[{"href":"https:\/\/ddt.lv\/lv\/wp-json\/wp\/v2\/product"}],"about":[{"href":"https:\/\/ddt.lv\/lv\/wp-json\/wp\/v2\/types\/product"}],"replies":[{"embeddable":true,"href":"https:\/\/ddt.lv\/lv\/wp-json\/wp\/v2\/comments?post=25263"}],"wp:featuredmedia":[{"embeddable":true,"href":"https:\/\/ddt.lv\/lv\/wp-json\/wp\/v2\/media\/25308"}],"wp:attachment":[{"href":"https:\/\/ddt.lv\/lv\/wp-json\/wp\/v2\/media?parent=25263"}],"wp:term":[{"taxonomy":"product_cat","embeddable":true,"href":"https:\/\/ddt.lv\/lv\/wp-json\/wp\/v2\/product_cat?post=25263"},{"taxonomy":"product_tag","embeddable":true,"href":"https:\/\/ddt.lv\/lv\/wp-json\/wp\/v2\/product_tag?post=25263"},{"taxonomy":"yst_prominent_words","embeddable":true,"href":"https:\/\/ddt.lv\/lv\/wp-json\/wp\/v2\/yst_prominent_words?post=25263"}],"curies":[{"name":"wp","href":"https:\/\/api.w.org\/{rel}","templated":true}]}}