{"id":25262,"date":"2021-02-23T11:30:18","date_gmt":"2021-02-23T09:30:18","guid":{"rendered":"https:\/\/ddt.lv\/lv\/product\/kubinu-griesanas-nazis-cubico-gefu\/"},"modified":"2026-04-08T14:31:14","modified_gmt":"2026-04-08T11:31:14","slug":"kubinu-griesanas-nazis-cubico-gefu","status":"publish","type":"product","link":"https:\/\/ddt.lv\/lv\/product\/kubinu-griesanas-nazis-cubico-gefu\/","title":{"rendered":"Kubi\u0146u grie\u0161anas nazis Cubico GEFU"},"content":{"rendered":"<p>CUBICO ir moderns virtuves pal\u012bgl\u012bdzeklis \u0113dienu gatavo\u0161anai bez asar\u0101m &#8211; pat grie\u017eot s\u012bpolus. Tas ar prieku \u0101tri sagrie\u017e visu mazos gabali\u0146os. Viena no t\u0101 praktiskaj\u0101m iez\u012bm\u0113m ir sav\u0101k\u0161anas trauks ar v\u0101ku p\u0101rtikas uzglab\u0101\u0161anai ledusskap\u012b. Vairs nav apgr\u016btino\u0161as \u0113diena sasmalcin\u0101\u0161anas. \u201cCUBICO\u201d ir asa grie\u0161anas vien\u012bba, kas izgatavota no ner\u016bs\u0113jo\u0161\u0101 t\u0113rauda, kas \u013cauj prec\u012bzi un viegli sagriezt ce\u013cu uz pan\u0101kumiem kulin\u0101rijas m\u0101ksl\u0101.<\/p>","protected":false},"excerpt":{"rendered":"<p>CUBICO ir moderns virtuves pal\u012bgl\u012bdzeklis \u0113dienu gatavo\u0161anai bez asar\u0101m &#8211; pat grie\u017eot s\u012bpolus. Tas ar prieku \u0101tri sagrie\u017e visu mazos gabali\u0146os. Viena no t\u0101 praktiskaj\u0101m iez\u012bm\u0113m ir sav\u0101k\u0161anas trauks ar v\u0101ku p\u0101rtikas uzglab\u0101\u0161anai ledusskap\u012b. Vairs nav apgr\u016btino\u0161as \u0113diena sasmalcin\u0101\u0161anas. \u201cCUBICO\u201d ir asa grie\u0161anas vien\u012bba, kas izgatavota no ner\u016bs\u0113jo\u0161\u0101 t\u0113rauda, kas \u013cauj prec\u012bzi un viegli sagriezt [&hellip;]<\/p>\n","protected":false},"featured_media":25303,"comment_status":"closed","ping_status":"closed","template":"","meta":{"inline_featured_image":false},"product_cat":[524],"product_tag":[1688],"yst_prominent_words":[],"class_list":{"0":"post-25262","1":"product","2":"type-product","3":"status-publish","4":"has-post-thumbnail","6":"product_cat-virtuves-griezeji","7":"product_tag-gefu","9":"first","10":"outofstock","11":"taxable","12":"shipping-taxable","13":"purchasable","14":"product-type-simple"},"jetpack_sharing_enabled":true,"_links":{"self":[{"href":"https:\/\/ddt.lv\/lv\/wp-json\/wp\/v2\/product\/25262"}],"collection":[{"href":"https:\/\/ddt.lv\/lv\/wp-json\/wp\/v2\/product"}],"about":[{"href":"https:\/\/ddt.lv\/lv\/wp-json\/wp\/v2\/types\/product"}],"replies":[{"embeddable":true,"href":"https:\/\/ddt.lv\/lv\/wp-json\/wp\/v2\/comments?post=25262"}],"wp:featuredmedia":[{"embeddable":true,"href":"https:\/\/ddt.lv\/lv\/wp-json\/wp\/v2\/media\/25303"}],"wp:attachment":[{"href":"https:\/\/ddt.lv\/lv\/wp-json\/wp\/v2\/media?parent=25262"}],"wp:term":[{"taxonomy":"product_cat","embeddable":true,"href":"https:\/\/ddt.lv\/lv\/wp-json\/wp\/v2\/product_cat?post=25262"},{"taxonomy":"product_tag","embeddable":true,"href":"https:\/\/ddt.lv\/lv\/wp-json\/wp\/v2\/product_tag?post=25262"},{"taxonomy":"yst_prominent_words","embeddable":true,"href":"https:\/\/ddt.lv\/lv\/wp-json\/wp\/v2\/yst_prominent_words?post=25262"}],"curies":[{"name":"wp","href":"https:\/\/api.w.org\/{rel}","templated":true}]}}