{"id":25261,"date":"2021-02-23T11:30:17","date_gmt":"2021-02-23T09:30:17","guid":{"rendered":"https:\/\/ddt.lv\/lv\/product\/siera-un-darzenu-nazis-verdura-gefu\/"},"modified":"2026-04-06T10:51:16","modified_gmt":"2026-04-06T07:51:16","slug":"siera-un-darzenu-nazis-verdura-gefu","status":"publish","type":"product","link":"https:\/\/ddt.lv\/lv\/product\/siera-un-darzenu-nazis-verdura-gefu\/","title":{"rendered":"Siera un d\u0101rze\u0146u nazis Verdura GEFU"},"content":{"rendered":"<p>Jap\u0101\u0146u mizot\u0101js ar 18\/10 ner\u016bs\u0113jo\u0161\u0101 t\u0113rauda tur\u0113t\u0101ju ir ier\u012bce, ar kuru var gan griezt, gan mizot. \u012apa\u0161ie asie asme\u0146i, kas izgatavoti no jap\u0101\u0146u asmens t\u0113rauda, nepaz\u012bst \u017e\u0113last\u012bbu. Nazis dro\u0161i un \u0113rti iegu\u013c rok\u0101. \u012apa\u0161i asais jap\u0101\u0146u mizot\u0101js at\u0161\u0137iras ar v\u0101cu z\u012bmola produkta kvalit\u0101ti. V\u0113l viena iez\u012bme ir unik\u0101l\u0101 roktura ergonomika, kas padara darbu tik pat\u012bkamu. Siera un d\u0101rze\u0146u griez\u0113js VERDURA m\u012bkst\u0101 siera, k\u0101postu un s\u012bpolu efekt\u012bvai grie\u0161anai.<br \/>\nVienl\u012bdz \u0113rts gan labro\u010diem gan krei\u013ciem.<\/p>","protected":false},"excerpt":{"rendered":"<p>Jap\u0101\u0146u mizot\u0101js ar 18\/10 ner\u016bs\u0113jo\u0161\u0101 t\u0113rauda tur\u0113t\u0101ju ir ier\u012bce, ar kuru var gan griezt, gan mizot. \u012apa\u0161ie asie asme\u0146i, kas izgatavoti no jap\u0101\u0146u asmens t\u0113rauda, nepaz\u012bst \u017e\u0113last\u012bbu. Nazis dro\u0161i un \u0113rti iegu\u013c rok\u0101. \u012apa\u0161i asais jap\u0101\u0146u mizot\u0101js at\u0161\u0137iras ar v\u0101cu z\u012bmola produkta kvalit\u0101ti. V\u0113l viena iez\u012bme ir unik\u0101l\u0101 roktura ergonomika, kas padara darbu tik pat\u012bkamu. [&hellip;]<\/p>\n","protected":false},"featured_media":25310,"comment_status":"closed","ping_status":"closed","template":"","meta":{"inline_featured_image":false},"product_cat":[1680,772,524],"product_tag":[1688],"yst_prominent_words":[],"class_list":{"0":"post-25261","1":"product","2":"type-product","3":"status-publish","4":"has-post-thumbnail","6":"product_cat-griezeji-un-rives","7":"product_cat-atlaides","8":"product_cat-virtuves-griezeji","9":"product_tag-gefu","11":"first","12":"instock","13":"sale","14":"taxable","15":"shipping-taxable","16":"purchasable","17":"product-type-simple"},"jetpack_sharing_enabled":true,"_links":{"self":[{"href":"https:\/\/ddt.lv\/lv\/wp-json\/wp\/v2\/product\/25261"}],"collection":[{"href":"https:\/\/ddt.lv\/lv\/wp-json\/wp\/v2\/product"}],"about":[{"href":"https:\/\/ddt.lv\/lv\/wp-json\/wp\/v2\/types\/product"}],"replies":[{"embeddable":true,"href":"https:\/\/ddt.lv\/lv\/wp-json\/wp\/v2\/comments?post=25261"}],"wp:featuredmedia":[{"embeddable":true,"href":"https:\/\/ddt.lv\/lv\/wp-json\/wp\/v2\/media\/25310"}],"wp:attachment":[{"href":"https:\/\/ddt.lv\/lv\/wp-json\/wp\/v2\/media?parent=25261"}],"wp:term":[{"taxonomy":"product_cat","embeddable":true,"href":"https:\/\/ddt.lv\/lv\/wp-json\/wp\/v2\/product_cat?post=25261"},{"taxonomy":"product_tag","embeddable":true,"href":"https:\/\/ddt.lv\/lv\/wp-json\/wp\/v2\/product_tag?post=25261"},{"taxonomy":"yst_prominent_words","embeddable":true,"href":"https:\/\/ddt.lv\/lv\/wp-json\/wp\/v2\/yst_prominent_words?post=25261"}],"curies":[{"name":"wp","href":"https:\/\/api.w.org\/{rel}","templated":true}]}}