{"id":25255,"date":"2021-02-22T21:50:18","date_gmt":"2021-02-22T19:50:18","guid":{"rendered":"https:\/\/ddt.lv\/lv\/product\/tomatu-paprikas-kivi-mizotajs-pomodoro-gefu\/"},"modified":"2026-04-13T09:51:11","modified_gmt":"2026-04-13T06:51:11","slug":"tomatu-paprikas-kivi-mizotajs-pomodoro-gefu","status":"publish","type":"product","link":"https:\/\/ddt.lv\/lv\/product\/tomatu-paprikas-kivi-mizotajs-pomodoro-gefu\/","title":{"rendered":"Tom\u0101tu \/ paprikas \/ kivi mizot\u0101js Pomodoro GEFU"},"content":{"rendered":"<p>Jap\u0101\u0146u mizot\u0101js ar 18\/10 ner\u016bs\u0113jo\u0161\u0101 t\u0113rauda tur\u0113t\u0101ju ir ier\u012bce, kas var gan griezt, gan mizot. \u012apa\u0161i asie asme\u0146i, kas izgatavoti no jap\u0101\u0146u asmens t\u0113rauda, nepaz\u012bst \u017e\u0113last\u012bbu. Neskatoties uz to, tie dro\u0161i un \u0113rti iegu\u013c rok\u0101. \u012apa\u0161i asais jap\u0101\u0146u mizot\u0101js at\u0161\u0137iras ar v\u0101cu z\u012bmola produkta kvalit\u0101ti. V\u0113l viena iez\u012bme ir unik\u0101l\u0101 roktura ergonomika, kas padara darbu tik pat\u012bkamu. Tom\u0101tu, paprikas un kivi mizot\u0101ji \u201cPomodoro\u201d<\/p>","protected":false},"excerpt":{"rendered":"<p>Jap\u0101\u0146u mizot\u0101js ar 18\/10 ner\u016bs\u0113jo\u0161\u0101 t\u0113rauda tur\u0113t\u0101ju ir ier\u012bce, kas var gan griezt, gan mizot. \u012apa\u0161i asie asme\u0146i, kas izgatavoti no jap\u0101\u0146u asmens t\u0113rauda, nepaz\u012bst \u017e\u0113last\u012bbu. Neskatoties uz to, tie dro\u0161i un \u0113rti iegu\u013c rok\u0101. \u012apa\u0161i asais jap\u0101\u0146u mizot\u0101js at\u0161\u0137iras ar v\u0101cu z\u012bmola produkta kvalit\u0101ti. V\u0113l viena iez\u012bme ir unik\u0101l\u0101 roktura ergonomika, kas padara darbu [&hellip;]<\/p>\n","protected":false},"featured_media":25256,"comment_status":"closed","ping_status":"closed","template":"","meta":{"inline_featured_image":false},"product_cat":[1680,772],"product_tag":[1688],"yst_prominent_words":[],"class_list":{"0":"post-25255","1":"product","2":"type-product","3":"status-publish","4":"has-post-thumbnail","6":"product_cat-griezeji-un-rives","7":"product_cat-atlaides","8":"product_tag-gefu","10":"first","11":"instock","12":"sale","13":"taxable","14":"shipping-taxable","15":"purchasable","16":"product-type-simple"},"jetpack_sharing_enabled":true,"_links":{"self":[{"href":"https:\/\/ddt.lv\/lv\/wp-json\/wp\/v2\/product\/25255"}],"collection":[{"href":"https:\/\/ddt.lv\/lv\/wp-json\/wp\/v2\/product"}],"about":[{"href":"https:\/\/ddt.lv\/lv\/wp-json\/wp\/v2\/types\/product"}],"replies":[{"embeddable":true,"href":"https:\/\/ddt.lv\/lv\/wp-json\/wp\/v2\/comments?post=25255"}],"wp:featuredmedia":[{"embeddable":true,"href":"https:\/\/ddt.lv\/lv\/wp-json\/wp\/v2\/media\/25256"}],"wp:attachment":[{"href":"https:\/\/ddt.lv\/lv\/wp-json\/wp\/v2\/media?parent=25255"}],"wp:term":[{"taxonomy":"product_cat","embeddable":true,"href":"https:\/\/ddt.lv\/lv\/wp-json\/wp\/v2\/product_cat?post=25255"},{"taxonomy":"product_tag","embeddable":true,"href":"https:\/\/ddt.lv\/lv\/wp-json\/wp\/v2\/product_tag?post=25255"},{"taxonomy":"yst_prominent_words","embeddable":true,"href":"https:\/\/ddt.lv\/lv\/wp-json\/wp\/v2\/yst_prominent_words?post=25255"}],"curies":[{"name":"wp","href":"https:\/\/api.w.org\/{rel}","templated":true}]}}