{"id":25240,"date":"2021-02-22T20:40:18","date_gmt":"2021-02-22T18:40:18","guid":{"rendered":"https:\/\/ddt.lv\/lv\/product\/kulinarijas-sprice-cookie-gefu\/"},"modified":"2026-04-06T10:51:31","modified_gmt":"2026-04-06T07:51:31","slug":"kulinarijas-sprice-cookie-gefu","status":"publish","type":"product","link":"https:\/\/ddt.lv\/lv\/product\/kulinarijas-sprice-cookie-gefu\/","title":{"rendered":"Kulin\u0101rijas \u0161price Cookie GEFU"},"content":{"rendered":"<p>Lai ieg\u016btu izcilu cep\u0161anas prieku, tie\u0161i uz cepe\u0161pannas: prec\u012bzas konditorejas izstr\u0101d\u0101jumu porcijas, pateicoties daudzuma regul\u0113\u0161anas iesp\u0113jai. 20 perfor\u0113ti mot\u012bvu diski, alum\u012bnijs, 4 da\u017e\u0101di uzga\u013ci no ABS plastmasas pied\u0101v\u0101 neierobe\u017eotas iesp\u0113jas cepumiem un dekor\u0113\u0161anai.<\/p>","protected":false},"excerpt":{"rendered":"<p>Lai ieg\u016btu izcilu cep\u0161anas prieku, tie\u0161i uz cepe\u0161pannas: prec\u012bzas konditorejas izstr\u0101d\u0101jumu porcijas, pateicoties daudzuma regul\u0113\u0161anas iesp\u0113jai. 20 perfor\u0113ti mot\u012bvu diski, alum\u012bnijs, 4 da\u017e\u0101di uzga\u013ci no ABS plastmasas pied\u0101v\u0101 neierobe\u017eotas iesp\u0113jas cepumiem un dekor\u0113\u0161anai.<\/p>\n","protected":false},"featured_media":25250,"comment_status":"closed","ping_status":"closed","template":"","meta":{"inline_featured_image":false},"product_cat":[534],"product_tag":[],"yst_prominent_words":[],"class_list":{"0":"post-25240","1":"product","2":"type-product","3":"status-publish","4":"has-post-thumbnail","6":"product_cat-dazadi","8":"first","9":"outofstock","10":"taxable","11":"shipping-taxable","12":"purchasable","13":"product-type-simple"},"jetpack_sharing_enabled":true,"_links":{"self":[{"href":"https:\/\/ddt.lv\/lv\/wp-json\/wp\/v2\/product\/25240"}],"collection":[{"href":"https:\/\/ddt.lv\/lv\/wp-json\/wp\/v2\/product"}],"about":[{"href":"https:\/\/ddt.lv\/lv\/wp-json\/wp\/v2\/types\/product"}],"replies":[{"embeddable":true,"href":"https:\/\/ddt.lv\/lv\/wp-json\/wp\/v2\/comments?post=25240"}],"wp:featuredmedia":[{"embeddable":true,"href":"https:\/\/ddt.lv\/lv\/wp-json\/wp\/v2\/media\/25250"}],"wp:attachment":[{"href":"https:\/\/ddt.lv\/lv\/wp-json\/wp\/v2\/media?parent=25240"}],"wp:term":[{"taxonomy":"product_cat","embeddable":true,"href":"https:\/\/ddt.lv\/lv\/wp-json\/wp\/v2\/product_cat?post=25240"},{"taxonomy":"product_tag","embeddable":true,"href":"https:\/\/ddt.lv\/lv\/wp-json\/wp\/v2\/product_tag?post=25240"},{"taxonomy":"yst_prominent_words","embeddable":true,"href":"https:\/\/ddt.lv\/lv\/wp-json\/wp\/v2\/yst_prominent_words?post=25240"}],"curies":[{"name":"wp","href":"https:\/\/api.w.org\/{rel}","templated":true}]}}