{"id":25233,"date":"2021-02-22T20:00:17","date_gmt":"2021-02-22T18:00:17","guid":{"rendered":"https:\/\/ddt.lv\/lv\/product\/mozzarella-skeletajs-toscana-gefu\/"},"modified":"2026-04-13T12:30:17","modified_gmt":"2026-04-13T09:30:17","slug":"mozzarella-skeletajs-toscana-gefu","status":"publish","type":"product","link":"https:\/\/ddt.lv\/lv\/product\/mozzarella-skeletajs-toscana-gefu\/","title":{"rendered":"Mozzarella \u0161\u0137\u0113l\u0113t\u0101js Toscana GEFU"},"content":{"rendered":"<p>Viegli un vienm\u0113r\u012bgi sagriezt mocarellu, v\u0101r\u012btus kartupe\u013cus vai cieti v\u0101r\u012btas olas TOSCANA mozzarella griez\u0113jam nav probl\u0113mu. T\u0101 ner\u016bs\u0113jo\u0161\u0101 t\u0113rauda stieples bez piep\u016bles sl\u012bd caur sagrie\u017eamo materi\u0101lu. Plastmasas pamatne ir veidota t\u0101, lai \u013cautu produktus sagriezt piln\u012bb\u0101.<\/p>","protected":false},"excerpt":{"rendered":"<p>Viegli un vienm\u0113r\u012bgi sagriezt mocarellu, v\u0101r\u012btus kartupe\u013cus vai cieti v\u0101r\u012btas olas TOSCANA mozzarella griez\u0113jam nav probl\u0113mu. T\u0101 ner\u016bs\u0113jo\u0161\u0101 t\u0113rauda stieples bez piep\u016bles sl\u012bd caur sagrie\u017eamo materi\u0101lu. Plastmasas pamatne ir veidota t\u0101, lai \u013cautu produktus sagriezt piln\u012bb\u0101.<\/p>\n","protected":false},"featured_media":25245,"comment_status":"closed","ping_status":"closed","template":"","meta":{"inline_featured_image":false},"product_cat":[1680,772],"product_tag":[1688],"yst_prominent_words":[],"class_list":{"0":"post-25233","1":"product","2":"type-product","3":"status-publish","4":"has-post-thumbnail","6":"product_cat-griezeji-un-rives","7":"product_cat-atlaides","8":"product_tag-gefu","10":"first","11":"instock","12":"sale","13":"taxable","14":"shipping-taxable","15":"purchasable","16":"product-type-simple"},"jetpack_sharing_enabled":true,"_links":{"self":[{"href":"https:\/\/ddt.lv\/lv\/wp-json\/wp\/v2\/product\/25233"}],"collection":[{"href":"https:\/\/ddt.lv\/lv\/wp-json\/wp\/v2\/product"}],"about":[{"href":"https:\/\/ddt.lv\/lv\/wp-json\/wp\/v2\/types\/product"}],"replies":[{"embeddable":true,"href":"https:\/\/ddt.lv\/lv\/wp-json\/wp\/v2\/comments?post=25233"}],"wp:featuredmedia":[{"embeddable":true,"href":"https:\/\/ddt.lv\/lv\/wp-json\/wp\/v2\/media\/25245"}],"wp:attachment":[{"href":"https:\/\/ddt.lv\/lv\/wp-json\/wp\/v2\/media?parent=25233"}],"wp:term":[{"taxonomy":"product_cat","embeddable":true,"href":"https:\/\/ddt.lv\/lv\/wp-json\/wp\/v2\/product_cat?post=25233"},{"taxonomy":"product_tag","embeddable":true,"href":"https:\/\/ddt.lv\/lv\/wp-json\/wp\/v2\/product_tag?post=25233"},{"taxonomy":"yst_prominent_words","embeddable":true,"href":"https:\/\/ddt.lv\/lv\/wp-json\/wp\/v2\/yst_prominent_words?post=25233"}],"curies":[{"name":"wp","href":"https:\/\/api.w.org\/{rel}","templated":true}]}}