{"id":25232,"date":"2021-02-22T19:50:18","date_gmt":"2021-02-22T17:50:18","guid":{"rendered":"https:\/\/ddt.lv\/lv\/product\/rotejosa-rive-pecorino-laser-cut-gefu\/"},"modified":"2026-04-06T10:51:17","modified_gmt":"2026-04-06T07:51:17","slug":"rotejosa-rive-pecorino-laser-cut-gefu","status":"publish","type":"product","link":"https:\/\/ddt.lv\/lv\/product\/rotejosa-rive-pecorino-laser-cut-gefu\/","title":{"rendered":"Rot\u0113jo\u0161a r\u012bve Pecorino Laser Cut GEFU"},"content":{"rendered":"<p>Pateicoties diviemm main\u0101miemm r\u012bves cilindriem, rot\u0113jo\u0161\u0101 r\u012bve ir piem\u0113rota gan skaidu, gan smalku drupatu izgatavo\u0161anai. Vienk\u0101r\u0161i ielieciet piltuv\u0113 cieto sieru, riekstus, \u0161okol\u0101di vai \u0137iplokus, pagrieziet rokturi &#8211; un dar\u012bts! Izsmalcin\u0101t\u0101 rot\u0113jo\u0161\u0101s r\u012bves konstrukcija \u013cauj gandr\u012bz piln\u012bb\u0101 izmantot produktu, kuru v\u0113laties sar\u012bv\u0113t, vienlaikus turot rokas dro\u0161\u012bb\u0101. J\u016bs var\u0113siet samain\u012bt r\u012bves uzga\u013cus vien ar p\u0101ris kust\u012bb\u0101m. Nosl\u0113pums ir r\u012bves cilindru asums, ko t\u0101 ir par\u0101d\u0101 Laser Cut tehnikai.<\/p>","protected":false},"excerpt":{"rendered":"<p>Pateicoties diviemm main\u0101miemm r\u012bves cilindriem, rot\u0113jo\u0161\u0101 r\u012bve ir piem\u0113rota gan skaidu, gan smalku drupatu izgatavo\u0161anai. Vienk\u0101r\u0161i ielieciet piltuv\u0113 cieto sieru, riekstus, \u0161okol\u0101di vai \u0137iplokus, pagrieziet rokturi &#8211; un dar\u012bts! Izsmalcin\u0101t\u0101 rot\u0113jo\u0161\u0101s r\u012bves konstrukcija \u013cauj gandr\u012bz piln\u012bb\u0101 izmantot produktu, kuru v\u0113laties sar\u012bv\u0113t, vienlaikus turot rokas dro\u0161\u012bb\u0101. J\u016bs var\u0113siet samain\u012bt r\u012bves uzga\u013cus vien ar p\u0101ris kust\u012bb\u0101m. Nosl\u0113pums [&hellip;]<\/p>\n","protected":false},"featured_media":25235,"comment_status":"closed","ping_status":"closed","template":"","meta":{"inline_featured_image":false},"product_cat":[772,524],"product_tag":[],"yst_prominent_words":[],"class_list":{"0":"post-25232","1":"product","2":"type-product","3":"status-publish","4":"has-post-thumbnail","6":"product_cat-atlaides","7":"product_cat-virtuves-griezeji","9":"first","10":"instock","11":"sale","12":"taxable","13":"shipping-taxable","14":"purchasable","15":"product-type-simple"},"jetpack_sharing_enabled":true,"_links":{"self":[{"href":"https:\/\/ddt.lv\/lv\/wp-json\/wp\/v2\/product\/25232"}],"collection":[{"href":"https:\/\/ddt.lv\/lv\/wp-json\/wp\/v2\/product"}],"about":[{"href":"https:\/\/ddt.lv\/lv\/wp-json\/wp\/v2\/types\/product"}],"replies":[{"embeddable":true,"href":"https:\/\/ddt.lv\/lv\/wp-json\/wp\/v2\/comments?post=25232"}],"wp:featuredmedia":[{"embeddable":true,"href":"https:\/\/ddt.lv\/lv\/wp-json\/wp\/v2\/media\/25235"}],"wp:attachment":[{"href":"https:\/\/ddt.lv\/lv\/wp-json\/wp\/v2\/media?parent=25232"}],"wp:term":[{"taxonomy":"product_cat","embeddable":true,"href":"https:\/\/ddt.lv\/lv\/wp-json\/wp\/v2\/product_cat?post=25232"},{"taxonomy":"product_tag","embeddable":true,"href":"https:\/\/ddt.lv\/lv\/wp-json\/wp\/v2\/product_tag?post=25232"},{"taxonomy":"yst_prominent_words","embeddable":true,"href":"https:\/\/ddt.lv\/lv\/wp-json\/wp\/v2\/yst_prominent_words?post=25232"}],"curies":[{"name":"wp","href":"https:\/\/api.w.org\/{rel}","templated":true}]}}