{"id":25231,"date":"2021-02-22T19:50:18","date_gmt":"2021-02-22T17:50:18","guid":{"rendered":"https:\/\/ddt.lv\/lv\/product\/darzenu-griezejs-rettimo-gefu\/"},"modified":"2026-04-15T10:35:27","modified_gmt":"2026-04-15T07:35:27","slug":"darzenu-griezejs-rettimo-gefu","status":"publish","type":"product","link":"https:\/\/ddt.lv\/lv\/product\/darzenu-griezejs-rettimo-gefu\/","title":{"rendered":"D\u0101rze\u0146u griez\u0113js Rettimo GEFU"},"content":{"rendered":"<p>\u0160is praktiskais r\u012bks \u013cauj red\u012bsus viegli sagriezt dekorat\u012bv\u0101s cirt\u0101s. Tas ir piem\u0113rots ar\u012b gur\u0137u, burk\u0101nu, kartupe\u013cu un daudzu citu cietu d\u0101rze\u0146u sagrie\u0161anai. Ar tur\u0113t\u0101ju un pirkstu aizsargu dro\u0161ai un \u0101trai grie\u0161anai.<\/p>","protected":false},"excerpt":{"rendered":"<p>\u0160is praktiskais r\u012bks \u013cauj red\u012bsus viegli sagriezt dekorat\u012bv\u0101s cirt\u0101s. Tas ir piem\u0113rots ar\u012b gur\u0137u, burk\u0101nu, kartupe\u013cu un daudzu citu cietu d\u0101rze\u0146u sagrie\u0161anai. Ar tur\u0113t\u0101ju un pirkstu aizsargu dro\u0161ai un \u0101trai grie\u0161anai.<\/p>\n","protected":false},"featured_media":25242,"comment_status":"closed","ping_status":"closed","template":"","meta":{"inline_featured_image":false},"product_cat":[1680,772],"product_tag":[],"yst_prominent_words":[],"class_list":{"0":"post-25231","1":"product","2":"type-product","3":"status-publish","4":"has-post-thumbnail","6":"product_cat-griezeji-un-rives","7":"product_cat-atlaides","9":"first","10":"instock","11":"sale","12":"taxable","13":"shipping-taxable","14":"purchasable","15":"product-type-simple"},"jetpack_sharing_enabled":true,"_links":{"self":[{"href":"https:\/\/ddt.lv\/lv\/wp-json\/wp\/v2\/product\/25231"}],"collection":[{"href":"https:\/\/ddt.lv\/lv\/wp-json\/wp\/v2\/product"}],"about":[{"href":"https:\/\/ddt.lv\/lv\/wp-json\/wp\/v2\/types\/product"}],"replies":[{"embeddable":true,"href":"https:\/\/ddt.lv\/lv\/wp-json\/wp\/v2\/comments?post=25231"}],"wp:featuredmedia":[{"embeddable":true,"href":"https:\/\/ddt.lv\/lv\/wp-json\/wp\/v2\/media\/25242"}],"wp:attachment":[{"href":"https:\/\/ddt.lv\/lv\/wp-json\/wp\/v2\/media?parent=25231"}],"wp:term":[{"taxonomy":"product_cat","embeddable":true,"href":"https:\/\/ddt.lv\/lv\/wp-json\/wp\/v2\/product_cat?post=25231"},{"taxonomy":"product_tag","embeddable":true,"href":"https:\/\/ddt.lv\/lv\/wp-json\/wp\/v2\/product_tag?post=25231"},{"taxonomy":"yst_prominent_words","embeddable":true,"href":"https:\/\/ddt.lv\/lv\/wp-json\/wp\/v2\/yst_prominent_words?post=25231"}],"curies":[{"name":"wp","href":"https:\/\/api.w.org\/{rel}","templated":true}]}}