{"id":25195,"date":"2021-02-12T13:30:09","date_gmt":"2021-02-12T11:30:09","guid":{"rendered":"https:\/\/ddt.lv\/lv\/product\/digitala-bezvadu-meteostacija-e6018-3xaaa-2aaa-5v-dc-emos\/"},"modified":"2026-04-05T11:55:29","modified_gmt":"2026-04-05T08:55:29","slug":"digitala-bezvadu-meteostacija-e6018-3xaaa-2aaa-5v-dc-emos","status":"publish","type":"product","link":"https:\/\/ddt.lv\/lv\/product\/digitala-bezvadu-meteostacija-e6018-3xaaa-2aaa-5v-dc-emos\/","title":{"rendered":"Digit\u0101la bezvadu meteostacija E6018 (3xAAA+2AAA+5V DC) EMOS"},"content":{"rendered":"<p>Svar\u012bg\u0101kie parametri<\/p>\n<ul>\n<li>Mai\u0146str\u0101vas adapteris j\u0101, 5 V DC \/ 300 mA (iek\u013cauts komplekt\u0101)<\/li>\n<li>iesp\u0113jamais papildu sensors 3 (E06018)<\/li>\n<li>sensora darb\u012bbas r\u0101diuss l\u012bdz 100 m<\/li>\n<li>barometrs j\u0101<\/li>\n<li>displeja izm\u0113rs 168 \u00d7 93 mm<\/li>\n<li>projekcijas n\u0113\n<p>Citi parametri<\/li>\n<li>iesp\u0113ja pak\u0101rt pie sienas j\u0101<\/li>\n<li>vadu zonde sensoram n\u0113<\/li>\n<li>\u0101ra temperat\u016bra -50 \u00b0 C l\u012bdz +70 \u00b0 C, iz\u0161\u0137irtsp\u0113ja 0,1 \u00b0 C<\/li>\n<li>\u0101ra mitrums 1% a\u017e 99% RV, iz\u0161\u0137irtsp\u0113ja 1%<\/li>\n<li>laika prognoze j\u0101<\/li>\n<li>pulkstenis DCF (radio vad\u0101ms pulkstenis)<\/li>\n<li>min. un maks. temperat\u016bra j\u0101<\/li>\n<li>past\u0101v\u012bgs apgaismojums j\u0101<\/li>\n<li>m\u0113ness f\u0101ze j\u0101<\/li>\n<li>datums j\u0101<\/li>\n<li>spiediena tendence j\u0101<\/li>\n<li>stacijas jauda 3 \u00d7 1,5 V AAA (nav iek\u013cauta komplekt\u0101)<\/li>\n<li>termometra dizains bezvadu<\/li>\n<li>kalend\u0101rs j\u0101<\/li>\n<li>iek\u0161telpu temperat\u016bra no -10 \u00b0 C l\u012bdz +50 \u00b0 C, iz\u0161\u0137irtsp\u0113ja 0,1 \u00b0 C<\/li>\n<li>lietus m\u0113r\u012bt\u0101js n\u0113<\/li>\n<li>temperat\u016bras tendence j\u0101<\/li>\n<li>LED apgaismojuma displejs j\u0101<\/li>\n<li>augstuma regul\u0113\u0161ana j\u0101<\/li>\n<li>kr\u0101su apgaismojuma displejs (meln\u0101 maska) j\u0101<\/li>\n<li>12\/24 laika form\u0101ts j\u0101<\/li>\n<li>sensora jauda 2 \u00d7 1,5 V AAA (nav iek\u013cauta komplekt\u0101)<\/li>\n<li>modin\u0101t\u0101js j\u0101, 2 \u00d7<\/li>\n<li>iek\u0161telpu mitrums no 1% l\u012bdz 99% RH, iz\u0161\u0137irtsp\u0113ja 1%<\/li>\n<li>anemometrs n\u0113<\/li>\n<li>br\u012bdin\u0101jums par temperat\u016bru j\u0101<\/li>\n<li>produkta laika stacija<\/li>\n<li>laika joslas j\u0101<\/li>\n<li>pilna elektronisk\u0101 apgaismojuma displejs j\u0101<\/li>\n<li>atlikt j\u0101<\/li>\n<li>iesp\u0113ja iestat\u012bt temperat\u016bras vien\u012bbu \u00b0 C \/ \u00b0 F \u00b0 C \/ \u00b0 F<\/li>\n<li>p\u0101rraides frekvence 433 MHz<\/li>\n<li>galven\u0101s vien\u012bbas izm\u0113rs 17 \u00d7 192 \u00d7 127 mm<\/li>\n<li>sensora izm\u0113rs 15 \u00d7 62 \u00d7 100 mm<\/li>\n<li>iepakojums 1 gab., maza kast\u012bte<\/li>\n<\/ul>\n<p><\/p>","protected":false},"excerpt":{"rendered":"<p>Svar\u012bg\u0101kie parametri Mai\u0146str\u0101vas adapteris j\u0101, 5 V DC \/ 300 mA (iek\u013cauts komplekt\u0101) iesp\u0113jamais papildu sensors 3 (E06018) sensora darb\u012bbas r\u0101diuss l\u012bdz 100 m barometrs j\u0101 displeja izm\u0113rs 168 \u00d7 93 mm projekcijas n\u0113 Citi parametri iesp\u0113ja pak\u0101rt pie sienas j\u0101 vadu zonde sensoram n\u0113 \u0101ra temperat\u016bra -50 \u00b0 C l\u012bdz +70 \u00b0 C, iz\u0161\u0137irtsp\u0113ja [&hellip;]<\/p>\n","protected":false},"featured_media":25226,"comment_status":"closed","ping_status":"closed","template":"","meta":{"inline_featured_image":false},"product_cat":[541],"product_tag":[],"yst_prominent_words":[],"class_list":{"0":"post-25195","1":"product","2":"type-product","3":"status-publish","4":"has-post-thumbnail","6":"product_cat-termometri-meteostacijas","8":"first","9":"instock","10":"taxable","11":"shipping-taxable","12":"purchasable","13":"product-type-simple"},"jetpack_sharing_enabled":true,"_links":{"self":[{"href":"https:\/\/ddt.lv\/lv\/wp-json\/wp\/v2\/product\/25195"}],"collection":[{"href":"https:\/\/ddt.lv\/lv\/wp-json\/wp\/v2\/product"}],"about":[{"href":"https:\/\/ddt.lv\/lv\/wp-json\/wp\/v2\/types\/product"}],"replies":[{"embeddable":true,"href":"https:\/\/ddt.lv\/lv\/wp-json\/wp\/v2\/comments?post=25195"}],"wp:featuredmedia":[{"embeddable":true,"href":"https:\/\/ddt.lv\/lv\/wp-json\/wp\/v2\/media\/25226"}],"wp:attachment":[{"href":"https:\/\/ddt.lv\/lv\/wp-json\/wp\/v2\/media?parent=25195"}],"wp:term":[{"taxonomy":"product_cat","embeddable":true,"href":"https:\/\/ddt.lv\/lv\/wp-json\/wp\/v2\/product_cat?post=25195"},{"taxonomy":"product_tag","embeddable":true,"href":"https:\/\/ddt.lv\/lv\/wp-json\/wp\/v2\/product_tag?post=25195"},{"taxonomy":"yst_prominent_words","embeddable":true,"href":"https:\/\/ddt.lv\/lv\/wp-json\/wp\/v2\/yst_prominent_words?post=25195"}],"curies":[{"name":"wp","href":"https:\/\/api.w.org\/{rel}","templated":true}]}}