{"id":25045,"date":"2021-01-26T22:50:15","date_gmt":"2021-01-26T20:50:15","guid":{"rendered":"https:\/\/ddt.lv\/lv\/product\/iebuvejams-led-gaismeklis-7w-560lm-38-4000k-90mm-avide\/"},"modified":"2026-04-01T00:07:52","modified_gmt":"2026-03-31T21:07:52","slug":"iebuvejams-led-gaismeklis-7w-560lm-38-4000k-90mm-avide","status":"publish","type":"product","link":"https:\/\/ddt.lv\/lv\/product\/iebuvejams-led-gaismeklis-7w-560lm-38-4000k-90mm-avide\/","title":{"rendered":"Ieb\u016bv\u0113jams LED gaismeklis 7W 560lm 38&#8242; 4000K 90mm AVIDE"},"content":{"rendered":"<p>Ieb\u016bv\u0113jams LED gaismeklis 7W 560lm 38&#8242; 4000K 90mm AVIDE<\/p>\n","protected":false},"excerpt":{"rendered":"<p>Ieb\u016bv\u0113jams LED gaismeklis 7W 560lm 38&#8242; 4000K 90mm AVIDE<\/p>\n","protected":false},"featured_media":25056,"comment_status":"closed","ping_status":"closed","template":"","meta":{"inline_featured_image":false},"product_cat":[772,894],"product_tag":[],"yst_prominent_words":[],"class_list":{"0":"post-25045","1":"product","2":"type-product","3":"status-publish","4":"has-post-thumbnail","6":"product_cat-atlaides","7":"product_cat-led-iebuvejamie-gaismekli","9":"first","10":"instock","11":"sale","12":"taxable","13":"shipping-taxable","14":"purchasable","15":"product-type-simple"},"jetpack_sharing_enabled":true,"_links":{"self":[{"href":"https:\/\/ddt.lv\/lv\/wp-json\/wp\/v2\/product\/25045"}],"collection":[{"href":"https:\/\/ddt.lv\/lv\/wp-json\/wp\/v2\/product"}],"about":[{"href":"https:\/\/ddt.lv\/lv\/wp-json\/wp\/v2\/types\/product"}],"replies":[{"embeddable":true,"href":"https:\/\/ddt.lv\/lv\/wp-json\/wp\/v2\/comments?post=25045"}],"wp:featuredmedia":[{"embeddable":true,"href":"https:\/\/ddt.lv\/lv\/wp-json\/wp\/v2\/media\/25056"}],"wp:attachment":[{"href":"https:\/\/ddt.lv\/lv\/wp-json\/wp\/v2\/media?parent=25045"}],"wp:term":[{"taxonomy":"product_cat","embeddable":true,"href":"https:\/\/ddt.lv\/lv\/wp-json\/wp\/v2\/product_cat?post=25045"},{"taxonomy":"product_tag","embeddable":true,"href":"https:\/\/ddt.lv\/lv\/wp-json\/wp\/v2\/product_tag?post=25045"},{"taxonomy":"yst_prominent_words","embeddable":true,"href":"https:\/\/ddt.lv\/lv\/wp-json\/wp\/v2\/yst_prominent_words?post=25045"}],"curies":[{"name":"wp","href":"https:\/\/api.w.org\/{rel}","templated":true}]}}