{"id":25009,"date":"2021-01-25T19:10:18","date_gmt":"2021-01-25T17:10:18","guid":{"rendered":"https:\/\/ddt.lv\/lv\/product\/kempinga-lukturu-kompl-cob-cree-led-6xaaa-emos\/"},"modified":"2026-04-06T10:57:16","modified_gmt":"2026-04-06T07:57:16","slug":"kempinga-lukturu-kompl-cob-cree-led-6xaaa-emos","status":"publish","type":"product","link":"https:\/\/ddt.lv\/lv\/product\/kempinga-lukturu-kompl-cob-cree-led-6xaaa-emos\/","title":{"rendered":"Kempinga lukturu kompl. COB\/CREE LED (6xAAA) EMOS"},"content":{"rendered":"<p>Kempinga lukturu komplekts &#8211; galvas lukturis un laterna no EMOS.<\/p>\n<p>Ide\u0101ls kempinga apr\u012bkojums: divas vienk\u0101r\u0161as, paroc\u012bgas un triecieniztur\u012bgas gaismas ar ilgu kalpo\u0161anas laiku.<\/p>\n<p>1, melna COB LED galven\u0101 lampa ar spilgtumu 110 lm, 15 m gaismas diapazonu un 3 gaismas re\u017e\u012bmiem, 40 stundu gaismas ilgumu<\/p>\n<p>2, za\u013ca CREE LED t\u016brisma lampa ar gaismas pl\u016bsmu 65 lm, diapazons 55 m, 5 apgaismojuma re\u017e\u012bmi un l\u012bdz 100 gab. Akumulatora darb\u012bbas laiks<\/p>\n<p>Baro\u0161ana: 3x AAA mikro baterijas priek\u0161\u0113jam lukturim\/3x AAA mikro baterijas laternai.<\/p>","protected":false},"excerpt":{"rendered":"<p>Kempinga lukturu komplekts &#8211; galvas lukturis un laterna no EMOS. Ide\u0101ls kempinga apr\u012bkojums: divas vienk\u0101r\u0161as, paroc\u012bgas un triecieniztur\u012bgas gaismas ar ilgu kalpo\u0161anas laiku. 1, melna COB LED galven\u0101 lampa ar spilgtumu 110 lm, 15 m gaismas diapazonu un 3 gaismas re\u017e\u012bmiem, 40 stundu gaismas ilgumu 2, za\u013ca CREE LED t\u016brisma lampa ar gaismas pl\u016bsmu 65 [&hellip;]<\/p>\n","protected":false},"featured_media":25018,"comment_status":"closed","ping_status":"closed","template":"","meta":{"inline_featured_image":false},"product_cat":[1594,772,727,729],"product_tag":[],"yst_prominent_words":[],"class_list":{"0":"post-25009","1":"product","2":"type-product","3":"status-publish","4":"has-post-thumbnail","6":"product_cat-lukturi-preces-aktivai-atputai","7":"product_cat-atlaides","8":"product_cat-galvas","9":"product_cat-laternas","11":"first","12":"instock","13":"sale","14":"taxable","15":"shipping-taxable","16":"purchasable","17":"product-type-simple"},"jetpack_sharing_enabled":true,"_links":{"self":[{"href":"https:\/\/ddt.lv\/lv\/wp-json\/wp\/v2\/product\/25009"}],"collection":[{"href":"https:\/\/ddt.lv\/lv\/wp-json\/wp\/v2\/product"}],"about":[{"href":"https:\/\/ddt.lv\/lv\/wp-json\/wp\/v2\/types\/product"}],"replies":[{"embeddable":true,"href":"https:\/\/ddt.lv\/lv\/wp-json\/wp\/v2\/comments?post=25009"}],"wp:featuredmedia":[{"embeddable":true,"href":"https:\/\/ddt.lv\/lv\/wp-json\/wp\/v2\/media\/25018"}],"wp:attachment":[{"href":"https:\/\/ddt.lv\/lv\/wp-json\/wp\/v2\/media?parent=25009"}],"wp:term":[{"taxonomy":"product_cat","embeddable":true,"href":"https:\/\/ddt.lv\/lv\/wp-json\/wp\/v2\/product_cat?post=25009"},{"taxonomy":"product_tag","embeddable":true,"href":"https:\/\/ddt.lv\/lv\/wp-json\/wp\/v2\/product_tag?post=25009"},{"taxonomy":"yst_prominent_words","embeddable":true,"href":"https:\/\/ddt.lv\/lv\/wp-json\/wp\/v2\/yst_prominent_words?post=25009"}],"curies":[{"name":"wp","href":"https:\/\/api.w.org\/{rel}","templated":true}]}}