{"id":25007,"date":"2021-01-25T19:00:21","date_gmt":"2021-01-25T17:00:21","guid":{"rendered":"https:\/\/ddt.lv\/lv\/product\/led-spuldze-emos-gls-a60-e27-14w-230v-1521lm-3000k\/"},"modified":"2026-04-01T00:17:41","modified_gmt":"2026-03-31T21:17:41","slug":"led-spuldze-emos-gls-a60-e27-14w-230v-1521lm-3000k","status":"publish","type":"product","link":"https:\/\/ddt.lv\/lv\/product\/led-spuldze-emos-gls-a60-e27-14w-230v-1521lm-3000k\/","title":{"rendered":"LED spuldze GLS A60 E27 14W 230V 1521lm 3000K EMOS"},"content":{"rendered":"<p>Jaud\u012bga LED spuldze ar lielu l\u016bmenu atdevi maz\u0101 \u230060mm korpus\u0101 no EMOS.<\/p>\n","protected":false},"excerpt":{"rendered":"<p>Jaud\u012bga LED spuldze ar lielu l\u016bmenu atdevi maz\u0101 \u230060mm korpus\u0101 no EMOS.<\/p>\n","protected":false},"featured_media":25010,"comment_status":"closed","ping_status":"closed","template":"","meta":{"inline_featured_image":false},"product_cat":[850],"product_tag":[],"yst_prominent_words":[],"class_list":{"0":"post-25007","1":"product","2":"type-product","3":"status-publish","4":"has-post-thumbnail","6":"product_cat-e27-spuldzes","8":"first","9":"instock","10":"taxable","11":"shipping-taxable","12":"purchasable","13":"product-type-simple"},"jetpack_sharing_enabled":true,"_links":{"self":[{"href":"https:\/\/ddt.lv\/lv\/wp-json\/wp\/v2\/product\/25007"}],"collection":[{"href":"https:\/\/ddt.lv\/lv\/wp-json\/wp\/v2\/product"}],"about":[{"href":"https:\/\/ddt.lv\/lv\/wp-json\/wp\/v2\/types\/product"}],"replies":[{"embeddable":true,"href":"https:\/\/ddt.lv\/lv\/wp-json\/wp\/v2\/comments?post=25007"}],"wp:featuredmedia":[{"embeddable":true,"href":"https:\/\/ddt.lv\/lv\/wp-json\/wp\/v2\/media\/25010"}],"wp:attachment":[{"href":"https:\/\/ddt.lv\/lv\/wp-json\/wp\/v2\/media?parent=25007"}],"wp:term":[{"taxonomy":"product_cat","embeddable":true,"href":"https:\/\/ddt.lv\/lv\/wp-json\/wp\/v2\/product_cat?post=25007"},{"taxonomy":"product_tag","embeddable":true,"href":"https:\/\/ddt.lv\/lv\/wp-json\/wp\/v2\/product_tag?post=25007"},{"taxonomy":"yst_prominent_words","embeddable":true,"href":"https:\/\/ddt.lv\/lv\/wp-json\/wp\/v2\/yst_prominent_words?post=25007"}],"curies":[{"name":"wp","href":"https:\/\/api.w.org\/{rel}","templated":true}]}}