{"id":25006,"date":"2021-01-25T19:00:20","date_gmt":"2021-01-25T17:00:20","guid":{"rendered":"https:\/\/ddt.lv\/lv\/product\/bezvadu-termometrs-ara-un-iekstelpam-ar-displ-4xaaaemos\/"},"modified":"2026-04-13T10:02:07","modified_gmt":"2026-04-13T07:02:07","slug":"bezvadu-termometrs-ara-un-iekstelpam-ar-displ-4xaaaemos","status":"publish","type":"product","link":"https:\/\/ddt.lv\/lv\/product\/bezvadu-termometrs-ara-un-iekstelpam-ar-displ-4xaaaemos\/","title":{"rendered":"Bezvadu termometrs \u0101ra un iek\u0161telp\u0101m ar displ.(4xAAA)EMOS"},"content":{"rendered":"<p>Bezvadu termometrs \u0101ra un iek\u0161telp\u0101m ar displ.(4xAAA)EMOS<\/p>\n","protected":false},"excerpt":{"rendered":"<p>Bezvadu termometrs \u0101ra un iek\u0161telp\u0101m ar displ.(4xAAA)EMOS<\/p>\n","protected":false},"featured_media":25023,"comment_status":"closed","ping_status":"closed","template":"","meta":{"inline_featured_image":false},"product_cat":[541],"product_tag":[],"yst_prominent_words":[],"class_list":{"0":"post-25006","1":"product","2":"type-product","3":"status-publish","4":"has-post-thumbnail","6":"product_cat-termometri-meteostacijas","8":"first","9":"instock","10":"taxable","11":"shipping-taxable","12":"purchasable","13":"product-type-simple"},"jetpack_sharing_enabled":true,"_links":{"self":[{"href":"https:\/\/ddt.lv\/lv\/wp-json\/wp\/v2\/product\/25006"}],"collection":[{"href":"https:\/\/ddt.lv\/lv\/wp-json\/wp\/v2\/product"}],"about":[{"href":"https:\/\/ddt.lv\/lv\/wp-json\/wp\/v2\/types\/product"}],"replies":[{"embeddable":true,"href":"https:\/\/ddt.lv\/lv\/wp-json\/wp\/v2\/comments?post=25006"}],"wp:featuredmedia":[{"embeddable":true,"href":"https:\/\/ddt.lv\/lv\/wp-json\/wp\/v2\/media\/25023"}],"wp:attachment":[{"href":"https:\/\/ddt.lv\/lv\/wp-json\/wp\/v2\/media?parent=25006"}],"wp:term":[{"taxonomy":"product_cat","embeddable":true,"href":"https:\/\/ddt.lv\/lv\/wp-json\/wp\/v2\/product_cat?post=25006"},{"taxonomy":"product_tag","embeddable":true,"href":"https:\/\/ddt.lv\/lv\/wp-json\/wp\/v2\/product_tag?post=25006"},{"taxonomy":"yst_prominent_words","embeddable":true,"href":"https:\/\/ddt.lv\/lv\/wp-json\/wp\/v2\/yst_prominent_words?post=25006"}],"curies":[{"name":"wp","href":"https:\/\/api.w.org\/{rel}","templated":true}]}}