{"id":24921,"date":"2021-01-18T08:01:47","date_gmt":"2021-01-18T06:01:47","guid":{"rendered":"https:\/\/ddt.lv\/lv\/product\/bezvadu-viedtalrunu-ladetajs-5w-trust\/"},"modified":"2026-04-08T14:37:03","modified_gmt":"2026-04-08T11:37:03","slug":"bezvadu-viedtalrunu-ladetajs-5w-trust","status":"publish","type":"product","link":"https:\/\/ddt.lv\/lv\/product\/bezvadu-viedtalrunu-ladetajs-5w-trust\/","title":{"rendered":"Bezvadu viedt\u0101lru\u0146u l\u0101d\u0113t\u0101js 5W TRUST"},"content":{"rendered":"<h3 id=\"mt-result-4\" class=\"mt-translation ng-tns-c10-5\"><span class=\"sentence sentence-4-0\"><span class=\"phrase phrase-4-0-0\"><span class=\"word word-4-0-0\">Raksturojums:<\/span><\/span><\/span><\/h3>\n<ul class=\"product-features-list\">\n<li>Pieskarieties un uzl\u0101d\u0113jiet: vienk\u0101r\u0161i novietojiet savu viedt\u0101lruni uz l\u0101d\u0113t\u0101ja, un tas s\u0101ks uzl\u0101di<\/li>\n<li>Darbojas ar visiem ar Qi savienojamiem viedt\u0101lru\u0146iem, t.sk. <span class=\"sentence sentence-5-0\"><span class=\"phrase phrase-5-0-1-2-3-4-5-6-7-8-9-10-11-12-13-14-15-16-17-18-19-20-21-22-23-24-25-26-27-28-29-30-31-32-33-34-35-36-37-38-39-40-41-42-43-44-45-46-47-48-49-50-51-52-53-54-55-56-57-58-59-60-61-62-63-64-65-66-67-68-69-70-71-72-0-1-2-3-4-5-6-7-8-9-10-11-12-13-14-15-16-17-18-19-20-21-22-23-24-25-26-27-28-29-30-31-32-33-34-35-36-37-38-39-40-41-42-43-44-45-46-47-48-49-50-51-52-53-54-55-56-57-58-59-60-61-62-63-64-65-66-67-68-69-70-71-72-73-74-75-76-77\"><span class=\"word word-5-26-25\">iPhone <\/span><\/span><\/span><span class=\"sentence sentence-5-0\"><span class=\"phrase phrase-5-0-1-2-3-4-5-6-7-8-9-10-11-12-13-14-15-16-17-18-19-20-21-22-23-24-25-26-27-28-29-30-31-32-33-34-35-36-37-38-39-40-41-42-43-44-45-46-47-48-49-50-51-52-53-54-55-56-57-58-59-60-61-62-63-64-65-66-67-68-69-70-71-72-0-1-2-3-4-5-6-7-8-9-10-11-12-13-14-15-16-17-18-19-20-21-22-23-24-25-26-27-28-29-30-31-32-33-34-35-36-37-38-39-40-41-42-43-44-45-46-47-48-49-50-51-52-53-54-55-56-57-58-59-60-61-62-63-64-65-66-67-68-69-70-71-72-73-74-75-76-77\"><span class=\"word word-5-27-26\">XR<\/span>\u00a0<span class=\"word word-5-28-27\">un<\/span>\u00a0<span class=\"word word-5-29-28\">iPhone<\/span>\u00a0<span class=\"word word-5-30-29 sibling-5-30-30\">XS<\/span><\/span><\/span><\/li>\n<li><span class=\"sentence sentence-5-0\"><span class=\"phrase phrase-5-0-1-2-3-4-5-6-7-8-9-10-11-12-13-14-15-16-17-18-19-20-21-22-23-24-25-26-27-28-29-30-31-32-33-34-35-36-37-38-39-40-41-42-43-44-45-46-47-48-49-50-51-52-53-54-55-56-57-58-59-60-61-62-63-64-65-66-67-68-69-70-71-72-0-1-2-3-4-5-6-7-8-9-10-11-12-13-14-15-16-17-18-19-20-21-22-23-24-25-26-27-28-29-30-31-32-33-34-35-36-37-38-39-40-41-42-43-44-45-46-47-48-49-50-51-52-53-54-55-56-57-58-59-60-61-62-63-64-65-66-67-68-69-70-71-72-73-74-75-76-77\"><span class=\"word word-5-30-30 sibling-5-30-29\">XSLED<\/span>\u00a0<span class=\"word word-5-31-31\">indikators<\/span>\u00a0<span class=\"word word-5-32-32 sibling-5-32-33\">ir<\/span>\u00a0<span class=\"word word-5-32-33 sibling-5-32-32\">sader\u012bgs<\/span>\u00a0<span class=\"word word-5-33-34\">ar<\/span>\u00a0<span class=\"word word-5-34-35\">jebkuru<\/span>\u00a0<span class=\"word word-5-37-36\">USB<\/span>\u00a0<span class=\"word word-5-35-37\">l\u0101d\u0113t\u0101ju<\/span>\u00a0<span class=\"word word-5-36-38 word-5-38-38\">ar<\/span>\u00a0<span class=\"word word-5-39-39\">2A<\/span>\u00a0<span class=\"word word-5-40-40\">vai<\/span>\u00a0<span class=\"word word-5-41-41\">vair\u0101k<\/span>\u00a0<span class=\"word word-5-42-42\">(<\/span><span class=\"word word-5-44-43\">micro<\/span><span class=\"word word-5-45-44\">&#8211;<\/span><span class=\"word word-5-46-45\">USB<\/span>\u00a0<span class=\"word word-5-43-46\">kabelis<\/span>\u00a0<span class=\"word word-5-47-47 word-5-48-47\">ietilpst<\/span>\u00a0<span class=\"word word-5-49-48\">komplekt\u0101<\/span><span class=\"word word-5-50-49\">)<\/span><\/span><\/span><\/li>\n<\/ul>\n","protected":false},"excerpt":{"rendered":"<p>Raksturojums: Pieskarieties un uzl\u0101d\u0113jiet: vienk\u0101r\u0161i novietojiet savu viedt\u0101lruni uz l\u0101d\u0113t\u0101ja, un tas s\u0101ks uzl\u0101di Darbojas ar visiem ar Qi savienojamiem viedt\u0101lru\u0146iem, t.sk. iPhone XR\u00a0un\u00a0iPhone\u00a0XS XSLED\u00a0indikators\u00a0ir\u00a0sader\u012bgs\u00a0ar\u00a0jebkuru\u00a0USB\u00a0l\u0101d\u0113t\u0101ju\u00a0ar\u00a02A\u00a0vai\u00a0vair\u0101k\u00a0(micro&#8211;USB\u00a0kabelis\u00a0ietilpst\u00a0komplekt\u0101)<\/p>\n","protected":false},"featured_media":25031,"comment_status":"closed","ping_status":"closed","template":"","meta":{"inline_featured_image":false},"product_cat":[744],"product_tag":[],"yst_prominent_words":[],"class_list":{"0":"post-24921","1":"product","2":"type-product","3":"status-publish","4":"has-post-thumbnail","6":"product_cat-mobilo-telefonu-ladetaji-usb","8":"first","9":"outofstock","10":"taxable","11":"shipping-taxable","12":"purchasable","13":"product-type-simple"},"jetpack_sharing_enabled":true,"_links":{"self":[{"href":"https:\/\/ddt.lv\/lv\/wp-json\/wp\/v2\/product\/24921"}],"collection":[{"href":"https:\/\/ddt.lv\/lv\/wp-json\/wp\/v2\/product"}],"about":[{"href":"https:\/\/ddt.lv\/lv\/wp-json\/wp\/v2\/types\/product"}],"replies":[{"embeddable":true,"href":"https:\/\/ddt.lv\/lv\/wp-json\/wp\/v2\/comments?post=24921"}],"wp:featuredmedia":[{"embeddable":true,"href":"https:\/\/ddt.lv\/lv\/wp-json\/wp\/v2\/media\/25031"}],"wp:attachment":[{"href":"https:\/\/ddt.lv\/lv\/wp-json\/wp\/v2\/media?parent=24921"}],"wp:term":[{"taxonomy":"product_cat","embeddable":true,"href":"https:\/\/ddt.lv\/lv\/wp-json\/wp\/v2\/product_cat?post=24921"},{"taxonomy":"product_tag","embeddable":true,"href":"https:\/\/ddt.lv\/lv\/wp-json\/wp\/v2\/product_tag?post=24921"},{"taxonomy":"yst_prominent_words","embeddable":true,"href":"https:\/\/ddt.lv\/lv\/wp-json\/wp\/v2\/yst_prominent_words?post=24921"}],"curies":[{"name":"wp","href":"https:\/\/api.w.org\/{rel}","templated":true}]}}