{"id":24855,"date":"2021-01-08T16:30:14","date_gmt":"2021-01-08T14:30:14","guid":{"rendered":"https:\/\/ddt.lv\/lv\/product\/led-tejassvece-0-06w-zelta-1xcr2032-vnt-ip20-iep-6-emos\/"},"modified":"2026-04-01T00:16:10","modified_gmt":"2026-03-31T21:16:10","slug":"led-tejassvece-0-06w-zelta-1xcr2032-vnt-ip20-iep-6-emos","status":"publish","type":"product","link":"https:\/\/ddt.lv\/lv\/product\/led-tejassvece-0-06w-zelta-1xcr2032-vnt-ip20-iep-6-emos\/","title":{"rendered":"LED T\u0113jassvece 0.06W zelta (1xCR2032) VNT IP20 iep\/6 EMOS"},"content":{"rendered":"<p>vintage.<br \/>\nizm\u0113rs 3,8 \u00d7 3,8 cm.<br \/>\nlieto\u0161anai iek\u0161telp\u0101s.<br \/>\n (6 \u00d7 CR2032).<br \/>\nLED apgaismojuma avots.<br \/>\ngaismas dio\u017eu skaits 6 \u00d7 1.<br \/>\nstr\u0101vas pat\u0113ri\u0146\u0161 0,06 W.<br \/>\nizejas spriegums 1,5 V DC.<br \/>\nIP20 aizsardz\u012bba.<\/p>\n<p><\/p>","protected":false},"excerpt":{"rendered":"<p>vintage. izm\u0113rs 3,8 \u00d7 3,8 cm. lieto\u0161anai iek\u0161telp\u0101s. (6 \u00d7 CR2032). LED apgaismojuma avots. gaismas dio\u017eu skaits 6 \u00d7 1. str\u0101vas pat\u0113ri\u0146\u0161 0,06 W. izejas spriegums 1,5 V DC. IP20 aizsardz\u012bba.<\/p>\n","protected":false},"featured_media":30455,"comment_status":"closed","ping_status":"closed","template":"","meta":{"inline_featured_image":false},"product_cat":[913],"product_tag":[],"yst_prominent_words":[],"class_list":{"0":"post-24855","1":"product","2":"type-product","3":"status-publish","4":"has-post-thumbnail","6":"product_cat-iekstelpu-dekori-led-virtenes-un-dekoracijas","8":"first","9":"instock","10":"taxable","11":"shipping-taxable","12":"purchasable","13":"product-type-simple"},"jetpack_sharing_enabled":true,"_links":{"self":[{"href":"https:\/\/ddt.lv\/lv\/wp-json\/wp\/v2\/product\/24855"}],"collection":[{"href":"https:\/\/ddt.lv\/lv\/wp-json\/wp\/v2\/product"}],"about":[{"href":"https:\/\/ddt.lv\/lv\/wp-json\/wp\/v2\/types\/product"}],"replies":[{"embeddable":true,"href":"https:\/\/ddt.lv\/lv\/wp-json\/wp\/v2\/comments?post=24855"}],"wp:featuredmedia":[{"embeddable":true,"href":"https:\/\/ddt.lv\/lv\/wp-json\/wp\/v2\/media\/30455"}],"wp:attachment":[{"href":"https:\/\/ddt.lv\/lv\/wp-json\/wp\/v2\/media?parent=24855"}],"wp:term":[{"taxonomy":"product_cat","embeddable":true,"href":"https:\/\/ddt.lv\/lv\/wp-json\/wp\/v2\/product_cat?post=24855"},{"taxonomy":"product_tag","embeddable":true,"href":"https:\/\/ddt.lv\/lv\/wp-json\/wp\/v2\/product_tag?post=24855"},{"taxonomy":"yst_prominent_words","embeddable":true,"href":"https:\/\/ddt.lv\/lv\/wp-json\/wp\/v2\/yst_prominent_words?post=24855"}],"curies":[{"name":"wp","href":"https:\/\/api.w.org\/{rel}","templated":true}]}}