{"id":24595,"date":"2020-12-11T14:40:16","date_gmt":"2020-12-11T12:40:16","guid":{"rendered":"https:\/\/ddt.lv\/lv\/product\/blenderis-desire-jug-24720-56-sarkans-russell-hobbs\/"},"modified":"2026-04-13T09:56:27","modified_gmt":"2026-04-13T06:56:27","slug":"blenderis-desire-jug-24720-56-sarkans-russell-hobbs","status":"publish","type":"product","link":"https:\/\/ddt.lv\/lv\/product\/blenderis-desire-jug-24720-56-sarkans-russell-hobbs\/","title":{"rendered":"Kr\u016bzes Blenderis DESIRE JUG 24720-56 sarkans Russell Hobbs"},"content":{"rendered":"<p>Ja esat \u012bstens \u0113diena baud\u012bt\u0101js un m\u012blat gatavot, sp\u0113siet nov\u0113rt\u0113t Desire Jug Blenderi no Russell Hobbs. \u0160is blenderis b\u016bs v\u0113rt\u012bgs pal\u012bgs ikvien\u0101 virtuv\u0113.<\/p>\n","protected":false},"excerpt":{"rendered":"<p>Ja esat \u012bstens \u0113diena baud\u012bt\u0101js un m\u012blat gatavot, sp\u0113siet nov\u0113rt\u0113t Desire Jug Blenderi no Russell Hobbs. \u0160is blenderis b\u016bs v\u0113rt\u012bgs pal\u012bgs ikvien\u0101 virtuv\u0113.<\/p>\n","protected":false},"featured_media":24596,"comment_status":"closed","ping_status":"closed","template":"","meta":{"inline_featured_image":false},"product_cat":[535],"product_tag":[],"yst_prominent_words":[],"class_list":{"0":"post-24595","1":"product","2":"type-product","3":"status-publish","4":"has-post-thumbnail","6":"product_cat-blenderimikserisulasspiedes","8":"first","9":"outofstock","10":"taxable","11":"shipping-taxable","12":"purchasable","13":"product-type-simple"},"jetpack_sharing_enabled":true,"_links":{"self":[{"href":"https:\/\/ddt.lv\/lv\/wp-json\/wp\/v2\/product\/24595"}],"collection":[{"href":"https:\/\/ddt.lv\/lv\/wp-json\/wp\/v2\/product"}],"about":[{"href":"https:\/\/ddt.lv\/lv\/wp-json\/wp\/v2\/types\/product"}],"replies":[{"embeddable":true,"href":"https:\/\/ddt.lv\/lv\/wp-json\/wp\/v2\/comments?post=24595"}],"wp:featuredmedia":[{"embeddable":true,"href":"https:\/\/ddt.lv\/lv\/wp-json\/wp\/v2\/media\/24596"}],"wp:attachment":[{"href":"https:\/\/ddt.lv\/lv\/wp-json\/wp\/v2\/media?parent=24595"}],"wp:term":[{"taxonomy":"product_cat","embeddable":true,"href":"https:\/\/ddt.lv\/lv\/wp-json\/wp\/v2\/product_cat?post=24595"},{"taxonomy":"product_tag","embeddable":true,"href":"https:\/\/ddt.lv\/lv\/wp-json\/wp\/v2\/product_tag?post=24595"},{"taxonomy":"yst_prominent_words","embeddable":true,"href":"https:\/\/ddt.lv\/lv\/wp-json\/wp\/v2\/yst_prominent_words?post=24595"}],"curies":[{"name":"wp","href":"https:\/\/api.w.org\/{rel}","templated":true}]}}