{"id":24487,"date":"2020-12-04T16:10:16","date_gmt":"2020-12-04T14:10:16","guid":{"rendered":"https:\/\/ddt.lv\/lv\/product\/led-spuldze-emos-augstas-krasu-izskirtspejas-ra96-gls-a60-e27-12-5w-230v-1060lm-2700k\/"},"modified":"2026-04-08T14:36:42","modified_gmt":"2026-04-08T11:36:42","slug":"led-spuldze-emos-augstas-krasu-izskirtspejas-ra96-gls-a60-e27-12-5w-230v-1060lm-2700k","status":"publish","type":"product","link":"https:\/\/ddt.lv\/lv\/product\/led-spuldze-emos-augstas-krasu-izskirtspejas-ra96-gls-a60-e27-12-5w-230v-1060lm-2700k\/","title":{"rendered":"LED spuldze EMOS, augstas kr\u0101su iz\u0161\u0137irtsp\u0113jas (Ra&gt;96), GLS A60 E27 12.5W 230V 1060lm 2700K"},"content":{"rendered":"<p>Emos ir viens no vado\u0161ajiem Eiropas LED gaismas avotu ra\u017eot\u0101jiem. \u0160o ra\u017eot\u0101ju raksturo gadiem ilgi kr\u0101t\u0101 pieredze un inovat\u012bvi risin\u0101jumi m\u0101ksl\u012bg\u0101 apgaismojuma ra\u017eo\u0161an\u0101. Emos spuld\u017eu galven\u0101s iez\u012bmes: augsta gaismas atdeve un ilgs kalpo\u0161anas m\u016b\u017es! Ar RA&gt;96 apz\u012bm\u0113 cilv\u0113ka acij vispat\u012bkam\u0101ko gaismas spektru.<\/p>\n","protected":false},"excerpt":{"rendered":"<p>Emos ir viens no vado\u0161ajiem Eiropas LED gaismas avotu ra\u017eot\u0101jiem. \u0160o ra\u017eot\u0101ju raksturo gadiem ilgi kr\u0101t\u0101 pieredze un inovat\u012bvi risin\u0101jumi m\u0101ksl\u012bg\u0101 apgaismojuma ra\u017eo\u0161an\u0101. Emos spuld\u017eu galven\u0101s iez\u012bmes: augsta gaismas atdeve un ilgs kalpo\u0161anas m\u016b\u017es! Ar RA&gt;96 apz\u012bm\u0113 cilv\u0113ka acij vispat\u012bkam\u0101ko gaismas spektru.<\/p>\n","protected":false},"featured_media":24488,"comment_status":"closed","ping_status":"closed","template":"","meta":{"inline_featured_image":false},"product_cat":[772,850],"product_tag":[],"yst_prominent_words":[],"class_list":{"0":"post-24487","1":"product","2":"type-product","3":"status-publish","4":"has-post-thumbnail","6":"product_cat-atlaides","7":"product_cat-e27-spuldzes","9":"first","10":"instock","11":"sale","12":"taxable","13":"shipping-taxable","14":"purchasable","15":"product-type-simple"},"jetpack_sharing_enabled":true,"_links":{"self":[{"href":"https:\/\/ddt.lv\/lv\/wp-json\/wp\/v2\/product\/24487"}],"collection":[{"href":"https:\/\/ddt.lv\/lv\/wp-json\/wp\/v2\/product"}],"about":[{"href":"https:\/\/ddt.lv\/lv\/wp-json\/wp\/v2\/types\/product"}],"replies":[{"embeddable":true,"href":"https:\/\/ddt.lv\/lv\/wp-json\/wp\/v2\/comments?post=24487"}],"wp:featuredmedia":[{"embeddable":true,"href":"https:\/\/ddt.lv\/lv\/wp-json\/wp\/v2\/media\/24488"}],"wp:attachment":[{"href":"https:\/\/ddt.lv\/lv\/wp-json\/wp\/v2\/media?parent=24487"}],"wp:term":[{"taxonomy":"product_cat","embeddable":true,"href":"https:\/\/ddt.lv\/lv\/wp-json\/wp\/v2\/product_cat?post=24487"},{"taxonomy":"product_tag","embeddable":true,"href":"https:\/\/ddt.lv\/lv\/wp-json\/wp\/v2\/product_tag?post=24487"},{"taxonomy":"yst_prominent_words","embeddable":true,"href":"https:\/\/ddt.lv\/lv\/wp-json\/wp\/v2\/yst_prominent_words?post=24487"}],"curies":[{"name":"wp","href":"https:\/\/api.w.org\/{rel}","templated":true}]}}